{"id":10781,"date":"2022-05-16T09:55:24","date_gmt":"2022-05-16T08:55:24","guid":{"rendered":"https:\/\/lghealthisystems.eu\/was-filtert-die-haushaltsumkehrosmose\/"},"modified":"2024-04-11T11:01:47","modified_gmt":"2024-04-11T10:01:47","slug":"was-filtert-die-haushaltsumkehrosmose","status":"publish","type":"page","link":"https:\/\/lghealthisystems.eu\/de\/was-filtert-die-haushaltsumkehrosmose\/","title":{"rendered":"Was filtert die Haushaltsumkehrosmose?"},"content":{"rendered":"<h1>Welche Elemente entfernt unsere Haushaltsumkehrosmoseanlage?<\/p>\n<h2 style=\"font-size:1.2rem;\">(und die keine anderen Maschinen filtern)<\/h2>\n<\/h1>\n<p>\t\t<strong>Alle diese toxischen Elemente sind in dem Wasser,<\/strong> das wir t\u00e4glich trinken, mehr oder weniger stark vorhanden, aber sie sind vorhanden.<br \/>\nOb in Flaschenwasser oder Leitungswasser. <strong>Nur unsere h\u00e4usliche Umkehrosmose ist in der Lage, das Vorhandensein dieser Elemente<\/strong> im Wasser vollst\u00e4ndig zu beseitigen.\t\t<\/p>\n<figure><img loading=\"lazy\" decoding=\"async\" width=\"64\" height=\"64\" src=\"https:\/\/lghealthisystems.eu\/wp-content\/uploads\/2022\/05\/osmosis-inversa-domestica-bacterias-y-virus.png\" alt=\"\" loading=\"lazy\" \/><\/figure>\n<h2>Bakterien und Viren<\/h2>\n<p>Bakterien wie Escherichia coli und coliforme Bakterien geh\u00f6ren zu den h\u00e4ufigsten Bakterien in Wassersystemen. Sie k\u00f6nnen zu Problemen im Verdauungssystem wie Durchfall, starken Bauchschmerzen oder Magen-Darm-Infektionen f\u00fchren.<\/p>\n<figure><img loading=\"lazy\" decoding=\"async\" width=\"64\" height=\"64\" src=\"https:\/\/lghealthisystems.eu\/wp-content\/uploads\/2022\/05\/osmosis-inversa-domestica-pesticida.png\" alt=\"\" loading=\"lazy\" \/><\/figure>\n<h2>Pestizide im Wasser<\/h2>\n<p>Pestizide werden eingesetzt, um Sch\u00e4dlinge abzut\u00f6ten, zu vertreiben oder ihr Wachstum zu regulieren. Das Problem ist jedoch, dass sie durch unsachgem\u00e4\u00dfe Verwendung in unsere Wassersysteme gelangen.<\/p>\n<figure><img loading=\"lazy\" decoding=\"async\" width=\"64\" height=\"64\" src=\"https:\/\/lghealthisystems.eu\/wp-content\/uploads\/2022\/05\/osmosis-inversa-domestica-arsenico.png\" alt=\"\" loading=\"lazy\" \/><\/figure>\n<h2>Arsen im Wasser<\/h2>\n<p>Eine Studie der Gesellschaft f\u00fcr Risikoanalyse (SRA) behauptet, dass der Verzehr von anorganischem Arsen eine kumulative Wirkung auf unseren K\u00f6rper hat und zu langfristigen Krankheiten f\u00fchren kann.<\/p>\n<figure><img loading=\"lazy\" decoding=\"async\" width=\"64\" height=\"64\" src=\"https:\/\/lghealthisystems.eu\/wp-content\/uploads\/2022\/05\/osmosis-inversa-domestica-nuez.png\" alt=\"\" loading=\"lazy\" \/><\/figure>\n<h2>Schwermetalle im Wasser<\/h2>\n<p>Kupfer, Blei, Zink, Cadmium und andere Schwermetalle sind im Trinkwasser enthalten. L\u00e4ngerer Konsum von mit diesen Metallen verunreinigtem Wasser kann Magen-Darm-, Nieren-, Knochen- und Herz-Kreislauf-Probleme verursachen.<\/p>\n<figure><img loading=\"lazy\" decoding=\"async\" width=\"64\" height=\"64\" src=\"https:\/\/lghealthisystems.eu\/wp-content\/uploads\/2022\/05\/osmosis-inversa-domestica-cianuro.png\" alt=\"\" loading=\"lazy\" \/><\/figure>\n<h2>Zyanid im Wasser<\/h2>\n<p>Nach Angaben der US Centers for Disease Control and Prevention verhindert Cyanid, dass Sauerstoff zu anderen Zellen im K\u00f6rper gelangt, und behindert so den Prozess der Zellatmung.<\/p>\n<figure><img loading=\"lazy\" decoding=\"async\" width=\"64\" height=\"64\" src=\"https:\/\/lghealthisystems.eu\/wp-content\/uploads\/2022\/05\/osmosis-inversa-domestica-fluor.png\" alt=\"\" loading=\"lazy\" \/><\/figure>\n<h2>Fluorid im Wasser<\/h2>\n<p>Nach den Empfehlungen der American Diabetes Association (ADA), die sich auf eine von der spanischen Regierung durchgef\u00fchrte Studie st\u00fctzen, sollte Wasser mit hohem Fluoridgehalt von S\u00e4uglingen und Kindern unter 8 Jahren nicht zum t\u00e4glichen Verzehr verwendet werden.<\/p>\n<figure><img loading=\"lazy\" decoding=\"async\" width=\"64\" height=\"64\" src=\"https:\/\/lghealthisystems.eu\/wp-content\/uploads\/2022\/05\/osmosis-inversa-domestica-nitrato.png\" alt=\"\" loading=\"lazy\" \/><\/figure>\n<h2>Nitrate im Wasser<\/h2>\n<p>Nach Angaben von Greenpeace stellt das Ministerium f\u00fcr den \u00f6kologischen Wandel und die demografische Herausforderung fest, dass 30 % der Grundwassermessstellen und 50 % der Oberfl\u00e4chengew\u00e4sser eine suboptimale Qualit\u00e4t aufweisen, da die Nitratverunreinigung bei S\u00e4uglingen Meth\u00e4moglobin\u00e4mie und bei h\u00f6heren Konzentrationen Erstickungsanf\u00e4lle und Magenprobleme verursacht.<\/p>\n<figure><img loading=\"lazy\" decoding=\"async\" width=\"64\" height=\"64\" src=\"https:\/\/lghealthisystems.eu\/wp-content\/uploads\/2022\/05\/osmosis-inversa-domestica-cloro.png\" alt=\"\" loading=\"lazy\" \/><\/figure>\n<h2>Chlor im Wasser<\/h2>\n<p>Das im Wasser enthaltene Chlor kann Chlorierungsnebenprodukte bilden, die mit einer Zunahme verschiedener Krankheiten in Verbindung gebracht wurden. Dies h\u00e4ngt haupts\u00e4chlich von der Menge des verwendeten Chlors ab. Dar\u00fcber hinaus hat sich gezeigt, dass ein hoher Chlorgehalt im Wasser dessen Geruch und Geschmack ver\u00e4ndern kann.<\/p>\n<figure><img loading=\"lazy\" decoding=\"async\" width=\"64\" height=\"64\" src=\"https:\/\/lghealthisystems.eu\/wp-content\/uploads\/2022\/05\/osmosis-inversa-domestica-cloroformo-2.png\" alt=\"\" loading=\"lazy\" \/><\/figure>\n<h2>Chloroform in Wasser<\/h2>\n<p>Das Registro Estatal de Emisiones y Fuentes Contaminantes der spanischen Regierung und die Agency for Toxic Substances and Disease Registry der CDC geben an, dass die Exposition gegen\u00fcber gro\u00dfen Mengen dieser Substanz das zentrale Nervensystem, die Leber und die Nieren beeintr\u00e4chtigen kann.<\/p>\n<figure><img loading=\"lazy\" decoding=\"async\" width=\"64\" height=\"64\" src=\"https:\/\/lghealthisystems.eu\/wp-content\/uploads\/2022\/05\/osmosis-inversa-domestica-aluminio.png\" alt=\"\" loading=\"lazy\" \/><\/figure>\n<h2>Aluminium in Wasser<\/h2>\n<p>Aluminium gilt als ungiftiges Element. Es stellt jedoch ein Gesundheitsrisiko dar, wenn eine hohe Exposition vorliegt. Ebenso gilt: Je mehr wir den Aluminiumgehalt in unserem Wasser reduzieren, desto besser.<\/p>\n<figure><img loading=\"lazy\" decoding=\"async\" width=\"64\" height=\"64\" src=\"https:\/\/lghealthisystems.eu\/wp-content\/uploads\/2022\/05\/osmosis-inversa-domestica-hierro.png\" alt=\"\" loading=\"lazy\" \/><\/figure>\n<h2>Eisen und Mangan im Wasser<\/h2>\n<p>Eisen und Mangan sind zwei der h\u00e4ufigsten chemischen Verunreinigungen in Trinkwasserquellen. Wasser, das mit Eisen und Mangan verunreinigt ist, enth\u00e4lt fast immer Bakterien, die sich von den Mineralien im Wasser ern\u00e4hren, das wir trinken.<\/p>\n<figure><img loading=\"lazy\" decoding=\"async\" width=\"64\" height=\"64\" src=\"https:\/\/lghealthisystems.eu\/wp-content\/uploads\/2022\/05\/osmosis-inversa-domestica-sulfato.png\" alt=\"\" loading=\"lazy\" \/><\/figure>\n<h2>Sulfat in Wasser<\/h2>\n<p>Laut einer Studie der Generaldirektion f\u00fcr \u00f6ffentliche Gesundheit und Partizipation des Ministeriums f\u00fcr Gesundheit und Verbraucherschutz der Regierung der Balearen kann Trinkwasser mit hohem Sulfatgehalt eine abf\u00fchrende Wirkung auf den Menschen haben.<\/p>\n<figure><img loading=\"lazy\" decoding=\"async\" width=\"64\" height=\"64\" src=\"https:\/\/lghealthisystems.eu\/wp-content\/uploads\/2022\/05\/osmosis-inversa-domestica-calcio.png\" alt=\"\" loading=\"lazy\" \/><\/figure>\n<h2>Calcium und Magnesium im Wasser<\/h2>\n<p>In Wasser mit hohem H\u00e4rtegrad \u00fcberwiegt der hohe Anteil an Kalk und Magnesium. Obwohl das Trinken von hartem Wasser mehr Mineralien liefert als weiches Wasser, kann das Trinken von Wasser mit einem hohen Gehalt an Magnesium- und Kalziumsalzen zur Bildung von Nierensteinen f\u00fchren, wie eine Studie des Instituts f\u00fcr \u00f6ffentliche Gesundheit und Arbeitsmedizin von Navarra zeigt.<\/p>\n<figure><img loading=\"lazy\" decoding=\"async\" width=\"64\" height=\"64\" src=\"https:\/\/lghealthisystems.eu\/wp-content\/uploads\/2022\/05\/osmosis-inversa-domestica-estroncio.png\" alt=\"\" loading=\"lazy\" \/><\/figure>\n<h2>Strontium in Wasser<\/h2>\n<p>Strontium kommt \u00fcber Lebensmittel und Trinkwasser mit uns in Kontakt. Nach Angaben der Agency for Toxic Substances and Disease Registry (ATSDR) kann das Einatmen oder die Einnahme hoher Strontiumkonzentrationen das Knochenwachstum bei Kindern st\u00f6ren und zu Blutarmut f\u00fchren.<\/p>\n<figure><img loading=\"lazy\" decoding=\"async\" width=\"64\" height=\"64\" src=\"https:\/\/lghealthisystems.eu\/wp-content\/uploads\/2022\/05\/osmosis-inversa-domestica-glifosato-1.png\" alt=\"\" loading=\"lazy\" \/><\/figure>\n<h2>Glyphosat im Wasser<\/h2>\n<p>Die Exposition gegen\u00fcber gro\u00dfen oder kontinuierlichen Mengen von Glyphosat kann schwere Symptome wie Bauchkr\u00e4mpfe, Kurzatmigkeit, Schl\u00e4frigkeit, niedrigen Blutdruck und sogar Nierenversagen verursachen.<\/p>\n<p>\t\t\t<a href=\"https:\/\/lghealthisystems.eu\/wp-content\/uploads\/2022\/07\/informe_AL_gl.pdf\" target=\"_blank\" role=\"button\" rel=\"noopener\"><br \/>\n\t\t\t\t\t\tSiehe den mikrobiologischen Bericht<br \/>\n\t\t\t\t\t<\/a><\/p>\n<h3>Bibliographische Referenzen<\/h3>\n<ul>\n<li><a href=\"https:\/\/www.atsdr.cdc.gov\/es\/phs\/es_phs8.html\">Agencia para Sustancias T\u00f3xicas y el Registro de Enfermedades. (2016).\u00a0<em>Res\u00famenes de Salud P\u00fablica \u2013 Cianuro (Cyanide)<\/em>.<\/a><\/li>\n<\/ul>\n<ul>\n<li><a href=\"https:\/\/www.atsdr.cdc.gov\/es\/phs\/es_phs6.html#\">Agencia para Sustancias T\u00f3xicas y el Registro de Enfermedades. (2016). Cloroformo (Chloroform)<\/a><\/li>\n<\/ul>\n<ul>\n<li><a href=\"https:\/\/www.caib.es\/sites\/salutambiental\/es\/sulfats-26202\/\">Direcci\u00f3n General de Salud P\u00fablica y Participaci\u00f3n. (s\/f).\u00a0<em>Preguntas y respuestas sobre los sulfatos en el agua de consumo humano.\u00a0<\/em>Gobierno de las Islas Baleares.<\/a><\/li>\n<\/ul>\n<ul>\n<li><a href=\"https:\/\/texaswater.tamu.edu\/resources\/factsheets\/l5451sironandman.pdf\">Dozier, Monty &amp; McFarland, Mark. (2004).\u00a0<em>Drinking Water Problems: Iron and Manganese.<\/em><\/a><\/li>\n<\/ul>\n<ul>\n<li><a href=\"https:\/\/www.sanidad.gob.es\/biblioPublic\/publicaciones\/recursos_propios\/resp\/revista_cdrom\/VOL93\/ORIGINALES\/RS93C_201912110.pdf\">Gallego, S. M., Mart\u00ednez, Y., Serna-Mu\u00f1oz, C., P\u00e9rez-Silva, A., Cury, J., &amp; Ortiz, A.J. (2019). Concentraci\u00f3n de fl\u00faor y metales pesados en aguas embotelladas: medidas barrera frente a caries dental y fluorosis.\u00a0<i>Revista Espa\u00f1ola de Salud P\u00fablica<\/i>,\u00a0<i>93<\/i>.<\/a><\/li>\n<\/ul>\n<ul>\n<li><a href=\"https:\/\/es.greenpeace.org\/es\/sala-de-prensa\/comunicados\/greenpeace-mide-los-nitratos-en-el-agua-en-casi-250-puntos-de-espana-y-los-de-zamora-son-de-los-mas-contaminados\/\">Greenpeace. (2021).\u00a0<em>Greenpeace mide los nitratos en el agua en casi 250 puntos de Espa\u00f1a y los de Zamora son de los m\u00e1s contaminados.<\/em><\/a><\/li>\n<\/ul>\n<ul>\n<li><a href=\"https:\/\/doi.org\/10.18684\/BSAA(14)145-153\">Londo\u00f1o, L. F., Londo\u00f1o, P. T., &amp; Mu\u00f1oz, F.G. (2016).\u00a0<em>Los riesgos de los metales pesados en la salud humana y animal<\/em>. Biotecnolog\u00eda en el Sector Agropecuario y Agroindustrial, 14(2), 145-153.<\/a><\/li>\n<\/ul>\n<ul>\n<li><a href=\"https:\/\/www.sanidad.gob.es\/profesionales\/saludPublica\/docs\/INFORME_AC_2020.pdf\">Ministerio de Sanidad. (2021).\u00a0<em>Calidad del agua de consumo en Espa\u00f1a 2020<\/em>. Gobierno de Espa\u00f1a.<\/a><\/li>\n<\/ul>\n<ul>\n<li><a href=\"https:\/\/www.miteco.gob.es\/es\/agua\/temas\/estado-y-calidad-de-las-aguas\/proteccion-nitratos-pesticidas\/impacto-calidad-agua\/\">Ministerio para la Transici\u00f3n Ecol\u00f3gica y el Reto Demogr\u00e1fico (2020).\u00a0<em>Impacto de los nitratos y pesticidas en el uso y calidad de las aguas<\/em>. Gobierno de Espa\u00f1a.<\/a><\/li>\n<\/ul>\n<ul>\n<li><a href=\"https:\/\/www.pseau.org\/outils\/ouvrages\/oms_guias_para_la_calidad_del_agua_de_consumo_humano_2018.pdf\">Organizaci\u00f3n Mundial de la Salud (2018).\u00a0<em>Gu\u00edas para la calidad del agua de consumo humano.<\/em>\u00a0[Guidelines for drinking-water quality]. Ginebra. Licencia: CC BY-NC-SA 3.0 IGO.<\/a><\/li>\n<\/ul>\n<ul>\n<li><a href=\"https:\/\/prtr-es.es\/Triclorometano,15645,11,2007.html\">Registro Estatal de Emisiones y Fuentes Contaminantes. (2007).\u00a0<em>Definici\u00f3n de TRICLOROMETANO<\/em>. PRTR-Espa\u00f1a.<\/a><\/li>\n<\/ul>\n<ul>\n<li><a href=\"https:\/\/www.scielo.cl\/scielo.php?script=sci_arttext&amp;pid=S0034-98872017000200012\">Romero, V., Norris, F., R\u00edos, J., Cort\u00e9s, I., Gonz\u00e1lez, A., Gaete, L., &amp; Tchernitchin, A. (2017). Consecuencias de la fluoraci\u00f3n del agua potable en la salud humana.\u00a0<em>Revista m\u00e9dica de Chile<\/em>, 145(2), 240-249.<\/a><\/li>\n<\/ul>\n<ul>\n<li><a href=\"https:\/\/onlinelibrary.wiley.com\/doi\/10.1111\/j.1539-6924.2005.00698.x\">Shaw, W.D., Walker, M. and Benson, M. (2005), Treating and Drinking Well Water in the Presence of Health Risks from Arsenic Contamination: Results from a U.S. Hot Spot. Risk Analysis, 25: 1531-1543.<\/a><\/li>\n<\/ul>\n<ul>\n<li><a href=\"https:\/\/es.statista.com\/temas\/6553\/la-industria-de-los-pesticidas-en-espana\/#dossierKeyfigures\" target=\"_blank\" rel=\"noopener\">Statista Research Department (2021).\u00a0<em>La industria fitosanitaria en Espa\u00f1a \u2013 Datos estad\u00edsticos.<\/em><\/a><\/li>\n<\/ul>\n","protected":false},"excerpt":{"rendered":"<p>Welche Elemente entfernt unsere Haushaltsumkehrosmoseanlage? (und die keine anderen Maschinen filtern) Alle diese toxischen Elemente sind in dem Wasser, das<\/p>\n","protected":false},"author":1,"featured_media":0,"parent":0,"menu_order":0,"comment_status":"closed","ping_status":"closed","template":"","meta":{"footnotes":""},"class_list":["post-10781","page","type-page","status-publish","hentry"],"yoast_head":"<!-- This site is optimized with the Yoast SEO plugin v27.3 - https:\/\/yoast.com\/product\/yoast-seo-wordpress\/ -->\n<title>Was filtert die Haushaltsumkehrosmose? - LG Health iSystems<\/title>\n<meta name=\"description\" content=\"Finden Sie heraus, welche toxischen Elemente im Wasser durch unsere Haushaltsumkehrosmoseanlage vollst\u00e4ndig entfernt werden k\u00f6nnen.\" \/>\n<meta name=\"robots\" content=\"index, follow, max-snippet:-1, max-image-preview:large, max-video-preview:-1\" \/>\n<link rel=\"canonical\" href=\"https:\/\/lghealthisystems.eu\/de\/was-filtert-die-haushaltsumkehrosmose\/\" \/>\n<meta property=\"og:locale\" content=\"de_DE\" \/>\n<meta property=\"og:type\" content=\"article\" \/>\n<meta property=\"og:title\" content=\"Was filtert die Haushaltsumkehrosmose? - LG Health iSystems\" \/>\n<meta property=\"og:description\" content=\"Finden Sie heraus, welche toxischen Elemente im Wasser durch unsere Haushaltsumkehrosmoseanlage vollst\u00e4ndig entfernt werden k\u00f6nnen.\" \/>\n<meta property=\"og:url\" content=\"https:\/\/lghealthisystems.eu\/de\/was-filtert-die-haushaltsumkehrosmose\/\" \/>\n<meta property=\"og:site_name\" content=\"LG Health iSystems\" \/>\n<meta property=\"article:modified_time\" content=\"2024-04-11T10:01:47+00:00\" \/>\n<meta property=\"og:image\" content=\"https:\/\/lghealthisystems.eu\/wp-content\/uploads\/2022\/05\/osmosis-inversa-domestica-bacterias-y-virus.png\" \/>\n<meta name=\"twitter:card\" content=\"summary_large_image\" \/>\n<meta name=\"twitter:label1\" content=\"Gesch\u00e4tzte Lesezeit\" \/>\n\t<meta name=\"twitter:data1\" content=\"8\u00a0Minuten\" \/>\n<script type=\"application\/ld+json\" class=\"yoast-schema-graph\">{\"@context\":\"https:\\\/\\\/schema.org\",\"@graph\":[{\"@type\":\"WebPage\",\"@id\":\"https:\\\/\\\/lghealthisystems.eu\\\/de\\\/was-filtert-die-haushaltsumkehrosmose\\\/\",\"url\":\"https:\\\/\\\/lghealthisystems.eu\\\/de\\\/was-filtert-die-haushaltsumkehrosmose\\\/\",\"name\":\"Was filtert die Haushaltsumkehrosmose? - LG Health iSystems\",\"isPartOf\":{\"@id\":\"https:\\\/\\\/lghealthisystems.eu\\\/#website\"},\"primaryImageOfPage\":{\"@id\":\"https:\\\/\\\/lghealthisystems.eu\\\/de\\\/was-filtert-die-haushaltsumkehrosmose\\\/#primaryimage\"},\"image\":{\"@id\":\"https:\\\/\\\/lghealthisystems.eu\\\/de\\\/was-filtert-die-haushaltsumkehrosmose\\\/#primaryimage\"},\"thumbnailUrl\":\"https:\\\/\\\/lghealthisystems.eu\\\/wp-content\\\/uploads\\\/2022\\\/05\\\/osmosis-inversa-domestica-bacterias-y-virus.png\",\"datePublished\":\"2022-05-16T08:55:24+00:00\",\"dateModified\":\"2024-04-11T10:01:47+00:00\",\"description\":\"Finden Sie heraus, welche toxischen Elemente im Wasser durch unsere Haushaltsumkehrosmoseanlage vollst\u00e4ndig entfernt werden k\u00f6nnen.\",\"breadcrumb\":{\"@id\":\"https:\\\/\\\/lghealthisystems.eu\\\/de\\\/was-filtert-die-haushaltsumkehrosmose\\\/#breadcrumb\"},\"inLanguage\":\"de\",\"potentialAction\":[{\"@type\":\"ReadAction\",\"target\":[\"https:\\\/\\\/lghealthisystems.eu\\\/de\\\/was-filtert-die-haushaltsumkehrosmose\\\/\"]}]},{\"@type\":\"ImageObject\",\"inLanguage\":\"de\",\"@id\":\"https:\\\/\\\/lghealthisystems.eu\\\/de\\\/was-filtert-die-haushaltsumkehrosmose\\\/#primaryimage\",\"url\":\"https:\\\/\\\/lghealthisystems.eu\\\/wp-content\\\/uploads\\\/2022\\\/05\\\/osmosis-inversa-domestica-bacterias-y-virus.png\",\"contentUrl\":\"https:\\\/\\\/lghealthisystems.eu\\\/wp-content\\\/uploads\\\/2022\\\/05\\\/osmosis-inversa-domestica-bacterias-y-virus.png\"},{\"@type\":\"BreadcrumbList\",\"@id\":\"https:\\\/\\\/lghealthisystems.eu\\\/de\\\/was-filtert-die-haushaltsumkehrosmose\\\/#breadcrumb\",\"itemListElement\":[{\"@type\":\"ListItem\",\"position\":1,\"name\":\"Portada\",\"item\":\"https:\\\/\\\/lghealthisystems.eu\\\/\"},{\"@type\":\"ListItem\",\"position\":2,\"name\":\"Was filtert die Haushaltsumkehrosmose?\"}]},{\"@type\":\"WebSite\",\"@id\":\"https:\\\/\\\/lghealthisystems.eu\\\/#website\",\"url\":\"https:\\\/\\\/lghealthisystems.eu\\\/\",\"name\":\"LG Health iSystems\",\"description\":\"Purifica tu agua de grifo en 3 segundos con nuestra m\u00e1quina de \u00f3smosis inversa dom\u00e9stica. \u00a1Capaz de eliminar todos los elementos t\u00f3xicos presentes en el agua!\",\"publisher\":{\"@id\":\"https:\\\/\\\/lghealthisystems.eu\\\/#organization\"},\"potentialAction\":[{\"@type\":\"SearchAction\",\"target\":{\"@type\":\"EntryPoint\",\"urlTemplate\":\"https:\\\/\\\/lghealthisystems.eu\\\/?s={search_term_string}\"},\"query-input\":{\"@type\":\"PropertyValueSpecification\",\"valueRequired\":true,\"valueName\":\"search_term_string\"}}],\"inLanguage\":\"de\"},{\"@type\":\"Organization\",\"@id\":\"https:\\\/\\\/lghealthisystems.eu\\\/#organization\",\"name\":\"Lg Health iSystems\",\"url\":\"https:\\\/\\\/lghealthisystems.eu\\\/\",\"logo\":{\"@type\":\"ImageObject\",\"inLanguage\":\"de\",\"@id\":\"https:\\\/\\\/lghealthisystems.eu\\\/#\\\/schema\\\/logo\\\/image\\\/\",\"url\":\"https:\\\/\\\/lghealthisystems.eu\\\/wp-content\\\/uploads\\\/2022\\\/05\\\/Logo-Health-i_systems-dorado.png\",\"contentUrl\":\"https:\\\/\\\/lghealthisystems.eu\\\/wp-content\\\/uploads\\\/2022\\\/05\\\/Logo-Health-i_systems-dorado.png\",\"width\":1123,\"height\":339,\"caption\":\"Lg Health iSystems\"},\"image\":{\"@id\":\"https:\\\/\\\/lghealthisystems.eu\\\/#\\\/schema\\\/logo\\\/image\\\/\"}}]}<\/script>\n<!-- \/ Yoast SEO plugin. -->","yoast_head_json":{"title":"Was filtert die Haushaltsumkehrosmose? - LG Health iSystems","description":"Finden Sie heraus, welche toxischen Elemente im Wasser durch unsere Haushaltsumkehrosmoseanlage vollst\u00e4ndig entfernt werden k\u00f6nnen.","robots":{"index":"index","follow":"follow","max-snippet":"max-snippet:-1","max-image-preview":"max-image-preview:large","max-video-preview":"max-video-preview:-1"},"canonical":"https:\/\/lghealthisystems.eu\/de\/was-filtert-die-haushaltsumkehrosmose\/","og_locale":"de_DE","og_type":"article","og_title":"Was filtert die Haushaltsumkehrosmose? - LG Health iSystems","og_description":"Finden Sie heraus, welche toxischen Elemente im Wasser durch unsere Haushaltsumkehrosmoseanlage vollst\u00e4ndig entfernt werden k\u00f6nnen.","og_url":"https:\/\/lghealthisystems.eu\/de\/was-filtert-die-haushaltsumkehrosmose\/","og_site_name":"LG Health iSystems","article_modified_time":"2024-04-11T10:01:47+00:00","og_image":[{"url":"https:\/\/lghealthisystems.eu\/wp-content\/uploads\/2022\/05\/osmosis-inversa-domestica-bacterias-y-virus.png","type":"","width":"","height":""}],"twitter_card":"summary_large_image","twitter_misc":{"Gesch\u00e4tzte Lesezeit":"8\u00a0Minuten"},"schema":{"@context":"https:\/\/schema.org","@graph":[{"@type":"WebPage","@id":"https:\/\/lghealthisystems.eu\/de\/was-filtert-die-haushaltsumkehrosmose\/","url":"https:\/\/lghealthisystems.eu\/de\/was-filtert-die-haushaltsumkehrosmose\/","name":"Was filtert die Haushaltsumkehrosmose? - LG Health iSystems","isPartOf":{"@id":"https:\/\/lghealthisystems.eu\/#website"},"primaryImageOfPage":{"@id":"https:\/\/lghealthisystems.eu\/de\/was-filtert-die-haushaltsumkehrosmose\/#primaryimage"},"image":{"@id":"https:\/\/lghealthisystems.eu\/de\/was-filtert-die-haushaltsumkehrosmose\/#primaryimage"},"thumbnailUrl":"https:\/\/lghealthisystems.eu\/wp-content\/uploads\/2022\/05\/osmosis-inversa-domestica-bacterias-y-virus.png","datePublished":"2022-05-16T08:55:24+00:00","dateModified":"2024-04-11T10:01:47+00:00","description":"Finden Sie heraus, welche toxischen Elemente im Wasser durch unsere Haushaltsumkehrosmoseanlage vollst\u00e4ndig entfernt werden k\u00f6nnen.","breadcrumb":{"@id":"https:\/\/lghealthisystems.eu\/de\/was-filtert-die-haushaltsumkehrosmose\/#breadcrumb"},"inLanguage":"de","potentialAction":[{"@type":"ReadAction","target":["https:\/\/lghealthisystems.eu\/de\/was-filtert-die-haushaltsumkehrosmose\/"]}]},{"@type":"ImageObject","inLanguage":"de","@id":"https:\/\/lghealthisystems.eu\/de\/was-filtert-die-haushaltsumkehrosmose\/#primaryimage","url":"https:\/\/lghealthisystems.eu\/wp-content\/uploads\/2022\/05\/osmosis-inversa-domestica-bacterias-y-virus.png","contentUrl":"https:\/\/lghealthisystems.eu\/wp-content\/uploads\/2022\/05\/osmosis-inversa-domestica-bacterias-y-virus.png"},{"@type":"BreadcrumbList","@id":"https:\/\/lghealthisystems.eu\/de\/was-filtert-die-haushaltsumkehrosmose\/#breadcrumb","itemListElement":[{"@type":"ListItem","position":1,"name":"Portada","item":"https:\/\/lghealthisystems.eu\/"},{"@type":"ListItem","position":2,"name":"Was filtert die Haushaltsumkehrosmose?"}]},{"@type":"WebSite","@id":"https:\/\/lghealthisystems.eu\/#website","url":"https:\/\/lghealthisystems.eu\/","name":"LG Health iSystems","description":"Purifica tu agua de grifo en 3 segundos con nuestra m\u00e1quina de \u00f3smosis inversa dom\u00e9stica. \u00a1Capaz de eliminar todos los elementos t\u00f3xicos presentes en el agua!","publisher":{"@id":"https:\/\/lghealthisystems.eu\/#organization"},"potentialAction":[{"@type":"SearchAction","target":{"@type":"EntryPoint","urlTemplate":"https:\/\/lghealthisystems.eu\/?s={search_term_string}"},"query-input":{"@type":"PropertyValueSpecification","valueRequired":true,"valueName":"search_term_string"}}],"inLanguage":"de"},{"@type":"Organization","@id":"https:\/\/lghealthisystems.eu\/#organization","name":"Lg Health iSystems","url":"https:\/\/lghealthisystems.eu\/","logo":{"@type":"ImageObject","inLanguage":"de","@id":"https:\/\/lghealthisystems.eu\/#\/schema\/logo\/image\/","url":"https:\/\/lghealthisystems.eu\/wp-content\/uploads\/2022\/05\/Logo-Health-i_systems-dorado.png","contentUrl":"https:\/\/lghealthisystems.eu\/wp-content\/uploads\/2022\/05\/Logo-Health-i_systems-dorado.png","width":1123,"height":339,"caption":"Lg Health iSystems"},"image":{"@id":"https:\/\/lghealthisystems.eu\/#\/schema\/logo\/image\/"}}]}},"_links":{"self":[{"href":"https:\/\/lghealthisystems.eu\/de\/wp-json\/wp\/v2\/pages\/10781","targetHints":{"allow":["GET"]}}],"collection":[{"href":"https:\/\/lghealthisystems.eu\/de\/wp-json\/wp\/v2\/pages"}],"about":[{"href":"https:\/\/lghealthisystems.eu\/de\/wp-json\/wp\/v2\/types\/page"}],"author":[{"embeddable":true,"href":"https:\/\/lghealthisystems.eu\/de\/wp-json\/wp\/v2\/users\/1"}],"replies":[{"embeddable":true,"href":"https:\/\/lghealthisystems.eu\/de\/wp-json\/wp\/v2\/comments?post=10781"}],"version-history":[{"count":1,"href":"https:\/\/lghealthisystems.eu\/de\/wp-json\/wp\/v2\/pages\/10781\/revisions"}],"predecessor-version":[{"id":12822,"href":"https:\/\/lghealthisystems.eu\/de\/wp-json\/wp\/v2\/pages\/10781\/revisions\/12822"}],"wp:attachment":[{"href":"https:\/\/lghealthisystems.eu\/de\/wp-json\/wp\/v2\/media?parent=10781"}],"curies":[{"name":"wp","href":"https:\/\/api.w.org\/{rel}","templated":true}]}}