{"id":11037,"date":"2022-05-16T13:36:06","date_gmt":"2022-05-16T12:36:06","guid":{"rendered":"https:\/\/lghealthisystems.eu\/producto\/packungen-mit-3-filtern-pac-cf-ro-fur-die-umkehrosmose-im-haushalt\/"},"modified":"2026-02-11T21:46:58","modified_gmt":"2026-02-11T20:46:58","slug":"packungen-mit-3-filtern-pac-cf-ro-fur-die-umkehrosmose-im-haushalt","status":"publish","type":"product","link":"https:\/\/lghealthisystems.eu\/de\/producto\/packungen-mit-3-filtern-pac-cf-ro-fur-die-umkehrosmose-im-haushalt\/","title":{"rendered":"Packungen mit 3 Filtern (PAC | CF | RO) f\u00fcr die Umkehrosmose im Haushalt"},"content":{"rendered":"","protected":false},"excerpt":{"rendered":"<p>Unser 3er-Filterpaket (PAC, CF und RO) f\u00fcr unsere Haushaltsumkehrosmoseanlage ist in der Lage, Verunreinigungen wie Sedimente, Schwebstoffe, Rost, Restchlor und eine Vielzahl von Krankheitserregern zu entfernen. Dar\u00fcber hinaus entfernt es schlechte Farbe aus dem Wasser und absorbiert unangenehme Geschmacks- und Geruchsstoffe aus dem Wasser.<\/p>\n<p><strong>Verf\u00fcgbare Filter<\/strong>: CF | PAC | RO<\/p>\n<p><strong>Haltbarkeit<\/strong>: 24 Monate (je nach Verwendung und Wasserh\u00e4rte)<\/p>\n","protected":false},"featured_media":12046,"comment_status":"open","ping_status":"closed","template":"","meta":[],"product_brand":[],"product_cat":[139],"product_tag":[],"class_list":{"0":"post-11037","1":"product","2":"type-product","3":"status-publish","4":"has-post-thumbnail","6":"product_cat-zubehor","8":"first","9":"outofstock","10":"sale","11":"taxable","12":"shipping-taxable","13":"purchasable","14":"product-type-simple"},"yoast_head":"<!-- This site is optimized with the Yoast SEO plugin v27.3 - https:\/\/yoast.com\/product\/yoast-seo-wordpress\/ -->\n<title>Packungen mit 3 Filtern (PAC | CF | RO) f\u00fcr die Umkehrosmose im Haushalt - LG Health iSystems<\/title>\n<meta name=\"robots\" content=\"index, follow, max-snippet:-1, max-image-preview:large, max-video-preview:-1\" \/>\n<link rel=\"canonical\" href=\"https:\/\/lghealthisystems.eu\/?post_type=product&p=8941\" \/>\n<meta property=\"og:locale\" content=\"de_DE\" \/>\n<meta property=\"og:type\" content=\"article\" \/>\n<meta property=\"og:title\" content=\"Packungen mit 3 Filtern (PAC | CF | RO) f\u00fcr die Umkehrosmose im Haushalt - LG Health iSystems\" \/>\n<meta property=\"og:description\" content=\"Unser 3er-Filterpaket (PAC, CF und RO) f\u00fcr unsere Haushaltsumkehrosmoseanlage ist in der Lage, Verunreinigungen wie Sedimente, Schwebstoffe, Rost, Restchlor und eine Vielzahl von Krankheitserregern zu entfernen. Dar\u00fcber hinaus entfernt es schlechte Farbe aus dem Wasser und absorbiert unangenehme Geschmacks- und Geruchsstoffe aus dem Wasser.  Verf\u00fcgbare Filter: CF | PAC | RO  Haltbarkeit: 24 Monate (je nach Verwendung und Wasserh\u00e4rte)\" \/>\n<meta property=\"og:url\" content=\"https:\/\/lghealthisystems.eu\/?post_type=product&amp;p=8941\" \/>\n<meta property=\"og:site_name\" content=\"LG Health iSystems\" \/>\n<meta property=\"article:modified_time\" content=\"2026-02-11T20:46:58+00:00\" \/>\n<meta property=\"og:image\" content=\"https:\/\/lghealthisystems.eu\/wp-content\/uploads\/2022\/05\/pack-3-fitros-remineralizacion-agua-osmosis-pac-cf-ro-1.webp\" \/>\n\t<meta property=\"og:image:width\" content=\"1000\" \/>\n\t<meta property=\"og:image:height\" content=\"1000\" \/>\n\t<meta property=\"og:image:type\" content=\"image\/webp\" \/>\n<meta name=\"twitter:card\" content=\"summary_large_image\" \/>\n<script type=\"application\/ld+json\" class=\"yoast-schema-graph\">{\"@context\":\"https:\\\/\\\/schema.org\",\"@graph\":[{\"@type\":\"WebPage\",\"@id\":\"https:\\\/\\\/lghealthisystems.eu\\\/?post_type=product&p=8941\",\"url\":\"https:\\\/\\\/lghealthisystems.eu\\\/?post_type=product&p=8941\",\"name\":\"Packungen mit 3 Filtern (PAC | CF | RO) f\u00fcr die Umkehrosmose im Haushalt - LG Health iSystems\",\"isPartOf\":{\"@id\":\"https:\\\/\\\/lghealthisystems.eu\\\/#website\"},\"primaryImageOfPage\":{\"@id\":\"https:\\\/\\\/lghealthisystems.eu\\\/?post_type=product&p=8941#primaryimage\"},\"image\":{\"@id\":\"https:\\\/\\\/lghealthisystems.eu\\\/?post_type=product&p=8941#primaryimage\"},\"thumbnailUrl\":\"https:\\\/\\\/lghealthisystems.eu\\\/wp-content\\\/uploads\\\/2022\\\/05\\\/pack-3-fitros-remineralizacion-agua-osmosis-pac-cf-ro-1.webp\",\"datePublished\":\"2022-05-16T12:36:06+00:00\",\"dateModified\":\"2026-02-11T20:46:58+00:00\",\"breadcrumb\":{\"@id\":\"https:\\\/\\\/lghealthisystems.eu\\\/?post_type=product&p=8941#breadcrumb\"},\"inLanguage\":\"de\",\"potentialAction\":[{\"@type\":\"ReadAction\",\"target\":[\"https:\\\/\\\/lghealthisystems.eu\\\/?post_type=product&p=8941\"]}]},{\"@type\":\"ImageObject\",\"inLanguage\":\"de\",\"@id\":\"https:\\\/\\\/lghealthisystems.eu\\\/?post_type=product&p=8941#primaryimage\",\"url\":\"https:\\\/\\\/lghealthisystems.eu\\\/wp-content\\\/uploads\\\/2022\\\/05\\\/pack-3-fitros-remineralizacion-agua-osmosis-pac-cf-ro-1.webp\",\"contentUrl\":\"https:\\\/\\\/lghealthisystems.eu\\\/wp-content\\\/uploads\\\/2022\\\/05\\\/pack-3-fitros-remineralizacion-agua-osmosis-pac-cf-ro-1.webp\",\"width\":1000,\"height\":1000,\"caption\":\"Pack de 3 filtros para \u00d3smosis Inversa Dom\u00e9stica. Mayor Remineralizaci\u00f3n del Agua. Elimina T\u00f3xicos como el Fl\u00faor, Metales Pesados y Glifosato.\"},{\"@type\":\"BreadcrumbList\",\"@id\":\"https:\\\/\\\/lghealthisystems.eu\\\/?post_type=product&p=8941#breadcrumb\",\"itemListElement\":[{\"@type\":\"ListItem\",\"position\":1,\"name\":\"Portada\",\"item\":\"https:\\\/\\\/lghealthisystems.eu\\\/\"},{\"@type\":\"ListItem\",\"position\":2,\"name\":\"Shop\",\"item\":\"https:\\\/\\\/lghealthisystems.eu\\\/de\\\/shop\\\/\"},{\"@type\":\"ListItem\",\"position\":3,\"name\":\"Packungen mit 3 Filtern (PAC | CF | RO) f\u00fcr die Umkehrosmose im Haushalt\"}]},{\"@type\":\"WebSite\",\"@id\":\"https:\\\/\\\/lghealthisystems.eu\\\/#website\",\"url\":\"https:\\\/\\\/lghealthisystems.eu\\\/\",\"name\":\"LG Health iSystems\",\"description\":\"Purifica tu agua de grifo en 3 segundos con nuestra m\u00e1quina de \u00f3smosis inversa dom\u00e9stica. \u00a1Capaz de eliminar todos los elementos t\u00f3xicos presentes en el agua!\",\"publisher\":{\"@id\":\"https:\\\/\\\/lghealthisystems.eu\\\/#organization\"},\"potentialAction\":[{\"@type\":\"SearchAction\",\"target\":{\"@type\":\"EntryPoint\",\"urlTemplate\":\"https:\\\/\\\/lghealthisystems.eu\\\/?s={search_term_string}\"},\"query-input\":{\"@type\":\"PropertyValueSpecification\",\"valueRequired\":true,\"valueName\":\"search_term_string\"}}],\"inLanguage\":\"de\"},{\"@type\":\"Organization\",\"@id\":\"https:\\\/\\\/lghealthisystems.eu\\\/#organization\",\"name\":\"Lg Health iSystems\",\"url\":\"https:\\\/\\\/lghealthisystems.eu\\\/\",\"logo\":{\"@type\":\"ImageObject\",\"inLanguage\":\"de\",\"@id\":\"https:\\\/\\\/lghealthisystems.eu\\\/#\\\/schema\\\/logo\\\/image\\\/\",\"url\":\"https:\\\/\\\/lghealthisystems.eu\\\/wp-content\\\/uploads\\\/2022\\\/05\\\/Logo-Health-i_systems-dorado.png\",\"contentUrl\":\"https:\\\/\\\/lghealthisystems.eu\\\/wp-content\\\/uploads\\\/2022\\\/05\\\/Logo-Health-i_systems-dorado.png\",\"width\":1123,\"height\":339,\"caption\":\"Lg Health iSystems\"},\"image\":{\"@id\":\"https:\\\/\\\/lghealthisystems.eu\\\/#\\\/schema\\\/logo\\\/image\\\/\"}}]}<\/script>\n<!-- \/ Yoast SEO plugin. -->","yoast_head_json":{"title":"Packungen mit 3 Filtern (PAC | CF | RO) f\u00fcr die Umkehrosmose im Haushalt - LG Health iSystems","robots":{"index":"index","follow":"follow","max-snippet":"max-snippet:-1","max-image-preview":"max-image-preview:large","max-video-preview":"max-video-preview:-1"},"canonical":"https:\/\/lghealthisystems.eu\/?post_type=product&p=8941","og_locale":"de_DE","og_type":"article","og_title":"Packungen mit 3 Filtern (PAC | CF | RO) f\u00fcr die Umkehrosmose im Haushalt - LG Health iSystems","og_description":"Unser 3er-Filterpaket (PAC, CF und RO) f\u00fcr unsere Haushaltsumkehrosmoseanlage ist in der Lage, Verunreinigungen wie Sedimente, Schwebstoffe, Rost, Restchlor und eine Vielzahl von Krankheitserregern zu entfernen. Dar\u00fcber hinaus entfernt es schlechte Farbe aus dem Wasser und absorbiert unangenehme Geschmacks- und Geruchsstoffe aus dem Wasser.  Verf\u00fcgbare Filter: CF | PAC | RO  Haltbarkeit: 24 Monate (je nach Verwendung und Wasserh\u00e4rte)","og_url":"https:\/\/lghealthisystems.eu\/?post_type=product&p=8941","og_site_name":"LG Health iSystems","article_modified_time":"2026-02-11T20:46:58+00:00","og_image":[{"width":1000,"height":1000,"url":"https:\/\/lghealthisystems.eu\/wp-content\/uploads\/2022\/05\/pack-3-fitros-remineralizacion-agua-osmosis-pac-cf-ro-1.webp","type":"image\/webp"}],"twitter_card":"summary_large_image","schema":{"@context":"https:\/\/schema.org","@graph":[{"@type":"WebPage","@id":"https:\/\/lghealthisystems.eu\/?post_type=product&p=8941","url":"https:\/\/lghealthisystems.eu\/?post_type=product&p=8941","name":"Packungen mit 3 Filtern (PAC | CF | RO) f\u00fcr die Umkehrosmose im Haushalt - LG Health iSystems","isPartOf":{"@id":"https:\/\/lghealthisystems.eu\/#website"},"primaryImageOfPage":{"@id":"https:\/\/lghealthisystems.eu\/?post_type=product&p=8941#primaryimage"},"image":{"@id":"https:\/\/lghealthisystems.eu\/?post_type=product&p=8941#primaryimage"},"thumbnailUrl":"https:\/\/lghealthisystems.eu\/wp-content\/uploads\/2022\/05\/pack-3-fitros-remineralizacion-agua-osmosis-pac-cf-ro-1.webp","datePublished":"2022-05-16T12:36:06+00:00","dateModified":"2026-02-11T20:46:58+00:00","breadcrumb":{"@id":"https:\/\/lghealthisystems.eu\/?post_type=product&p=8941#breadcrumb"},"inLanguage":"de","potentialAction":[{"@type":"ReadAction","target":["https:\/\/lghealthisystems.eu\/?post_type=product&p=8941"]}]},{"@type":"ImageObject","inLanguage":"de","@id":"https:\/\/lghealthisystems.eu\/?post_type=product&p=8941#primaryimage","url":"https:\/\/lghealthisystems.eu\/wp-content\/uploads\/2022\/05\/pack-3-fitros-remineralizacion-agua-osmosis-pac-cf-ro-1.webp","contentUrl":"https:\/\/lghealthisystems.eu\/wp-content\/uploads\/2022\/05\/pack-3-fitros-remineralizacion-agua-osmosis-pac-cf-ro-1.webp","width":1000,"height":1000,"caption":"Pack de 3 filtros para \u00d3smosis Inversa Dom\u00e9stica. Mayor Remineralizaci\u00f3n del Agua. Elimina T\u00f3xicos como el Fl\u00faor, Metales Pesados y Glifosato."},{"@type":"BreadcrumbList","@id":"https:\/\/lghealthisystems.eu\/?post_type=product&p=8941#breadcrumb","itemListElement":[{"@type":"ListItem","position":1,"name":"Portada","item":"https:\/\/lghealthisystems.eu\/"},{"@type":"ListItem","position":2,"name":"Shop","item":"https:\/\/lghealthisystems.eu\/de\/shop\/"},{"@type":"ListItem","position":3,"name":"Packungen mit 3 Filtern (PAC | CF | RO) f\u00fcr die Umkehrosmose im Haushalt"}]},{"@type":"WebSite","@id":"https:\/\/lghealthisystems.eu\/#website","url":"https:\/\/lghealthisystems.eu\/","name":"LG Health iSystems","description":"Purifica tu agua de grifo en 3 segundos con nuestra m\u00e1quina de \u00f3smosis inversa dom\u00e9stica. \u00a1Capaz de eliminar todos los elementos t\u00f3xicos presentes en el agua!","publisher":{"@id":"https:\/\/lghealthisystems.eu\/#organization"},"potentialAction":[{"@type":"SearchAction","target":{"@type":"EntryPoint","urlTemplate":"https:\/\/lghealthisystems.eu\/?s={search_term_string}"},"query-input":{"@type":"PropertyValueSpecification","valueRequired":true,"valueName":"search_term_string"}}],"inLanguage":"de"},{"@type":"Organization","@id":"https:\/\/lghealthisystems.eu\/#organization","name":"Lg Health iSystems","url":"https:\/\/lghealthisystems.eu\/","logo":{"@type":"ImageObject","inLanguage":"de","@id":"https:\/\/lghealthisystems.eu\/#\/schema\/logo\/image\/","url":"https:\/\/lghealthisystems.eu\/wp-content\/uploads\/2022\/05\/Logo-Health-i_systems-dorado.png","contentUrl":"https:\/\/lghealthisystems.eu\/wp-content\/uploads\/2022\/05\/Logo-Health-i_systems-dorado.png","width":1123,"height":339,"caption":"Lg Health iSystems"},"image":{"@id":"https:\/\/lghealthisystems.eu\/#\/schema\/logo\/image\/"}}]}},"_links":{"self":[{"href":"https:\/\/lghealthisystems.eu\/de\/wp-json\/wp\/v2\/product\/11037","targetHints":{"allow":["GET"]}}],"collection":[{"href":"https:\/\/lghealthisystems.eu\/de\/wp-json\/wp\/v2\/product"}],"about":[{"href":"https:\/\/lghealthisystems.eu\/de\/wp-json\/wp\/v2\/types\/product"}],"replies":[{"embeddable":true,"href":"https:\/\/lghealthisystems.eu\/de\/wp-json\/wp\/v2\/comments?post=11037"}],"version-history":[{"count":1,"href":"https:\/\/lghealthisystems.eu\/de\/wp-json\/wp\/v2\/product\/11037\/revisions"}],"predecessor-version":[{"id":12480,"href":"https:\/\/lghealthisystems.eu\/de\/wp-json\/wp\/v2\/product\/11037\/revisions\/12480"}],"wp:featuredmedia":[{"embeddable":true,"href":"https:\/\/lghealthisystems.eu\/de\/wp-json\/wp\/v2\/media\/12046"}],"wp:attachment":[{"href":"https:\/\/lghealthisystems.eu\/de\/wp-json\/wp\/v2\/media?parent=11037"}],"wp:term":[{"taxonomy":"product_brand","embeddable":true,"href":"https:\/\/lghealthisystems.eu\/de\/wp-json\/wp\/v2\/product_brand?post=11037"},{"taxonomy":"product_cat","embeddable":true,"href":"https:\/\/lghealthisystems.eu\/de\/wp-json\/wp\/v2\/product_cat?post=11037"},{"taxonomy":"product_tag","embeddable":true,"href":"https:\/\/lghealthisystems.eu\/de\/wp-json\/wp\/v2\/product_tag?post=11037"}],"curies":[{"name":"wp","href":"https:\/\/api.w.org\/{rel}","templated":true}]}}