{"id":11648,"date":"2022-11-21T14:19:07","date_gmt":"2022-11-21T13:19:07","guid":{"rendered":"https:\/\/lghealthisystems.eu\/producto\/detoxsil-siliziumdioxid-30-ml\/"},"modified":"2024-07-18T13:42:39","modified_gmt":"2024-07-18T12:42:39","slug":"detoxsil-siliziumdioxid-30-ml","status":"publish","type":"product","link":"https:\/\/lghealthisystems.eu\/de\/producto\/detoxsil-siliziumdioxid-30-ml\/","title":{"rendered":"DetoxSil &#8211; Siliziumdioxid &#8211; 30 ml"},"content":{"rendered":"","protected":false},"excerpt":{"rendered":"<p><strong>DetoxSil<\/strong> von NaturalPharma Labs ist ein unter h\u00f6chsten Qualit\u00e4tsstandards hergestelltes Produkt, dessen Funktion darin besteht, <strong>die Anh\u00e4ufung verschiedener Giftstoffe in unserem K\u00f6rper<\/strong>, wie Aluminium, Quecksilber und andere <strong>Schwermetalle<\/strong>, zu verhindern. Auf diese Weise hilft DetoxSil, also Siliziumdioxid, unserem K\u00f6rper, eine <strong>Entgiftungsfunktion<\/strong> zu erf\u00fcllen.<\/p>\n<p><strong>Vorteile von DetoxSil:<\/strong><\/p>\n<ul>\n<li>Hilft unserem K\u00f6rper bei der Ausscheidung von <strong>Schwermetallen<\/strong>.<\/li>\n<li>F\u00f6rdert die <strong>Bildung von Kollagen<\/strong> und verbessert die Gesundheit von Haut, Haaren und N\u00e4geln.<\/li>\n<li>Tr\u00e4gt zur korrekten Funktion und <strong>Regeneration des Knochensystems bei<\/strong>.<\/li>\n<li>Verbessert die <strong>Knochenmineraldichte<\/strong>.<\/li>\n<\/ul>\n<p><strong>Wie wird verwaltet?<\/strong><\/p>\n<p>In \u00bd Glas Wasser oder Orangensaft einr\u00fchren. Vorzugsweise eine halbe Stunde vor oder 2 Stunden nach dem Essen einnehmen.<\/p>\n<p><strong>Empfohlene Tagesdosis<\/strong>: 5 Tropfen pro Tag.<\/p>\n<p><strong>Nahrungserg\u00e4nzungsmittel, das aus Siliziumdioxid besteht, um die Gesundheit des K\u00f6rpers und die Entgiftung von Schwermetallen zu gew\u00e4hrleisten. 100% vegan, glutenfrei, zuckerfrei, konservierungsmittelfrei, ohne Zusatzstoffe oder k\u00fcnstliche Aromen. Nicht gentechnisch ver\u00e4ndert. BPA-freie und recycelbare Verpackung.<\/strong><\/p>\n","protected":false},"featured_media":11591,"comment_status":"open","ping_status":"closed","template":"","meta":[],"product_brand":[],"product_cat":[139],"product_tag":[],"class_list":{"0":"post-11648","1":"product","2":"type-product","3":"status-publish","4":"has-post-thumbnail","6":"product_cat-zubehor","8":"first","9":"outofstock","10":"taxable","11":"shipping-taxable","12":"purchasable","13":"product-type-simple"},"yoast_head":"<!-- This site is optimized with the Yoast SEO plugin v27.4 - https:\/\/yoast.com\/product\/yoast-seo-wordpress\/ -->\n<title>DetoxSil - Siliziumdioxid - 30 ml - NaturalPharma<\/title>\n<meta name=\"description\" content=\"DetoxSil ist ein Nahrungserg\u00e4nzungsmittel, dessen Funktion darin besteht, die Anh\u00e4ufung von Giftstoffen im K\u00f6rper, wie Aluminium und anderen Schwermetallen, zu verhindern.\" \/>\n<meta name=\"robots\" content=\"index, follow, max-snippet:-1, max-image-preview:large, max-video-preview:-1\" \/>\n<link rel=\"canonical\" href=\"https:\/\/lghealthisystems.eu\/?post_type=product&p=11565\" \/>\n<meta property=\"og:locale\" content=\"de_DE\" \/>\n<meta property=\"og:type\" content=\"article\" \/>\n<meta property=\"og:title\" content=\"DetoxSil - Siliziumdioxid - 30 ml - NaturalPharma\" \/>\n<meta property=\"og:description\" content=\"DetoxSil ist ein Nahrungserg\u00e4nzungsmittel, dessen Funktion darin besteht, die Anh\u00e4ufung von Giftstoffen im K\u00f6rper, wie Aluminium und anderen Schwermetallen, zu verhindern.\" \/>\n<meta property=\"og:url\" content=\"https:\/\/lghealthisystems.eu\/?post_type=product&amp;p=11565\" \/>\n<meta property=\"og:site_name\" content=\"LG Health iSystems\" \/>\n<meta property=\"article:modified_time\" content=\"2024-07-18T12:42:39+00:00\" \/>\n<meta property=\"og:image\" content=\"https:\/\/lghealthisystems.eu\/wp-content\/uploads\/2022\/11\/Detoxil-dioxido-silicio-elimina-metales-pesados.jpg\" \/>\n\t<meta property=\"og:image:width\" content=\"2000\" \/>\n\t<meta property=\"og:image:height\" content=\"2000\" \/>\n\t<meta property=\"og:image:type\" content=\"image\/jpeg\" \/>\n<meta name=\"twitter:card\" content=\"summary_large_image\" \/>\n<script type=\"application\/ld+json\" class=\"yoast-schema-graph\">{\"@context\":\"https:\\\/\\\/schema.org\",\"@graph\":[{\"@type\":\"WebPage\",\"@id\":\"https:\\\/\\\/lghealthisystems.eu\\\/?post_type=product&p=11565\",\"url\":\"https:\\\/\\\/lghealthisystems.eu\\\/?post_type=product&p=11565\",\"name\":\"DetoxSil - Siliziumdioxid - 30 ml - NaturalPharma\",\"isPartOf\":{\"@id\":\"https:\\\/\\\/lghealthisystems.eu\\\/#website\"},\"primaryImageOfPage\":{\"@id\":\"https:\\\/\\\/lghealthisystems.eu\\\/?post_type=product&p=11565#primaryimage\"},\"image\":{\"@id\":\"https:\\\/\\\/lghealthisystems.eu\\\/?post_type=product&p=11565#primaryimage\"},\"thumbnailUrl\":\"https:\\\/\\\/lghealthisystems.eu\\\/wp-content\\\/uploads\\\/2022\\\/11\\\/Detoxil-dioxido-silicio-elimina-metales-pesados.jpg\",\"datePublished\":\"2022-11-21T13:19:07+00:00\",\"dateModified\":\"2024-07-18T12:42:39+00:00\",\"description\":\"DetoxSil ist ein Nahrungserg\u00e4nzungsmittel, dessen Funktion darin besteht, die Anh\u00e4ufung von Giftstoffen im K\u00f6rper, wie Aluminium und anderen Schwermetallen, zu verhindern.\",\"breadcrumb\":{\"@id\":\"https:\\\/\\\/lghealthisystems.eu\\\/?post_type=product&p=11565#breadcrumb\"},\"inLanguage\":\"de\",\"potentialAction\":[{\"@type\":\"ReadAction\",\"target\":[\"https:\\\/\\\/lghealthisystems.eu\\\/?post_type=product&p=11565\"]}]},{\"@type\":\"ImageObject\",\"inLanguage\":\"de\",\"@id\":\"https:\\\/\\\/lghealthisystems.eu\\\/?post_type=product&p=11565#primaryimage\",\"url\":\"https:\\\/\\\/lghealthisystems.eu\\\/wp-content\\\/uploads\\\/2022\\\/11\\\/Detoxil-dioxido-silicio-elimina-metales-pesados.jpg\",\"contentUrl\":\"https:\\\/\\\/lghealthisystems.eu\\\/wp-content\\\/uploads\\\/2022\\\/11\\\/Detoxil-dioxido-silicio-elimina-metales-pesados.jpg\",\"width\":2000,\"height\":2000,\"caption\":\"DetoxSil, beseitigt Schwermetalle\"},{\"@type\":\"BreadcrumbList\",\"@id\":\"https:\\\/\\\/lghealthisystems.eu\\\/?post_type=product&p=11565#breadcrumb\",\"itemListElement\":[{\"@type\":\"ListItem\",\"position\":1,\"name\":\"Portada\",\"item\":\"https:\\\/\\\/lghealthisystems.eu\\\/\"},{\"@type\":\"ListItem\",\"position\":2,\"name\":\"Shop\",\"item\":\"https:\\\/\\\/lghealthisystems.eu\\\/de\\\/shop\\\/\"},{\"@type\":\"ListItem\",\"position\":3,\"name\":\"DetoxSil &#8211; Siliziumdioxid &#8211; 30 ml\"}]},{\"@type\":\"WebSite\",\"@id\":\"https:\\\/\\\/lghealthisystems.eu\\\/#website\",\"url\":\"https:\\\/\\\/lghealthisystems.eu\\\/\",\"name\":\"LG Health iSystems\",\"description\":\"Purifica tu agua de grifo en 3 segundos con nuestra m\u00e1quina de \u00f3smosis inversa dom\u00e9stica. \u00a1Capaz de eliminar todos los elementos t\u00f3xicos presentes en el agua!\",\"publisher\":{\"@id\":\"https:\\\/\\\/lghealthisystems.eu\\\/#organization\"},\"potentialAction\":[{\"@type\":\"SearchAction\",\"target\":{\"@type\":\"EntryPoint\",\"urlTemplate\":\"https:\\\/\\\/lghealthisystems.eu\\\/?s={search_term_string}\"},\"query-input\":{\"@type\":\"PropertyValueSpecification\",\"valueRequired\":true,\"valueName\":\"search_term_string\"}}],\"inLanguage\":\"de\"},{\"@type\":\"Organization\",\"@id\":\"https:\\\/\\\/lghealthisystems.eu\\\/#organization\",\"name\":\"Lg Health iSystems\",\"url\":\"https:\\\/\\\/lghealthisystems.eu\\\/\",\"logo\":{\"@type\":\"ImageObject\",\"inLanguage\":\"de\",\"@id\":\"https:\\\/\\\/lghealthisystems.eu\\\/#\\\/schema\\\/logo\\\/image\\\/\",\"url\":\"https:\\\/\\\/lghealthisystems.eu\\\/wp-content\\\/uploads\\\/2022\\\/05\\\/Logo-Health-i_systems-dorado.png\",\"contentUrl\":\"https:\\\/\\\/lghealthisystems.eu\\\/wp-content\\\/uploads\\\/2022\\\/05\\\/Logo-Health-i_systems-dorado.png\",\"width\":1123,\"height\":339,\"caption\":\"Lg Health iSystems\"},\"image\":{\"@id\":\"https:\\\/\\\/lghealthisystems.eu\\\/#\\\/schema\\\/logo\\\/image\\\/\"}}]}<\/script>\n<!-- \/ Yoast SEO plugin. -->","yoast_head_json":{"title":"DetoxSil - Siliziumdioxid - 30 ml - NaturalPharma","description":"DetoxSil ist ein Nahrungserg\u00e4nzungsmittel, dessen Funktion darin besteht, die Anh\u00e4ufung von Giftstoffen im K\u00f6rper, wie Aluminium und anderen Schwermetallen, zu verhindern.","robots":{"index":"index","follow":"follow","max-snippet":"max-snippet:-1","max-image-preview":"max-image-preview:large","max-video-preview":"max-video-preview:-1"},"canonical":"https:\/\/lghealthisystems.eu\/?post_type=product&p=11565","og_locale":"de_DE","og_type":"article","og_title":"DetoxSil - Siliziumdioxid - 30 ml - NaturalPharma","og_description":"DetoxSil ist ein Nahrungserg\u00e4nzungsmittel, dessen Funktion darin besteht, die Anh\u00e4ufung von Giftstoffen im K\u00f6rper, wie Aluminium und anderen Schwermetallen, zu verhindern.","og_url":"https:\/\/lghealthisystems.eu\/?post_type=product&p=11565","og_site_name":"LG Health iSystems","article_modified_time":"2024-07-18T12:42:39+00:00","og_image":[{"width":2000,"height":2000,"url":"https:\/\/lghealthisystems.eu\/wp-content\/uploads\/2022\/11\/Detoxil-dioxido-silicio-elimina-metales-pesados.jpg","type":"image\/jpeg"}],"twitter_card":"summary_large_image","schema":{"@context":"https:\/\/schema.org","@graph":[{"@type":"WebPage","@id":"https:\/\/lghealthisystems.eu\/?post_type=product&p=11565","url":"https:\/\/lghealthisystems.eu\/?post_type=product&p=11565","name":"DetoxSil - Siliziumdioxid - 30 ml - NaturalPharma","isPartOf":{"@id":"https:\/\/lghealthisystems.eu\/#website"},"primaryImageOfPage":{"@id":"https:\/\/lghealthisystems.eu\/?post_type=product&p=11565#primaryimage"},"image":{"@id":"https:\/\/lghealthisystems.eu\/?post_type=product&p=11565#primaryimage"},"thumbnailUrl":"https:\/\/lghealthisystems.eu\/wp-content\/uploads\/2022\/11\/Detoxil-dioxido-silicio-elimina-metales-pesados.jpg","datePublished":"2022-11-21T13:19:07+00:00","dateModified":"2024-07-18T12:42:39+00:00","description":"DetoxSil ist ein Nahrungserg\u00e4nzungsmittel, dessen Funktion darin besteht, die Anh\u00e4ufung von Giftstoffen im K\u00f6rper, wie Aluminium und anderen Schwermetallen, zu verhindern.","breadcrumb":{"@id":"https:\/\/lghealthisystems.eu\/?post_type=product&p=11565#breadcrumb"},"inLanguage":"de","potentialAction":[{"@type":"ReadAction","target":["https:\/\/lghealthisystems.eu\/?post_type=product&p=11565"]}]},{"@type":"ImageObject","inLanguage":"de","@id":"https:\/\/lghealthisystems.eu\/?post_type=product&p=11565#primaryimage","url":"https:\/\/lghealthisystems.eu\/wp-content\/uploads\/2022\/11\/Detoxil-dioxido-silicio-elimina-metales-pesados.jpg","contentUrl":"https:\/\/lghealthisystems.eu\/wp-content\/uploads\/2022\/11\/Detoxil-dioxido-silicio-elimina-metales-pesados.jpg","width":2000,"height":2000,"caption":"DetoxSil, beseitigt Schwermetalle"},{"@type":"BreadcrumbList","@id":"https:\/\/lghealthisystems.eu\/?post_type=product&p=11565#breadcrumb","itemListElement":[{"@type":"ListItem","position":1,"name":"Portada","item":"https:\/\/lghealthisystems.eu\/"},{"@type":"ListItem","position":2,"name":"Shop","item":"https:\/\/lghealthisystems.eu\/de\/shop\/"},{"@type":"ListItem","position":3,"name":"DetoxSil &#8211; Siliziumdioxid &#8211; 30 ml"}]},{"@type":"WebSite","@id":"https:\/\/lghealthisystems.eu\/#website","url":"https:\/\/lghealthisystems.eu\/","name":"LG Health iSystems","description":"Purifica tu agua de grifo en 3 segundos con nuestra m\u00e1quina de \u00f3smosis inversa dom\u00e9stica. \u00a1Capaz de eliminar todos los elementos t\u00f3xicos presentes en el agua!","publisher":{"@id":"https:\/\/lghealthisystems.eu\/#organization"},"potentialAction":[{"@type":"SearchAction","target":{"@type":"EntryPoint","urlTemplate":"https:\/\/lghealthisystems.eu\/?s={search_term_string}"},"query-input":{"@type":"PropertyValueSpecification","valueRequired":true,"valueName":"search_term_string"}}],"inLanguage":"de"},{"@type":"Organization","@id":"https:\/\/lghealthisystems.eu\/#organization","name":"Lg Health iSystems","url":"https:\/\/lghealthisystems.eu\/","logo":{"@type":"ImageObject","inLanguage":"de","@id":"https:\/\/lghealthisystems.eu\/#\/schema\/logo\/image\/","url":"https:\/\/lghealthisystems.eu\/wp-content\/uploads\/2022\/05\/Logo-Health-i_systems-dorado.png","contentUrl":"https:\/\/lghealthisystems.eu\/wp-content\/uploads\/2022\/05\/Logo-Health-i_systems-dorado.png","width":1123,"height":339,"caption":"Lg Health iSystems"},"image":{"@id":"https:\/\/lghealthisystems.eu\/#\/schema\/logo\/image\/"}}]}},"_links":{"self":[{"href":"https:\/\/lghealthisystems.eu\/de\/wp-json\/wp\/v2\/product\/11648","targetHints":{"allow":["GET"]}}],"collection":[{"href":"https:\/\/lghealthisystems.eu\/de\/wp-json\/wp\/v2\/product"}],"about":[{"href":"https:\/\/lghealthisystems.eu\/de\/wp-json\/wp\/v2\/types\/product"}],"replies":[{"embeddable":true,"href":"https:\/\/lghealthisystems.eu\/de\/wp-json\/wp\/v2\/comments?post=11648"}],"version-history":[{"count":0,"href":"https:\/\/lghealthisystems.eu\/de\/wp-json\/wp\/v2\/product\/11648\/revisions"}],"wp:featuredmedia":[{"embeddable":true,"href":"https:\/\/lghealthisystems.eu\/de\/wp-json\/wp\/v2\/media\/11591"}],"wp:attachment":[{"href":"https:\/\/lghealthisystems.eu\/de\/wp-json\/wp\/v2\/media?parent=11648"}],"wp:term":[{"taxonomy":"product_brand","embeddable":true,"href":"https:\/\/lghealthisystems.eu\/de\/wp-json\/wp\/v2\/product_brand?post=11648"},{"taxonomy":"product_cat","embeddable":true,"href":"https:\/\/lghealthisystems.eu\/de\/wp-json\/wp\/v2\/product_cat?post=11648"},{"taxonomy":"product_tag","embeddable":true,"href":"https:\/\/lghealthisystems.eu\/de\/wp-json\/wp\/v2\/product_tag?post=11648"}],"curies":[{"name":"wp","href":"https:\/\/api.w.org\/{rel}","templated":true}]}}