{"id":12326,"date":"2023-09-27T13:06:04","date_gmt":"2023-09-27T12:06:04","guid":{"rendered":"https:\/\/lghealthisystems.eu\/?post_type=product&#038;p=12326"},"modified":"2023-10-13T09:15:35","modified_gmt":"2023-10-13T08:15:35","slug":"ro-filter-fur-umkehrosmose-langlebiger","status":"publish","type":"product","link":"https:\/\/lghealthisystems.eu\/de\/producto\/ro-filter-fur-umkehrosmose-langlebiger\/","title":{"rendered":"Langlebiger RO-Filter f\u00fcr die h\u00e4usliche Umkehrosmose. Erh\u00f6hte Remineralisierung. Entfernt im Wasser vorhandene Giftstoffe wie Fluorid, Schwermetalle, Glyphosat und Medikamente."},"content":{"rendered":"","protected":false},"excerpt":{"rendered":"<p>Der langlebige RO-Filter f\u00fcr unsere Umkehrosmoseanlage f\u00fcr den Hausgebrauch hilft, Verunreinigungen wie Sedimente, Schwebstoffe, Rost, Restchlor und eine Vielzahl von Krankheitserregern zu entfernen. Dar\u00fcber hinaus entfernt er schlechte Wasserfarben und absorbiert unangenehme Geschmacks- und Geruchsstoffe aus dem Wasser.<\/p>\n<p><strong>Verf\u00fcgbare Filter<\/strong>: RO<\/p>\n<p><strong>Haltbarkeit<\/strong>: 12-24 Monate (je nach Verwendung und Wasserh\u00e4rte)<\/p>\n","protected":false},"featured_media":12316,"comment_status":"open","ping_status":"closed","template":"","meta":[],"product_brand":[],"product_cat":[139],"product_tag":[],"class_list":{"0":"post-12326","1":"product","2":"type-product","3":"status-publish","4":"has-post-thumbnail","6":"product_cat-zubehor","8":"first","9":"outofstock","10":"sale","11":"taxable","12":"shipping-taxable","13":"purchasable","14":"product-type-simple"},"yoast_head":"<!-- This site is optimized with the Yoast SEO plugin v27.3 - https:\/\/yoast.com\/product\/yoast-seo-wordpress\/ -->\n<title>Langlebiger RO Umkehrosmosefilter - LG Health iSystems<\/title>\n<meta name=\"description\" content=\"Kaufen Sie einen RO-Umkehrosmosefilter f\u00fcr den Hausgebrauch, der reines, von Giftstoffen und Schwermetallen freies Wasser liefert.\" \/>\n<meta name=\"robots\" content=\"index, follow, max-snippet:-1, max-image-preview:large, max-video-preview:-1\" \/>\n<link rel=\"canonical\" href=\"https:\/\/lghealthisystems.eu\/?post_type=product&p=12323\" \/>\n<meta property=\"og:locale\" content=\"de_DE\" \/>\n<meta property=\"og:type\" content=\"article\" \/>\n<meta property=\"og:title\" content=\"Langlebiger RO Umkehrosmosefilter - LG Health iSystems\" \/>\n<meta property=\"og:description\" content=\"Kaufen Sie einen RO-Umkehrosmosefilter f\u00fcr den Hausgebrauch, der reines, von Giftstoffen und Schwermetallen freies Wasser liefert.\" \/>\n<meta property=\"og:url\" content=\"https:\/\/lghealthisystems.eu\/?post_type=product&amp;p=12323\" \/>\n<meta property=\"og:site_name\" content=\"LG Health iSystems\" \/>\n<meta property=\"article:modified_time\" content=\"2023-10-13T08:15:35+00:00\" \/>\n<meta property=\"og:image\" content=\"https:\/\/lghealthisystems.eu\/wp-content\/uploads\/2023\/09\/filtro-ro-larga-duracion-24-meses-osmosis-agua-pura-lghealthisystems-2.jpg\" \/>\n\t<meta property=\"og:image:width\" content=\"1000\" \/>\n\t<meta property=\"og:image:height\" content=\"1000\" \/>\n\t<meta property=\"og:image:type\" content=\"image\/jpeg\" \/>\n<meta name=\"twitter:card\" content=\"summary_large_image\" \/>\n<script type=\"application\/ld+json\" class=\"yoast-schema-graph\">{\"@context\":\"https:\\\/\\\/schema.org\",\"@graph\":[{\"@type\":\"WebPage\",\"@id\":\"https:\\\/\\\/lghealthisystems.eu\\\/?post_type=product&p=12323\",\"url\":\"https:\\\/\\\/lghealthisystems.eu\\\/?post_type=product&p=12323\",\"name\":\"Langlebiger RO Umkehrosmosefilter - LG Health iSystems\",\"isPartOf\":{\"@id\":\"https:\\\/\\\/lghealthisystems.eu\\\/#website\"},\"primaryImageOfPage\":{\"@id\":\"https:\\\/\\\/lghealthisystems.eu\\\/?post_type=product&p=12323#primaryimage\"},\"image\":{\"@id\":\"https:\\\/\\\/lghealthisystems.eu\\\/?post_type=product&p=12323#primaryimage\"},\"thumbnailUrl\":\"https:\\\/\\\/lghealthisystems.eu\\\/wp-content\\\/uploads\\\/2023\\\/09\\\/filtro-ro-larga-duracion-24-meses-osmosis-agua-pura-lghealthisystems-2.jpg\",\"datePublished\":\"2023-09-27T12:06:04+00:00\",\"dateModified\":\"2023-10-13T08:15:35+00:00\",\"description\":\"Kaufen Sie einen RO-Umkehrosmosefilter f\u00fcr den Hausgebrauch, der reines, von Giftstoffen und Schwermetallen freies Wasser liefert.\",\"breadcrumb\":{\"@id\":\"https:\\\/\\\/lghealthisystems.eu\\\/?post_type=product&p=12323#breadcrumb\"},\"inLanguage\":\"de\",\"potentialAction\":[{\"@type\":\"ReadAction\",\"target\":[\"https:\\\/\\\/lghealthisystems.eu\\\/?post_type=product&p=12323\"]}]},{\"@type\":\"ImageObject\",\"inLanguage\":\"de\",\"@id\":\"https:\\\/\\\/lghealthisystems.eu\\\/?post_type=product&p=12323#primaryimage\",\"url\":\"https:\\\/\\\/lghealthisystems.eu\\\/wp-content\\\/uploads\\\/2023\\\/09\\\/filtro-ro-larga-duracion-24-meses-osmosis-agua-pura-lghealthisystems-2.jpg\",\"contentUrl\":\"https:\\\/\\\/lghealthisystems.eu\\\/wp-content\\\/uploads\\\/2023\\\/09\\\/filtro-ro-larga-duracion-24-meses-osmosis-agua-pura-lghealthisystems-2.jpg\",\"width\":1000,\"height\":1000},{\"@type\":\"BreadcrumbList\",\"@id\":\"https:\\\/\\\/lghealthisystems.eu\\\/?post_type=product&p=12323#breadcrumb\",\"itemListElement\":[{\"@type\":\"ListItem\",\"position\":1,\"name\":\"Portada\",\"item\":\"https:\\\/\\\/lghealthisystems.eu\\\/\"},{\"@type\":\"ListItem\",\"position\":2,\"name\":\"Shop\",\"item\":\"https:\\\/\\\/lghealthisystems.eu\\\/de\\\/shop\\\/\"},{\"@type\":\"ListItem\",\"position\":3,\"name\":\"Langlebiger RO-Filter f\u00fcr die h\u00e4usliche Umkehrosmose. Erh\u00f6hte Remineralisierung. Entfernt im Wasser vorhandene Giftstoffe wie Fluorid, Schwermetalle, Glyphosat und Medikamente.\"}]},{\"@type\":\"WebSite\",\"@id\":\"https:\\\/\\\/lghealthisystems.eu\\\/#website\",\"url\":\"https:\\\/\\\/lghealthisystems.eu\\\/\",\"name\":\"LG Health iSystems\",\"description\":\"Purifica tu agua de grifo en 3 segundos con nuestra m\u00e1quina de \u00f3smosis inversa dom\u00e9stica. \u00a1Capaz de eliminar todos los elementos t\u00f3xicos presentes en el agua!\",\"publisher\":{\"@id\":\"https:\\\/\\\/lghealthisystems.eu\\\/#organization\"},\"potentialAction\":[{\"@type\":\"SearchAction\",\"target\":{\"@type\":\"EntryPoint\",\"urlTemplate\":\"https:\\\/\\\/lghealthisystems.eu\\\/?s={search_term_string}\"},\"query-input\":{\"@type\":\"PropertyValueSpecification\",\"valueRequired\":true,\"valueName\":\"search_term_string\"}}],\"inLanguage\":\"de\"},{\"@type\":\"Organization\",\"@id\":\"https:\\\/\\\/lghealthisystems.eu\\\/#organization\",\"name\":\"Lg Health iSystems\",\"url\":\"https:\\\/\\\/lghealthisystems.eu\\\/\",\"logo\":{\"@type\":\"ImageObject\",\"inLanguage\":\"de\",\"@id\":\"https:\\\/\\\/lghealthisystems.eu\\\/#\\\/schema\\\/logo\\\/image\\\/\",\"url\":\"https:\\\/\\\/lghealthisystems.eu\\\/wp-content\\\/uploads\\\/2022\\\/05\\\/Logo-Health-i_systems-dorado.png\",\"contentUrl\":\"https:\\\/\\\/lghealthisystems.eu\\\/wp-content\\\/uploads\\\/2022\\\/05\\\/Logo-Health-i_systems-dorado.png\",\"width\":1123,\"height\":339,\"caption\":\"Lg Health iSystems\"},\"image\":{\"@id\":\"https:\\\/\\\/lghealthisystems.eu\\\/#\\\/schema\\\/logo\\\/image\\\/\"}}]}<\/script>\n<!-- \/ Yoast SEO plugin. -->","yoast_head_json":{"title":"Langlebiger RO Umkehrosmosefilter - LG Health iSystems","description":"Kaufen Sie einen RO-Umkehrosmosefilter f\u00fcr den Hausgebrauch, der reines, von Giftstoffen und Schwermetallen freies Wasser liefert.","robots":{"index":"index","follow":"follow","max-snippet":"max-snippet:-1","max-image-preview":"max-image-preview:large","max-video-preview":"max-video-preview:-1"},"canonical":"https:\/\/lghealthisystems.eu\/?post_type=product&p=12323","og_locale":"de_DE","og_type":"article","og_title":"Langlebiger RO Umkehrosmosefilter - LG Health iSystems","og_description":"Kaufen Sie einen RO-Umkehrosmosefilter f\u00fcr den Hausgebrauch, der reines, von Giftstoffen und Schwermetallen freies Wasser liefert.","og_url":"https:\/\/lghealthisystems.eu\/?post_type=product&p=12323","og_site_name":"LG Health iSystems","article_modified_time":"2023-10-13T08:15:35+00:00","og_image":[{"width":1000,"height":1000,"url":"https:\/\/lghealthisystems.eu\/wp-content\/uploads\/2023\/09\/filtro-ro-larga-duracion-24-meses-osmosis-agua-pura-lghealthisystems-2.jpg","type":"image\/jpeg"}],"twitter_card":"summary_large_image","schema":{"@context":"https:\/\/schema.org","@graph":[{"@type":"WebPage","@id":"https:\/\/lghealthisystems.eu\/?post_type=product&p=12323","url":"https:\/\/lghealthisystems.eu\/?post_type=product&p=12323","name":"Langlebiger RO Umkehrosmosefilter - LG Health iSystems","isPartOf":{"@id":"https:\/\/lghealthisystems.eu\/#website"},"primaryImageOfPage":{"@id":"https:\/\/lghealthisystems.eu\/?post_type=product&p=12323#primaryimage"},"image":{"@id":"https:\/\/lghealthisystems.eu\/?post_type=product&p=12323#primaryimage"},"thumbnailUrl":"https:\/\/lghealthisystems.eu\/wp-content\/uploads\/2023\/09\/filtro-ro-larga-duracion-24-meses-osmosis-agua-pura-lghealthisystems-2.jpg","datePublished":"2023-09-27T12:06:04+00:00","dateModified":"2023-10-13T08:15:35+00:00","description":"Kaufen Sie einen RO-Umkehrosmosefilter f\u00fcr den Hausgebrauch, der reines, von Giftstoffen und Schwermetallen freies Wasser liefert.","breadcrumb":{"@id":"https:\/\/lghealthisystems.eu\/?post_type=product&p=12323#breadcrumb"},"inLanguage":"de","potentialAction":[{"@type":"ReadAction","target":["https:\/\/lghealthisystems.eu\/?post_type=product&p=12323"]}]},{"@type":"ImageObject","inLanguage":"de","@id":"https:\/\/lghealthisystems.eu\/?post_type=product&p=12323#primaryimage","url":"https:\/\/lghealthisystems.eu\/wp-content\/uploads\/2023\/09\/filtro-ro-larga-duracion-24-meses-osmosis-agua-pura-lghealthisystems-2.jpg","contentUrl":"https:\/\/lghealthisystems.eu\/wp-content\/uploads\/2023\/09\/filtro-ro-larga-duracion-24-meses-osmosis-agua-pura-lghealthisystems-2.jpg","width":1000,"height":1000},{"@type":"BreadcrumbList","@id":"https:\/\/lghealthisystems.eu\/?post_type=product&p=12323#breadcrumb","itemListElement":[{"@type":"ListItem","position":1,"name":"Portada","item":"https:\/\/lghealthisystems.eu\/"},{"@type":"ListItem","position":2,"name":"Shop","item":"https:\/\/lghealthisystems.eu\/de\/shop\/"},{"@type":"ListItem","position":3,"name":"Langlebiger RO-Filter f\u00fcr die h\u00e4usliche Umkehrosmose. Erh\u00f6hte Remineralisierung. Entfernt im Wasser vorhandene Giftstoffe wie Fluorid, Schwermetalle, Glyphosat und Medikamente."}]},{"@type":"WebSite","@id":"https:\/\/lghealthisystems.eu\/#website","url":"https:\/\/lghealthisystems.eu\/","name":"LG Health iSystems","description":"Purifica tu agua de grifo en 3 segundos con nuestra m\u00e1quina de \u00f3smosis inversa dom\u00e9stica. \u00a1Capaz de eliminar todos los elementos t\u00f3xicos presentes en el agua!","publisher":{"@id":"https:\/\/lghealthisystems.eu\/#organization"},"potentialAction":[{"@type":"SearchAction","target":{"@type":"EntryPoint","urlTemplate":"https:\/\/lghealthisystems.eu\/?s={search_term_string}"},"query-input":{"@type":"PropertyValueSpecification","valueRequired":true,"valueName":"search_term_string"}}],"inLanguage":"de"},{"@type":"Organization","@id":"https:\/\/lghealthisystems.eu\/#organization","name":"Lg Health iSystems","url":"https:\/\/lghealthisystems.eu\/","logo":{"@type":"ImageObject","inLanguage":"de","@id":"https:\/\/lghealthisystems.eu\/#\/schema\/logo\/image\/","url":"https:\/\/lghealthisystems.eu\/wp-content\/uploads\/2022\/05\/Logo-Health-i_systems-dorado.png","contentUrl":"https:\/\/lghealthisystems.eu\/wp-content\/uploads\/2022\/05\/Logo-Health-i_systems-dorado.png","width":1123,"height":339,"caption":"Lg Health iSystems"},"image":{"@id":"https:\/\/lghealthisystems.eu\/#\/schema\/logo\/image\/"}}]}},"_links":{"self":[{"href":"https:\/\/lghealthisystems.eu\/de\/wp-json\/wp\/v2\/product\/12326","targetHints":{"allow":["GET"]}}],"collection":[{"href":"https:\/\/lghealthisystems.eu\/de\/wp-json\/wp\/v2\/product"}],"about":[{"href":"https:\/\/lghealthisystems.eu\/de\/wp-json\/wp\/v2\/types\/product"}],"replies":[{"embeddable":true,"href":"https:\/\/lghealthisystems.eu\/de\/wp-json\/wp\/v2\/comments?post=12326"}],"version-history":[{"count":1,"href":"https:\/\/lghealthisystems.eu\/de\/wp-json\/wp\/v2\/product\/12326\/revisions"}],"predecessor-version":[{"id":12487,"href":"https:\/\/lghealthisystems.eu\/de\/wp-json\/wp\/v2\/product\/12326\/revisions\/12487"}],"wp:featuredmedia":[{"embeddable":true,"href":"https:\/\/lghealthisystems.eu\/de\/wp-json\/wp\/v2\/media\/12316"}],"wp:attachment":[{"href":"https:\/\/lghealthisystems.eu\/de\/wp-json\/wp\/v2\/media?parent=12326"}],"wp:term":[{"taxonomy":"product_brand","embeddable":true,"href":"https:\/\/lghealthisystems.eu\/de\/wp-json\/wp\/v2\/product_brand?post=12326"},{"taxonomy":"product_cat","embeddable":true,"href":"https:\/\/lghealthisystems.eu\/de\/wp-json\/wp\/v2\/product_cat?post=12326"},{"taxonomy":"product_tag","embeddable":true,"href":"https:\/\/lghealthisystems.eu\/de\/wp-json\/wp\/v2\/product_tag?post=12326"}],"curies":[{"name":"wp","href":"https:\/\/api.w.org\/{rel}","templated":true}]}}