{"id":10910,"date":"2022-05-16T13:36:06","date_gmt":"2022-05-16T12:36:06","guid":{"rendered":"https:\/\/lghealthisystems.eu\/producto\/packs-of-3-filters-pac-cf-ro-for-domestic-reverse-osmosis\/"},"modified":"2025-11-20T22:29:16","modified_gmt":"2025-11-20T21:29:16","slug":"packs-of-3-filters-pac-cf-ro-for-domestic-reverse-osmosis","status":"publish","type":"product","link":"https:\/\/lghealthisystems.eu\/en\/producto\/packs-of-3-filters-pac-cf-ro-for-domestic-reverse-osmosis\/","title":{"rendered":"Packs of 3 filters (PAC | CF | RO) for Domestic Reverse Osmosis"},"content":{"rendered":"","protected":false},"excerpt":{"rendered":"<p>Our pack of 3 filters (PAC, CF and RO) for our domestic reverse osmosis machine is capable of removing impurities such as sediment, suspended solids, rust, residual chlorine and a multitude of pathogens. In addition, it removes bad water colour, while absorbing unpleasant tastes and odours from the water.<\/p>\n<p><strong>Filters available<\/strong>: CF | PAC | RO<\/p>\n<p><strong>Durability<\/strong>: 24 months (depending on use and water hardness)<\/p>\n","protected":false},"featured_media":12044,"comment_status":"open","ping_status":"closed","template":"","meta":[],"product_brand":[],"product_cat":[135],"product_tag":[],"class_list":{"0":"post-10910","1":"product","2":"type-product","3":"status-publish","4":"has-post-thumbnail","6":"product_cat-accesories","8":"first","9":"outofstock","10":"sale","11":"taxable","12":"shipping-taxable","13":"purchasable","14":"product-type-simple"},"yoast_head":"<!-- This site is optimized with the Yoast SEO plugin v27.4 - https:\/\/yoast.com\/product\/yoast-seo-wordpress\/ -->\n<title>Packs of 3 filters (PAC | CF | RO) for Domestic Reverse Osmosis - LG Health iSystems<\/title>\n<meta name=\"robots\" content=\"index, follow, max-snippet:-1, max-image-preview:large, max-video-preview:-1\" \/>\n<link rel=\"canonical\" href=\"https:\/\/lghealthisystems.eu\/?post_type=product&p=8941\" \/>\n<meta property=\"og:locale\" content=\"en_US\" \/>\n<meta property=\"og:type\" content=\"article\" \/>\n<meta property=\"og:title\" content=\"Packs of 3 filters (PAC | CF | RO) for Domestic Reverse Osmosis - LG Health iSystems\" \/>\n<meta property=\"og:description\" content=\"Our pack of 3 filters (PAC, CF and RO) for our domestic reverse osmosis machine is capable of removing impurities such as sediment, suspended solids, rust, residual chlorine and a multitude of pathogens. In addition, it removes bad water colour, while absorbing unpleasant tastes and odours from the water.  Filters available: CF | PAC | RO  Durability: 24 months (depending on use and water hardness)\" \/>\n<meta property=\"og:url\" content=\"https:\/\/lghealthisystems.eu\/?post_type=product&amp;p=8941\" \/>\n<meta property=\"og:site_name\" content=\"LG Health iSystems\" \/>\n<meta property=\"article:modified_time\" content=\"2025-11-20T21:29:16+00:00\" \/>\n<meta property=\"og:image\" content=\"https:\/\/lghealthisystems.eu\/wp-content\/uploads\/2022\/05\/pack-3-fitros-remineralizacion-agua-osmosis-pac-cf-ro-1.webp\" \/>\n\t<meta property=\"og:image:width\" content=\"1000\" \/>\n\t<meta property=\"og:image:height\" content=\"1000\" \/>\n\t<meta property=\"og:image:type\" content=\"image\/webp\" \/>\n<meta name=\"twitter:card\" content=\"summary_large_image\" \/>\n<script type=\"application\/ld+json\" class=\"yoast-schema-graph\">{\"@context\":\"https:\\\/\\\/schema.org\",\"@graph\":[{\"@type\":\"WebPage\",\"@id\":\"https:\\\/\\\/lghealthisystems.eu\\\/?post_type=product&p=8941\",\"url\":\"https:\\\/\\\/lghealthisystems.eu\\\/?post_type=product&p=8941\",\"name\":\"Packs of 3 filters (PAC | CF | RO) for Domestic Reverse Osmosis - LG Health iSystems\",\"isPartOf\":{\"@id\":\"https:\\\/\\\/lghealthisystems.eu\\\/#website\"},\"primaryImageOfPage\":{\"@id\":\"https:\\\/\\\/lghealthisystems.eu\\\/?post_type=product&p=8941#primaryimage\"},\"image\":{\"@id\":\"https:\\\/\\\/lghealthisystems.eu\\\/?post_type=product&p=8941#primaryimage\"},\"thumbnailUrl\":\"https:\\\/\\\/lghealthisystems.eu\\\/wp-content\\\/uploads\\\/2022\\\/05\\\/pack-3-fitros-remineralizacion-agua-osmosis-pac-cf-ro-1.webp\",\"datePublished\":\"2022-05-16T12:36:06+00:00\",\"dateModified\":\"2025-11-20T21:29:16+00:00\",\"breadcrumb\":{\"@id\":\"https:\\\/\\\/lghealthisystems.eu\\\/?post_type=product&p=8941#breadcrumb\"},\"inLanguage\":\"en-US\",\"potentialAction\":[{\"@type\":\"ReadAction\",\"target\":[\"https:\\\/\\\/lghealthisystems.eu\\\/?post_type=product&p=8941\"]}]},{\"@type\":\"ImageObject\",\"inLanguage\":\"en-US\",\"@id\":\"https:\\\/\\\/lghealthisystems.eu\\\/?post_type=product&p=8941#primaryimage\",\"url\":\"https:\\\/\\\/lghealthisystems.eu\\\/wp-content\\\/uploads\\\/2022\\\/05\\\/pack-3-fitros-remineralizacion-agua-osmosis-pac-cf-ro-1.webp\",\"contentUrl\":\"https:\\\/\\\/lghealthisystems.eu\\\/wp-content\\\/uploads\\\/2022\\\/05\\\/pack-3-fitros-remineralizacion-agua-osmosis-pac-cf-ro-1.webp\",\"width\":1000,\"height\":1000,\"caption\":\"Pack de 3 filtros para \u00d3smosis Inversa Dom\u00e9stica. Mayor Remineralizaci\u00f3n del Agua. Elimina T\u00f3xicos como el Fl\u00faor, Metales Pesados y Glifosato.\"},{\"@type\":\"BreadcrumbList\",\"@id\":\"https:\\\/\\\/lghealthisystems.eu\\\/?post_type=product&p=8941#breadcrumb\",\"itemListElement\":[{\"@type\":\"ListItem\",\"position\":1,\"name\":\"Portada\",\"item\":\"https:\\\/\\\/lghealthisystems.eu\\\/\"},{\"@type\":\"ListItem\",\"position\":2,\"name\":\"Shop\",\"item\":\"https:\\\/\\\/lghealthisystems.eu\\\/en\\\/shop\\\/\"},{\"@type\":\"ListItem\",\"position\":3,\"name\":\"Packs of 3 filters (PAC | CF | RO) for Domestic Reverse Osmosis\"}]},{\"@type\":\"WebSite\",\"@id\":\"https:\\\/\\\/lghealthisystems.eu\\\/#website\",\"url\":\"https:\\\/\\\/lghealthisystems.eu\\\/\",\"name\":\"LG Health iSystems\",\"description\":\"Purifica tu agua de grifo en 3 segundos con nuestra m\u00e1quina de \u00f3smosis inversa dom\u00e9stica. \u00a1Capaz de eliminar todos los elementos t\u00f3xicos presentes en el agua!\",\"publisher\":{\"@id\":\"https:\\\/\\\/lghealthisystems.eu\\\/#organization\"},\"potentialAction\":[{\"@type\":\"SearchAction\",\"target\":{\"@type\":\"EntryPoint\",\"urlTemplate\":\"https:\\\/\\\/lghealthisystems.eu\\\/?s={search_term_string}\"},\"query-input\":{\"@type\":\"PropertyValueSpecification\",\"valueRequired\":true,\"valueName\":\"search_term_string\"}}],\"inLanguage\":\"en-US\"},{\"@type\":\"Organization\",\"@id\":\"https:\\\/\\\/lghealthisystems.eu\\\/#organization\",\"name\":\"Lg Health iSystems\",\"url\":\"https:\\\/\\\/lghealthisystems.eu\\\/\",\"logo\":{\"@type\":\"ImageObject\",\"inLanguage\":\"en-US\",\"@id\":\"https:\\\/\\\/lghealthisystems.eu\\\/#\\\/schema\\\/logo\\\/image\\\/\",\"url\":\"https:\\\/\\\/lghealthisystems.eu\\\/wp-content\\\/uploads\\\/2022\\\/05\\\/Logo-Health-i_systems-dorado.png\",\"contentUrl\":\"https:\\\/\\\/lghealthisystems.eu\\\/wp-content\\\/uploads\\\/2022\\\/05\\\/Logo-Health-i_systems-dorado.png\",\"width\":1123,\"height\":339,\"caption\":\"Lg Health iSystems\"},\"image\":{\"@id\":\"https:\\\/\\\/lghealthisystems.eu\\\/#\\\/schema\\\/logo\\\/image\\\/\"}}]}<\/script>\n<!-- \/ Yoast SEO plugin. -->","yoast_head_json":{"title":"Packs of 3 filters (PAC | CF | RO) for Domestic Reverse Osmosis - LG Health iSystems","robots":{"index":"index","follow":"follow","max-snippet":"max-snippet:-1","max-image-preview":"max-image-preview:large","max-video-preview":"max-video-preview:-1"},"canonical":"https:\/\/lghealthisystems.eu\/?post_type=product&p=8941","og_locale":"en_US","og_type":"article","og_title":"Packs of 3 filters (PAC | CF | RO) for Domestic Reverse Osmosis - LG Health iSystems","og_description":"Our pack of 3 filters (PAC, CF and RO) for our domestic reverse osmosis machine is capable of removing impurities such as sediment, suspended solids, rust, residual chlorine and a multitude of pathogens. In addition, it removes bad water colour, while absorbing unpleasant tastes and odours from the water.  Filters available: CF | PAC | RO  Durability: 24 months (depending on use and water hardness)","og_url":"https:\/\/lghealthisystems.eu\/?post_type=product&p=8941","og_site_name":"LG Health iSystems","article_modified_time":"2025-11-20T21:29:16+00:00","og_image":[{"width":1000,"height":1000,"url":"https:\/\/lghealthisystems.eu\/wp-content\/uploads\/2022\/05\/pack-3-fitros-remineralizacion-agua-osmosis-pac-cf-ro-1.webp","type":"image\/webp"}],"twitter_card":"summary_large_image","schema":{"@context":"https:\/\/schema.org","@graph":[{"@type":"WebPage","@id":"https:\/\/lghealthisystems.eu\/?post_type=product&p=8941","url":"https:\/\/lghealthisystems.eu\/?post_type=product&p=8941","name":"Packs of 3 filters (PAC | CF | RO) for Domestic Reverse Osmosis - LG Health iSystems","isPartOf":{"@id":"https:\/\/lghealthisystems.eu\/#website"},"primaryImageOfPage":{"@id":"https:\/\/lghealthisystems.eu\/?post_type=product&p=8941#primaryimage"},"image":{"@id":"https:\/\/lghealthisystems.eu\/?post_type=product&p=8941#primaryimage"},"thumbnailUrl":"https:\/\/lghealthisystems.eu\/wp-content\/uploads\/2022\/05\/pack-3-fitros-remineralizacion-agua-osmosis-pac-cf-ro-1.webp","datePublished":"2022-05-16T12:36:06+00:00","dateModified":"2025-11-20T21:29:16+00:00","breadcrumb":{"@id":"https:\/\/lghealthisystems.eu\/?post_type=product&p=8941#breadcrumb"},"inLanguage":"en-US","potentialAction":[{"@type":"ReadAction","target":["https:\/\/lghealthisystems.eu\/?post_type=product&p=8941"]}]},{"@type":"ImageObject","inLanguage":"en-US","@id":"https:\/\/lghealthisystems.eu\/?post_type=product&p=8941#primaryimage","url":"https:\/\/lghealthisystems.eu\/wp-content\/uploads\/2022\/05\/pack-3-fitros-remineralizacion-agua-osmosis-pac-cf-ro-1.webp","contentUrl":"https:\/\/lghealthisystems.eu\/wp-content\/uploads\/2022\/05\/pack-3-fitros-remineralizacion-agua-osmosis-pac-cf-ro-1.webp","width":1000,"height":1000,"caption":"Pack de 3 filtros para \u00d3smosis Inversa Dom\u00e9stica. Mayor Remineralizaci\u00f3n del Agua. Elimina T\u00f3xicos como el Fl\u00faor, Metales Pesados y Glifosato."},{"@type":"BreadcrumbList","@id":"https:\/\/lghealthisystems.eu\/?post_type=product&p=8941#breadcrumb","itemListElement":[{"@type":"ListItem","position":1,"name":"Portada","item":"https:\/\/lghealthisystems.eu\/"},{"@type":"ListItem","position":2,"name":"Shop","item":"https:\/\/lghealthisystems.eu\/en\/shop\/"},{"@type":"ListItem","position":3,"name":"Packs of 3 filters (PAC | CF | RO) for Domestic Reverse Osmosis"}]},{"@type":"WebSite","@id":"https:\/\/lghealthisystems.eu\/#website","url":"https:\/\/lghealthisystems.eu\/","name":"LG Health iSystems","description":"Purifica tu agua de grifo en 3 segundos con nuestra m\u00e1quina de \u00f3smosis inversa dom\u00e9stica. \u00a1Capaz de eliminar todos los elementos t\u00f3xicos presentes en el agua!","publisher":{"@id":"https:\/\/lghealthisystems.eu\/#organization"},"potentialAction":[{"@type":"SearchAction","target":{"@type":"EntryPoint","urlTemplate":"https:\/\/lghealthisystems.eu\/?s={search_term_string}"},"query-input":{"@type":"PropertyValueSpecification","valueRequired":true,"valueName":"search_term_string"}}],"inLanguage":"en-US"},{"@type":"Organization","@id":"https:\/\/lghealthisystems.eu\/#organization","name":"Lg Health iSystems","url":"https:\/\/lghealthisystems.eu\/","logo":{"@type":"ImageObject","inLanguage":"en-US","@id":"https:\/\/lghealthisystems.eu\/#\/schema\/logo\/image\/","url":"https:\/\/lghealthisystems.eu\/wp-content\/uploads\/2022\/05\/Logo-Health-i_systems-dorado.png","contentUrl":"https:\/\/lghealthisystems.eu\/wp-content\/uploads\/2022\/05\/Logo-Health-i_systems-dorado.png","width":1123,"height":339,"caption":"Lg Health iSystems"},"image":{"@id":"https:\/\/lghealthisystems.eu\/#\/schema\/logo\/image\/"}}]}},"_links":{"self":[{"href":"https:\/\/lghealthisystems.eu\/en\/wp-json\/wp\/v2\/product\/10910","targetHints":{"allow":["GET"]}}],"collection":[{"href":"https:\/\/lghealthisystems.eu\/en\/wp-json\/wp\/v2\/product"}],"about":[{"href":"https:\/\/lghealthisystems.eu\/en\/wp-json\/wp\/v2\/types\/product"}],"replies":[{"embeddable":true,"href":"https:\/\/lghealthisystems.eu\/en\/wp-json\/wp\/v2\/comments?post=10910"}],"version-history":[{"count":1,"href":"https:\/\/lghealthisystems.eu\/en\/wp-json\/wp\/v2\/product\/10910\/revisions"}],"predecessor-version":[{"id":12478,"href":"https:\/\/lghealthisystems.eu\/en\/wp-json\/wp\/v2\/product\/10910\/revisions\/12478"}],"wp:featuredmedia":[{"embeddable":true,"href":"https:\/\/lghealthisystems.eu\/en\/wp-json\/wp\/v2\/media\/12044"}],"wp:attachment":[{"href":"https:\/\/lghealthisystems.eu\/en\/wp-json\/wp\/v2\/media?parent=10910"}],"wp:term":[{"taxonomy":"product_brand","embeddable":true,"href":"https:\/\/lghealthisystems.eu\/en\/wp-json\/wp\/v2\/product_brand?post=10910"},{"taxonomy":"product_cat","embeddable":true,"href":"https:\/\/lghealthisystems.eu\/en\/wp-json\/wp\/v2\/product_cat?post=10910"},{"taxonomy":"product_tag","embeddable":true,"href":"https:\/\/lghealthisystems.eu\/en\/wp-json\/wp\/v2\/product_tag?post=10910"}],"curies":[{"name":"wp","href":"https:\/\/api.w.org\/{rel}","templated":true}]}}