{"id":11646,"date":"2022-11-21T14:19:07","date_gmt":"2022-11-21T13:19:07","guid":{"rendered":"https:\/\/lghealthisystems.eu\/producto\/detoxsil-silicon-dioxide-30-ml\/"},"modified":"2025-02-13T23:11:22","modified_gmt":"2025-02-13T22:11:22","slug":"detoxsil-silicon-dioxide-30-ml","status":"publish","type":"product","link":"https:\/\/lghealthisystems.eu\/en\/producto\/detoxsil-silicon-dioxide-30-ml\/","title":{"rendered":"DetoxSil &#8211; Silicon Dioxide &#8211; 30 ml"},"content":{"rendered":"","protected":false},"excerpt":{"rendered":"<p><strong>DetoxSil<\/strong> by NaturalPharma Labs is a product manufactured under the highest quality standards whose function is <strong>to prevent the accumulation of different toxins in our body<\/strong>, such as aluminium, mercury and other <strong>heavy metals<\/strong>. In this way, DetoxSil, or silicon dioxide, helps our body to perform a <strong>detox function<\/strong>.<\/p>\n<p><strong>Benefits of DetoxSil:<\/strong><\/p>\n<ul>\n<li>Helps our body to eliminate <strong>heavy metals<\/strong>.<\/li>\n<li>Promotes the <strong>formation of collagen<\/strong>, improving the health of skin, hair and nails.<\/li>\n<li>Contributes to the correct functioning and <strong>regeneration of the bone system<\/strong>.<br \/>\nImproves <strong>bone mineral density.<\/strong><\/li>\n<\/ul>\n<p><strong>How to administer?<\/strong><\/p>\n<p>Add to \u00bd glass of water or orange juice. Take preferably half an hour before or 2 hours after eating.<\/p>\n<p><strong>Recommended daily dose<\/strong>: 5 drops a day.<\/p>\n<p><strong>Food supplement composed of silicon dioxide to ensure the proper health of the body and the detoxification of heavy metals. 100% vegan, gluten-free, sugar-free, preservative-free, no additives or artificial flavourings. Non GMO. BPA free and recyclable packaging.<\/strong><\/p>\n","protected":false},"featured_media":11589,"comment_status":"open","ping_status":"closed","template":"","meta":[],"product_brand":[],"product_cat":[135],"product_tag":[],"class_list":{"0":"post-11646","1":"product","2":"type-product","3":"status-publish","4":"has-post-thumbnail","6":"product_cat-accesories","8":"first","9":"outofstock","10":"taxable","11":"shipping-taxable","12":"purchasable","13":"product-type-simple"},"yoast_head":"<!-- This site is optimized with the Yoast SEO plugin v27.3 - https:\/\/yoast.com\/product\/yoast-seo-wordpress\/ -->\n<title>DetoxSil - Silicon Dioxide - 30 ml - NaturalPharma<\/title>\n<meta name=\"description\" content=\"DetoxSil is a food supplement whose function is to prevent the accumulation of toxins in the body, such as aluminium and other heavy metals.\" \/>\n<meta name=\"robots\" content=\"index, follow, max-snippet:-1, max-image-preview:large, max-video-preview:-1\" \/>\n<link rel=\"canonical\" href=\"https:\/\/lghealthisystems.eu\/?post_type=product&p=11565\" \/>\n<meta property=\"og:locale\" content=\"en_US\" \/>\n<meta property=\"og:type\" content=\"article\" \/>\n<meta property=\"og:title\" content=\"DetoxSil - Silicon Dioxide - 30 ml - NaturalPharma\" \/>\n<meta property=\"og:description\" content=\"DetoxSil is a food supplement whose function is to prevent the accumulation of toxins in the body, such as aluminium and other heavy metals.\" \/>\n<meta property=\"og:url\" content=\"https:\/\/lghealthisystems.eu\/?post_type=product&amp;p=11565\" \/>\n<meta property=\"og:site_name\" content=\"LG Health iSystems\" \/>\n<meta property=\"article:modified_time\" content=\"2025-02-13T22:11:22+00:00\" \/>\n<meta property=\"og:image\" content=\"https:\/\/lghealthisystems.eu\/wp-content\/uploads\/2022\/11\/Detoxil-dioxido-silicio-elimina-metales-pesados.jpg\" \/>\n\t<meta property=\"og:image:width\" content=\"2000\" \/>\n\t<meta property=\"og:image:height\" content=\"2000\" \/>\n\t<meta property=\"og:image:type\" content=\"image\/jpeg\" \/>\n<meta name=\"twitter:card\" content=\"summary_large_image\" \/>\n<script type=\"application\/ld+json\" class=\"yoast-schema-graph\">{\"@context\":\"https:\\\/\\\/schema.org\",\"@graph\":[{\"@type\":\"WebPage\",\"@id\":\"https:\\\/\\\/lghealthisystems.eu\\\/?post_type=product&p=11565\",\"url\":\"https:\\\/\\\/lghealthisystems.eu\\\/?post_type=product&p=11565\",\"name\":\"DetoxSil - Silicon Dioxide - 30 ml - NaturalPharma\",\"isPartOf\":{\"@id\":\"https:\\\/\\\/lghealthisystems.eu\\\/#website\"},\"primaryImageOfPage\":{\"@id\":\"https:\\\/\\\/lghealthisystems.eu\\\/?post_type=product&p=11565#primaryimage\"},\"image\":{\"@id\":\"https:\\\/\\\/lghealthisystems.eu\\\/?post_type=product&p=11565#primaryimage\"},\"thumbnailUrl\":\"https:\\\/\\\/lghealthisystems.eu\\\/wp-content\\\/uploads\\\/2022\\\/11\\\/Detoxil-dioxido-silicio-elimina-metales-pesados.jpg\",\"datePublished\":\"2022-11-21T13:19:07+00:00\",\"dateModified\":\"2025-02-13T22:11:22+00:00\",\"description\":\"DetoxSil is a food supplement whose function is to prevent the accumulation of toxins in the body, such as aluminium and other heavy metals.\",\"breadcrumb\":{\"@id\":\"https:\\\/\\\/lghealthisystems.eu\\\/?post_type=product&p=11565#breadcrumb\"},\"inLanguage\":\"en-US\",\"potentialAction\":[{\"@type\":\"ReadAction\",\"target\":[\"https:\\\/\\\/lghealthisystems.eu\\\/?post_type=product&p=11565\"]}]},{\"@type\":\"ImageObject\",\"inLanguage\":\"en-US\",\"@id\":\"https:\\\/\\\/lghealthisystems.eu\\\/?post_type=product&p=11565#primaryimage\",\"url\":\"https:\\\/\\\/lghealthisystems.eu\\\/wp-content\\\/uploads\\\/2022\\\/11\\\/Detoxil-dioxido-silicio-elimina-metales-pesados.jpg\",\"contentUrl\":\"https:\\\/\\\/lghealthisystems.eu\\\/wp-content\\\/uploads\\\/2022\\\/11\\\/Detoxil-dioxido-silicio-elimina-metales-pesados.jpg\",\"width\":2000,\"height\":2000,\"caption\":\"DetoxSil, removes heavy metals\"},{\"@type\":\"BreadcrumbList\",\"@id\":\"https:\\\/\\\/lghealthisystems.eu\\\/?post_type=product&p=11565#breadcrumb\",\"itemListElement\":[{\"@type\":\"ListItem\",\"position\":1,\"name\":\"Portada\",\"item\":\"https:\\\/\\\/lghealthisystems.eu\\\/\"},{\"@type\":\"ListItem\",\"position\":2,\"name\":\"Shop\",\"item\":\"https:\\\/\\\/lghealthisystems.eu\\\/en\\\/shop\\\/\"},{\"@type\":\"ListItem\",\"position\":3,\"name\":\"DetoxSil &#8211; Silicon Dioxide &#8211; 30 ml\"}]},{\"@type\":\"WebSite\",\"@id\":\"https:\\\/\\\/lghealthisystems.eu\\\/#website\",\"url\":\"https:\\\/\\\/lghealthisystems.eu\\\/\",\"name\":\"LG Health iSystems\",\"description\":\"Purifica tu agua de grifo en 3 segundos con nuestra m\u00e1quina de \u00f3smosis inversa dom\u00e9stica. \u00a1Capaz de eliminar todos los elementos t\u00f3xicos presentes en el agua!\",\"publisher\":{\"@id\":\"https:\\\/\\\/lghealthisystems.eu\\\/#organization\"},\"potentialAction\":[{\"@type\":\"SearchAction\",\"target\":{\"@type\":\"EntryPoint\",\"urlTemplate\":\"https:\\\/\\\/lghealthisystems.eu\\\/?s={search_term_string}\"},\"query-input\":{\"@type\":\"PropertyValueSpecification\",\"valueRequired\":true,\"valueName\":\"search_term_string\"}}],\"inLanguage\":\"en-US\"},{\"@type\":\"Organization\",\"@id\":\"https:\\\/\\\/lghealthisystems.eu\\\/#organization\",\"name\":\"Lg Health iSystems\",\"url\":\"https:\\\/\\\/lghealthisystems.eu\\\/\",\"logo\":{\"@type\":\"ImageObject\",\"inLanguage\":\"en-US\",\"@id\":\"https:\\\/\\\/lghealthisystems.eu\\\/#\\\/schema\\\/logo\\\/image\\\/\",\"url\":\"https:\\\/\\\/lghealthisystems.eu\\\/wp-content\\\/uploads\\\/2022\\\/05\\\/Logo-Health-i_systems-dorado.png\",\"contentUrl\":\"https:\\\/\\\/lghealthisystems.eu\\\/wp-content\\\/uploads\\\/2022\\\/05\\\/Logo-Health-i_systems-dorado.png\",\"width\":1123,\"height\":339,\"caption\":\"Lg Health iSystems\"},\"image\":{\"@id\":\"https:\\\/\\\/lghealthisystems.eu\\\/#\\\/schema\\\/logo\\\/image\\\/\"}}]}<\/script>\n<!-- \/ Yoast SEO plugin. -->","yoast_head_json":{"title":"DetoxSil - Silicon Dioxide - 30 ml - NaturalPharma","description":"DetoxSil is a food supplement whose function is to prevent the accumulation of toxins in the body, such as aluminium and other heavy metals.","robots":{"index":"index","follow":"follow","max-snippet":"max-snippet:-1","max-image-preview":"max-image-preview:large","max-video-preview":"max-video-preview:-1"},"canonical":"https:\/\/lghealthisystems.eu\/?post_type=product&p=11565","og_locale":"en_US","og_type":"article","og_title":"DetoxSil - Silicon Dioxide - 30 ml - NaturalPharma","og_description":"DetoxSil is a food supplement whose function is to prevent the accumulation of toxins in the body, such as aluminium and other heavy metals.","og_url":"https:\/\/lghealthisystems.eu\/?post_type=product&p=11565","og_site_name":"LG Health iSystems","article_modified_time":"2025-02-13T22:11:22+00:00","og_image":[{"width":2000,"height":2000,"url":"https:\/\/lghealthisystems.eu\/wp-content\/uploads\/2022\/11\/Detoxil-dioxido-silicio-elimina-metales-pesados.jpg","type":"image\/jpeg"}],"twitter_card":"summary_large_image","schema":{"@context":"https:\/\/schema.org","@graph":[{"@type":"WebPage","@id":"https:\/\/lghealthisystems.eu\/?post_type=product&p=11565","url":"https:\/\/lghealthisystems.eu\/?post_type=product&p=11565","name":"DetoxSil - Silicon Dioxide - 30 ml - NaturalPharma","isPartOf":{"@id":"https:\/\/lghealthisystems.eu\/#website"},"primaryImageOfPage":{"@id":"https:\/\/lghealthisystems.eu\/?post_type=product&p=11565#primaryimage"},"image":{"@id":"https:\/\/lghealthisystems.eu\/?post_type=product&p=11565#primaryimage"},"thumbnailUrl":"https:\/\/lghealthisystems.eu\/wp-content\/uploads\/2022\/11\/Detoxil-dioxido-silicio-elimina-metales-pesados.jpg","datePublished":"2022-11-21T13:19:07+00:00","dateModified":"2025-02-13T22:11:22+00:00","description":"DetoxSil is a food supplement whose function is to prevent the accumulation of toxins in the body, such as aluminium and other heavy metals.","breadcrumb":{"@id":"https:\/\/lghealthisystems.eu\/?post_type=product&p=11565#breadcrumb"},"inLanguage":"en-US","potentialAction":[{"@type":"ReadAction","target":["https:\/\/lghealthisystems.eu\/?post_type=product&p=11565"]}]},{"@type":"ImageObject","inLanguage":"en-US","@id":"https:\/\/lghealthisystems.eu\/?post_type=product&p=11565#primaryimage","url":"https:\/\/lghealthisystems.eu\/wp-content\/uploads\/2022\/11\/Detoxil-dioxido-silicio-elimina-metales-pesados.jpg","contentUrl":"https:\/\/lghealthisystems.eu\/wp-content\/uploads\/2022\/11\/Detoxil-dioxido-silicio-elimina-metales-pesados.jpg","width":2000,"height":2000,"caption":"DetoxSil, removes heavy metals"},{"@type":"BreadcrumbList","@id":"https:\/\/lghealthisystems.eu\/?post_type=product&p=11565#breadcrumb","itemListElement":[{"@type":"ListItem","position":1,"name":"Portada","item":"https:\/\/lghealthisystems.eu\/"},{"@type":"ListItem","position":2,"name":"Shop","item":"https:\/\/lghealthisystems.eu\/en\/shop\/"},{"@type":"ListItem","position":3,"name":"DetoxSil &#8211; Silicon Dioxide &#8211; 30 ml"}]},{"@type":"WebSite","@id":"https:\/\/lghealthisystems.eu\/#website","url":"https:\/\/lghealthisystems.eu\/","name":"LG Health iSystems","description":"Purifica tu agua de grifo en 3 segundos con nuestra m\u00e1quina de \u00f3smosis inversa dom\u00e9stica. \u00a1Capaz de eliminar todos los elementos t\u00f3xicos presentes en el agua!","publisher":{"@id":"https:\/\/lghealthisystems.eu\/#organization"},"potentialAction":[{"@type":"SearchAction","target":{"@type":"EntryPoint","urlTemplate":"https:\/\/lghealthisystems.eu\/?s={search_term_string}"},"query-input":{"@type":"PropertyValueSpecification","valueRequired":true,"valueName":"search_term_string"}}],"inLanguage":"en-US"},{"@type":"Organization","@id":"https:\/\/lghealthisystems.eu\/#organization","name":"Lg Health iSystems","url":"https:\/\/lghealthisystems.eu\/","logo":{"@type":"ImageObject","inLanguage":"en-US","@id":"https:\/\/lghealthisystems.eu\/#\/schema\/logo\/image\/","url":"https:\/\/lghealthisystems.eu\/wp-content\/uploads\/2022\/05\/Logo-Health-i_systems-dorado.png","contentUrl":"https:\/\/lghealthisystems.eu\/wp-content\/uploads\/2022\/05\/Logo-Health-i_systems-dorado.png","width":1123,"height":339,"caption":"Lg Health iSystems"},"image":{"@id":"https:\/\/lghealthisystems.eu\/#\/schema\/logo\/image\/"}}]}},"_links":{"self":[{"href":"https:\/\/lghealthisystems.eu\/en\/wp-json\/wp\/v2\/product\/11646","targetHints":{"allow":["GET"]}}],"collection":[{"href":"https:\/\/lghealthisystems.eu\/en\/wp-json\/wp\/v2\/product"}],"about":[{"href":"https:\/\/lghealthisystems.eu\/en\/wp-json\/wp\/v2\/types\/product"}],"replies":[{"embeddable":true,"href":"https:\/\/lghealthisystems.eu\/en\/wp-json\/wp\/v2\/comments?post=11646"}],"version-history":[{"count":0,"href":"https:\/\/lghealthisystems.eu\/en\/wp-json\/wp\/v2\/product\/11646\/revisions"}],"wp:featuredmedia":[{"embeddable":true,"href":"https:\/\/lghealthisystems.eu\/en\/wp-json\/wp\/v2\/media\/11589"}],"wp:attachment":[{"href":"https:\/\/lghealthisystems.eu\/en\/wp-json\/wp\/v2\/media?parent=11646"}],"wp:term":[{"taxonomy":"product_brand","embeddable":true,"href":"https:\/\/lghealthisystems.eu\/en\/wp-json\/wp\/v2\/product_brand?post=11646"},{"taxonomy":"product_cat","embeddable":true,"href":"https:\/\/lghealthisystems.eu\/en\/wp-json\/wp\/v2\/product_cat?post=11646"},{"taxonomy":"product_tag","embeddable":true,"href":"https:\/\/lghealthisystems.eu\/en\/wp-json\/wp\/v2\/product_tag?post=11646"}],"curies":[{"name":"wp","href":"https:\/\/api.w.org\/{rel}","templated":true}]}}