{"id":10776,"date":"2022-05-16T09:55:24","date_gmt":"2022-05-16T08:55:24","guid":{"rendered":"https:\/\/lghealthisystems.eu\/que-filtre-losmose-inverse-domestique\/"},"modified":"2024-04-11T10:59:43","modified_gmt":"2024-04-11T09:59:43","slug":"que-filtre-losmose-inverse-domestique","status":"publish","type":"page","link":"https:\/\/lghealthisystems.eu\/fr\/que-filtre-losmose-inverse-domestique\/","title":{"rendered":"Que filtre l&rsquo;osmose inverse domestique?"},"content":{"rendered":"<h1>Qu&rsquo;est-ce que notre appareil d&rsquo;osmose inverse domestique \u00e9limine??<\/p>\n<h2 style=\"font-size:1.2rem;\">(et ce que les autres appareils ne filtrent pas)<\/h2>\n<\/h1>\n<p>\t\t<strong>Tous ces \u00e9l\u00e9ments toxiques sont pr\u00e9sents dans l&rsquo;eau<\/strong> que nous buvons chaque jour, dans une mesure plus ou moins grande, mais ils sont pr\u00e9sents.<br \/>\nQue ce soit dans l&rsquo;eau en bouteille ou dans l&rsquo;eau du robinet. <strong>Seule notre osmose inverse domestique est capable d&rsquo;\u00e9liminer compl\u00e8tement la pr\u00e9sence de ces \u00e9l\u00e9ments<\/strong> dans l&rsquo;eau.\t\t<\/p>\n<figure><img loading=\"lazy\" decoding=\"async\" width=\"64\" height=\"64\" src=\"https:\/\/lghealthisystems.eu\/wp-content\/uploads\/2022\/05\/osmosis-inversa-domestica-bacterias-y-virus.png\" alt=\"\" loading=\"lazy\" \/><\/figure>\n<h2>Bact\u00e9ries et virus<\/h2>\n<p>Les bact\u00e9ries telles que Escherichia coli et les coliformes sont parmi les bact\u00e9ries les plus courantes dans les syst\u00e8mes d&rsquo;eau. Ils peuvent provoquer des probl\u00e8mes dans le syst\u00e8me digestif tels que des diarrh\u00e9es, des douleurs abdominales s\u00e9v\u00e8res ou des infections gastro-intestinales.<\/p>\n<figure><img loading=\"lazy\" decoding=\"async\" width=\"64\" height=\"64\" src=\"https:\/\/lghealthisystems.eu\/wp-content\/uploads\/2022\/05\/osmosis-inversa-domestica-pesticida.png\" alt=\"\" loading=\"lazy\" \/><\/figure>\n<h2>Pesticides dans l&rsquo;eau<\/h2>\n<p>Les pesticides sont utilis\u00e9s pour tuer, repousser ou r\u00e9guler la croissance des nuisibles, mais le probl\u00e8me est qu&rsquo;\u00e0 force d&rsquo;\u00eatre mal utilis\u00e9s, ils finissent par se retrouver dans nos syst\u00e8mes d&rsquo;eau.<\/p>\n<figure><img loading=\"lazy\" decoding=\"async\" width=\"64\" height=\"64\" src=\"https:\/\/lghealthisystems.eu\/wp-content\/uploads\/2022\/05\/osmosis-inversa-domestica-arsenico.png\" alt=\"\" loading=\"lazy\" \/><\/figure>\n<h2>Arsenic dans l&rsquo;eau<\/h2>\n<p>Une \u00e9tude de la Society for Risk Analysis (SRA) affirme que la consommation d&rsquo;arsenic inorganique a un effet cumulatif sur notre organisme et pourrait entra\u00eener des maladies \u00e0 long terme.<\/p>\n<figure><img loading=\"lazy\" decoding=\"async\" width=\"64\" height=\"64\" src=\"https:\/\/lghealthisystems.eu\/wp-content\/uploads\/2022\/05\/osmosis-inversa-domestica-nuez.png\" alt=\"\" loading=\"lazy\" \/><\/figure>\n<h2>M\u00e9taux lourds dans l&rsquo;eau<\/h2>\n<p>Le cuivre, le plomb, le zinc et le cadmium, entre autres, sont des m\u00e9taux lourds pr\u00e9sents dans l&rsquo;eau potable.<\/br> La consommation prolong\u00e9e d&rsquo;eau contamin\u00e9e par ces m\u00e9taux peut entra\u00eener des probl\u00e8mes gastro-intestinaux, r\u00e9naux, osseux et cardiovasculaires.<\/p>\n<figure><img loading=\"lazy\" decoding=\"async\" width=\"64\" height=\"64\" src=\"https:\/\/lghealthisystems.eu\/wp-content\/uploads\/2022\/05\/osmosis-inversa-domestica-cianuro.png\" alt=\"\" loading=\"lazy\" \/><\/figure>\n<h2>Cyanure dans l&rsquo;eau<\/h2>\n<p>Selon les Centres am\u00e9ricains de contr\u00f4le et de pr\u00e9vention des maladies, le cyanure emp\u00eache l&rsquo;oxyg\u00e8ne d&rsquo;atteindre les autres cellules du corps, ce qui entrave le processus de respiration cellulaire.<\/p>\n<figure><img loading=\"lazy\" decoding=\"async\" width=\"64\" height=\"64\" src=\"https:\/\/lghealthisystems.eu\/wp-content\/uploads\/2022\/05\/osmosis-inversa-domestica-fluor.png\" alt=\"\" loading=\"lazy\" \/><\/figure>\n<h2>Fluorure dans l&rsquo;eau<\/h2>\n<p>Selon les recommandations de l&rsquo;American Diabetes Association (ADA), \u00e0 travers une \u00e9tude men\u00e9e par le gouvernement espagnol, l&rsquo;eau contenant des niveaux \u00e9lev\u00e9s de fluorure ne devrait pas \u00eatre utilis\u00e9e pour la consommation quotidienne des nourrissons et des enfants de moins de 8 ans.<\/p>\n<figure><img loading=\"lazy\" decoding=\"async\" width=\"64\" height=\"64\" src=\"https:\/\/lghealthisystems.eu\/wp-content\/uploads\/2022\/05\/osmosis-inversa-domestica-nitrato.png\" alt=\"\" loading=\"lazy\" \/><\/figure>\n<h2>Nitrates dans l&rsquo;eau<\/h2>\n<p>Selon Greenpeace, le minist\u00e8re de la Transition \u00e9cologique et du D\u00e9fi d\u00e9mographique affirme que 30 % des stations de surveillance des eaux souterraines et 50 % des eaux de surface sont de qualit\u00e9 sous-optimale en raison de la contamination par les nitrates, qui provoque une m\u00e9th\u00e9moglobin\u00e9mie chez les nourrissons et, \u00e0 des concentrations plus \u00e9lev\u00e9es, une asphyxie et des probl\u00e8mes gastriques.<\/p>\n<figure><img loading=\"lazy\" decoding=\"async\" width=\"64\" height=\"64\" src=\"https:\/\/lghealthisystems.eu\/wp-content\/uploads\/2022\/05\/osmosis-inversa-domestica-cloro.png\" alt=\"\" loading=\"lazy\" \/><\/figure>\n<h2>Chlore dans l&rsquo;eau<\/h2>\n<p>Le chlore, qui est pr\u00e9sent dans l&rsquo;eau, peut former des sous-produits de chloration qui ont \u00e9t\u00e9 associ\u00e9s \u00e0 une augmentation de diverses maladies. <\/br>En outre, il a \u00e9t\u00e9 d\u00e9montr\u00e9 que des niveaux \u00e9lev\u00e9s de chlore dans l&rsquo;eau peuvent alt\u00e9rer son odeur et son go\u00fbt.<\/p>\n<figure><img loading=\"lazy\" decoding=\"async\" width=\"64\" height=\"64\" src=\"https:\/\/lghealthisystems.eu\/wp-content\/uploads\/2022\/05\/osmosis-inversa-domestica-cloroformo-2.png\" alt=\"\" loading=\"lazy\" \/><\/figure>\n<h2>Chloroforme dans l&rsquo;eau<\/h2>\n<p>Le Registro Estatal de Emisiones y Fuentes Contaminantes du gouvernement espagnol et l&rsquo;Agency for Toxic Substances and Disease Registry du CDC indiquent que l&rsquo;exposition \u00e0 de grandes quantit\u00e9s de cette substance peut affecter le syst\u00e8me nerveux central, le foie et les reins.<\/p>\n<figure><img loading=\"lazy\" decoding=\"async\" width=\"64\" height=\"64\" src=\"https:\/\/lghealthisystems.eu\/wp-content\/uploads\/2022\/05\/osmosis-inversa-domestica-aluminio.png\" alt=\"\" loading=\"lazy\" \/><\/figure>\n<h2>L&rsquo;aluminium dans l&rsquo;eau<\/h2>\n<p>L&rsquo;aluminium est consid\u00e9r\u00e9 comme un \u00e9l\u00e9ment non toxique. Cependant, il constitue un risque pour la sant\u00e9 lorsqu&rsquo;il y a une forte exposition. De m\u00eame, plus nous r\u00e9duisons les niveaux d&rsquo;aluminium dans notre eau, mieux c&rsquo;est.<\/p>\n<figure><img loading=\"lazy\" decoding=\"async\" width=\"64\" height=\"64\" src=\"https:\/\/lghealthisystems.eu\/wp-content\/uploads\/2022\/05\/osmosis-inversa-domestica-hierro.png\" alt=\"\" loading=\"lazy\" \/><\/figure>\n<h2>Fer et mangan\u00e8se dans l&rsquo;eau<\/h2>\n<p>Le fer et le mangan\u00e8se sont deux des contaminants chimiques les plus courants dans les sources d&rsquo;eau potable.<\/br>L&rsquo;eau contamin\u00e9e par le fer et le mangan\u00e8se contient presque toujours des bact\u00e9ries, qui se nourrissent des min\u00e9raux pr\u00e9sents dans l&rsquo;eau que nous ing\u00e9rons.<\/p>\n<figure><img loading=\"lazy\" decoding=\"async\" width=\"64\" height=\"64\" src=\"https:\/\/lghealthisystems.eu\/wp-content\/uploads\/2022\/05\/osmosis-inversa-domestica-sulfato.png\" alt=\"\" loading=\"lazy\" \/><\/figure>\n<h2>Sulfate dans l&rsquo;eau<\/h2>\n<p>Selon une \u00e9tude r\u00e9alis\u00e9e par la direction g\u00e9n\u00e9rale de la sant\u00e9 publique et de la participation du minist\u00e8re de la sant\u00e9 et de la consommation des \u00eeles Bal\u00e9ares, l&rsquo;ingestion d&rsquo;eau \u00e0 forte teneur en sulfates peut avoir un effet laxatif sur l&rsquo;homme.<\/p>\n<figure><img loading=\"lazy\" decoding=\"async\" width=\"64\" height=\"64\" src=\"https:\/\/lghealthisystems.eu\/wp-content\/uploads\/2022\/05\/osmosis-inversa-domestica-calcio.png\" alt=\"\" loading=\"lazy\" \/><\/figure>\n<h2>Calcium et magn\u00e9sium dans l&rsquo;eau<\/h2>\n<p>La forte pr\u00e9sence de calcaire et de magn\u00e9sium pr\u00e9domine dans les eaux \u00e0 forte duret\u00e9. Bien que l&rsquo;eau dure nous apporte plus de min\u00e9raux que l&rsquo;eau douce, la consommation d&rsquo;une eau \u00e0 forte teneur en sels de magn\u00e9sium et de calcium peut entra\u00eener la formation de calculs r\u00e9naux, selon une \u00e9tude r\u00e9alis\u00e9e par l&rsquo;Institut de sant\u00e9 publique et du travail de Navarre.<\/p>\n<figure><img loading=\"lazy\" decoding=\"async\" width=\"64\" height=\"64\" src=\"https:\/\/lghealthisystems.eu\/wp-content\/uploads\/2022\/05\/osmosis-inversa-domestica-estroncio.png\" alt=\"\" loading=\"lazy\" \/><\/figure>\n<h2>Strontium dans l&rsquo;eau<\/h2>\n<p>Le strontium entre en contact avec nous par le biais des aliments et de l&rsquo;eau potable.<\/br>Selon l&rsquo;Agency for Toxic Substances and Disease Registry (ATSDR), respirer ou ing\u00e9rer des niveaux \u00e9lev\u00e9s de strontium peut perturber la croissance osseuse des enfants et entra\u00eener une an\u00e9mie.<\/p>\n<figure><img loading=\"lazy\" decoding=\"async\" width=\"64\" height=\"64\" src=\"https:\/\/lghealthisystems.eu\/wp-content\/uploads\/2022\/05\/osmosis-inversa-domestica-glifosato-1.png\" alt=\"\" loading=\"lazy\" \/><\/figure>\n<h2>Glyphosate dans l&rsquo;eau<\/h2>\n<p>L&rsquo;exposition \u00e0 des quantit\u00e9s importantes ou continues de glyphosate peut provoquer des sympt\u00f4mes graves tels que des crampes abdominales, un essoufflement, une somnolence, une pression sanguine basse et m\u00eame une insuffisance r\u00e9nale.<\/p>\n<p>\t\t\t<a href=\"https:\/\/lghealthisystems.eu\/wp-content\/uploads\/2022\/07\/informe_FR_osmosis.pdf\" target=\"_blank\" role=\"button\" rel=\"noopener\"><br \/>\n\t\t\t\t\t\tVoir le rapport de microbiologie<br \/>\n\t\t\t\t\t<\/a><\/p>\n<h3>R\u00e9f\u00e9rences bibliographiques<\/h3>\n<ul>\n<li><a href=\"https:\/\/www.atsdr.cdc.gov\/es\/phs\/es_phs8.html\">Agencia para Sustancias T\u00f3xicas y el Registro de Enfermedades. (2016).\u00a0<em>Res\u00famenes de Salud P\u00fablica \u2013 Cianuro (Cyanide)<\/em>.<\/a><\/li>\n<\/ul>\n<ul>\n<li><a href=\"https:\/\/www.atsdr.cdc.gov\/es\/phs\/es_phs6.html#\">Agencia para Sustancias T\u00f3xicas y el Registro de Enfermedades. (2016). Cloroformo (Chloroform)<\/a><\/li>\n<\/ul>\n<ul>\n<li><a href=\"https:\/\/www.caib.es\/sites\/salutambiental\/es\/sulfats-26202\/\">Direcci\u00f3n General de Salud P\u00fablica y Participaci\u00f3n. (s\/f).\u00a0<em>Preguntas y respuestas sobre los sulfatos en el agua de consumo humano.\u00a0<\/em>Gobierno de las Islas Baleares.<\/a><\/li>\n<\/ul>\n<ul>\n<li><a href=\"https:\/\/texaswater.tamu.edu\/resources\/factsheets\/l5451sironandman.pdf\">Dozier, Monty &amp; McFarland, Mark. (2004).\u00a0<em>Drinking Water Problems: Iron and Manganese.<\/em><\/a><\/li>\n<\/ul>\n<ul>\n<li><a href=\"https:\/\/www.sanidad.gob.es\/biblioPublic\/publicaciones\/recursos_propios\/resp\/revista_cdrom\/VOL93\/ORIGINALES\/RS93C_201912110.pdf\">Gallego, S. M., Mart\u00ednez, Y., Serna-Mu\u00f1oz, C., P\u00e9rez-Silva, A., Cury, J., &amp; Ortiz, A.J. (2019). Concentraci\u00f3n de fl\u00faor y metales pesados en aguas embotelladas: medidas barrera frente a caries dental y fluorosis.\u00a0<i>Revista Espa\u00f1ola de Salud P\u00fablica<\/i>,\u00a0<i>93<\/i>.<\/a><\/li>\n<\/ul>\n<ul>\n<li><a href=\"https:\/\/es.greenpeace.org\/es\/sala-de-prensa\/comunicados\/greenpeace-mide-los-nitratos-en-el-agua-en-casi-250-puntos-de-espana-y-los-de-zamora-son-de-los-mas-contaminados\/\">Greenpeace. (2021).\u00a0<em>Greenpeace mide los nitratos en el agua en casi 250 puntos de Espa\u00f1a y los de Zamora son de los m\u00e1s contaminados.<\/em><\/a><\/li>\n<\/ul>\n<ul>\n<li><a href=\"https:\/\/doi.org\/10.18684\/BSAA(14)145-153\">Londo\u00f1o, L. F., Londo\u00f1o, P. T., &amp; Mu\u00f1oz, F.G. (2016).\u00a0<em>Los riesgos de los metales pesados en la salud humana y animal<\/em>. Biotecnolog\u00eda en el Sector Agropecuario y Agroindustrial, 14(2), 145-153.<\/a><\/li>\n<\/ul>\n<ul>\n<li><a href=\"https:\/\/www.sanidad.gob.es\/profesionales\/saludPublica\/docs\/INFORME_AC_2020.pdf\">Ministerio de Sanidad. (2021).\u00a0<em>Calidad del agua de consumo en Espa\u00f1a 2020<\/em>. Gobierno de Espa\u00f1a.<\/a><\/li>\n<\/ul>\n<ul>\n<li><a href=\"https:\/\/www.miteco.gob.es\/es\/agua\/temas\/estado-y-calidad-de-las-aguas\/proteccion-nitratos-pesticidas\/impacto-calidad-agua\/\">Ministerio para la Transici\u00f3n Ecol\u00f3gica y el Reto Demogr\u00e1fico (2020).\u00a0<em>Impacto de los nitratos y pesticidas en el uso y calidad de las aguas<\/em>. Gobierno de Espa\u00f1a.<\/a><\/li>\n<\/ul>\n<ul>\n<li><a href=\"https:\/\/www.pseau.org\/outils\/ouvrages\/oms_guias_para_la_calidad_del_agua_de_consumo_humano_2018.pdf\">Organizaci\u00f3n Mundial de la Salud (2018).\u00a0<em>Gu\u00edas para la calidad del agua de consumo humano.<\/em>\u00a0[Guidelines for drinking-water quality]. Ginebra. Licencia: CC BY-NC-SA 3.0 IGO.<\/a><\/li>\n<\/ul>\n<ul>\n<li><a href=\"https:\/\/prtr-es.es\/Triclorometano,15645,11,2007.html\">Registro Estatal de Emisiones y Fuentes Contaminantes. (2007).\u00a0<em>Definici\u00f3n de TRICLOROMETANO<\/em>. PRTR-Espa\u00f1a.<\/a><\/li>\n<\/ul>\n<ul>\n<li><a href=\"https:\/\/www.scielo.cl\/scielo.php?script=sci_arttext&amp;pid=S0034-98872017000200012\">Romero, V., Norris, F., R\u00edos, J., Cort\u00e9s, I., Gonz\u00e1lez, A., Gaete, L., &amp; Tchernitchin, A. (2017). Consecuencias de la fluoraci\u00f3n del agua potable en la salud humana.\u00a0<em>Revista m\u00e9dica de Chile<\/em>, 145(2), 240-249.<\/a><\/li>\n<\/ul>\n<ul>\n<li><a href=\"https:\/\/onlinelibrary.wiley.com\/doi\/10.1111\/j.1539-6924.2005.00698.x\">Shaw, W.D., Walker, M. and Benson, M. (2005), Treating and Drinking Well Water in the Presence of Health Risks from Arsenic Contamination: Results from a U.S. Hot Spot. Risk Analysis, 25: 1531-1543.<\/a><\/li>\n<\/ul>\n<ul>\n<li><a href=\"https:\/\/es.statista.com\/temas\/6553\/la-industria-de-los-pesticidas-en-espana\/#dossierKeyfigures\" target=\"_blank\" rel=\"noopener\">Statista Research Department (2021).\u00a0<em>La industria fitosanitaria en Espa\u00f1a \u2013 Datos estad\u00edsticos.<\/em><\/a><\/li>\n<\/ul>\n","protected":false},"excerpt":{"rendered":"<p>Qu&rsquo;est-ce que notre appareil d&rsquo;osmose inverse domestique \u00e9limine?? (et ce que les autres appareils ne filtrent pas) Tous ces \u00e9l\u00e9ments<\/p>\n","protected":false},"author":1,"featured_media":0,"parent":0,"menu_order":0,"comment_status":"closed","ping_status":"closed","template":"","meta":{"footnotes":""},"class_list":["post-10776","page","type-page","status-publish","hentry"],"yoast_head":"<!-- This site is optimized with the Yoast SEO plugin v27.3 - https:\/\/yoast.com\/product\/yoast-seo-wordpress\/ -->\n<title>Que filtre l&#039;osmose inverse domestique? - LG Health iSystems<\/title>\n<meta name=\"description\" content=\"D\u00e9couvrez quels \u00e9l\u00e9ments toxiques pr\u00e9sents dans l&#039;eau peuvent \u00eatre compl\u00e8tement \u00e9limin\u00e9s par notre appareil d&#039;osmose inverse domestique.\" \/>\n<meta name=\"robots\" content=\"index, follow, max-snippet:-1, max-image-preview:large, max-video-preview:-1\" \/>\n<link rel=\"canonical\" href=\"https:\/\/lghealthisystems.eu\/fr\/que-filtre-losmose-inverse-domestique\/\" \/>\n<meta property=\"og:locale\" content=\"fr_FR\" \/>\n<meta property=\"og:type\" content=\"article\" \/>\n<meta property=\"og:title\" content=\"Que filtre l&#039;osmose inverse domestique? - LG Health iSystems\" \/>\n<meta property=\"og:description\" content=\"D\u00e9couvrez quels \u00e9l\u00e9ments toxiques pr\u00e9sents dans l&#039;eau peuvent \u00eatre compl\u00e8tement \u00e9limin\u00e9s par notre appareil d&#039;osmose inverse domestique.\" \/>\n<meta property=\"og:url\" content=\"https:\/\/lghealthisystems.eu\/fr\/que-filtre-losmose-inverse-domestique\/\" \/>\n<meta property=\"og:site_name\" content=\"LG Health iSystems\" \/>\n<meta property=\"article:modified_time\" content=\"2024-04-11T09:59:43+00:00\" \/>\n<meta property=\"og:image\" content=\"https:\/\/lghealthisystems.eu\/wp-content\/uploads\/2022\/05\/osmosis-inversa-domestica-bacterias-y-virus.png\" \/>\n<meta name=\"twitter:card\" content=\"summary_large_image\" \/>\n<meta name=\"twitter:label1\" content=\"Dur\u00e9e de lecture estim\u00e9e\" \/>\n\t<meta name=\"twitter:data1\" content=\"8 minutes\" \/>\n<script type=\"application\/ld+json\" class=\"yoast-schema-graph\">{\"@context\":\"https:\\\/\\\/schema.org\",\"@graph\":[{\"@type\":\"WebPage\",\"@id\":\"https:\\\/\\\/lghealthisystems.eu\\\/fr\\\/que-filtre-losmose-inverse-domestique\\\/\",\"url\":\"https:\\\/\\\/lghealthisystems.eu\\\/fr\\\/que-filtre-losmose-inverse-domestique\\\/\",\"name\":\"Que filtre l'osmose inverse domestique? - LG Health iSystems\",\"isPartOf\":{\"@id\":\"https:\\\/\\\/lghealthisystems.eu\\\/#website\"},\"primaryImageOfPage\":{\"@id\":\"https:\\\/\\\/lghealthisystems.eu\\\/fr\\\/que-filtre-losmose-inverse-domestique\\\/#primaryimage\"},\"image\":{\"@id\":\"https:\\\/\\\/lghealthisystems.eu\\\/fr\\\/que-filtre-losmose-inverse-domestique\\\/#primaryimage\"},\"thumbnailUrl\":\"https:\\\/\\\/lghealthisystems.eu\\\/wp-content\\\/uploads\\\/2022\\\/05\\\/osmosis-inversa-domestica-bacterias-y-virus.png\",\"datePublished\":\"2022-05-16T08:55:24+00:00\",\"dateModified\":\"2024-04-11T09:59:43+00:00\",\"description\":\"D\u00e9couvrez quels \u00e9l\u00e9ments toxiques pr\u00e9sents dans l'eau peuvent \u00eatre compl\u00e8tement \u00e9limin\u00e9s par notre appareil d'osmose inverse domestique.\",\"breadcrumb\":{\"@id\":\"https:\\\/\\\/lghealthisystems.eu\\\/fr\\\/que-filtre-losmose-inverse-domestique\\\/#breadcrumb\"},\"inLanguage\":\"fr-FR\",\"potentialAction\":[{\"@type\":\"ReadAction\",\"target\":[\"https:\\\/\\\/lghealthisystems.eu\\\/fr\\\/que-filtre-losmose-inverse-domestique\\\/\"]}]},{\"@type\":\"ImageObject\",\"inLanguage\":\"fr-FR\",\"@id\":\"https:\\\/\\\/lghealthisystems.eu\\\/fr\\\/que-filtre-losmose-inverse-domestique\\\/#primaryimage\",\"url\":\"https:\\\/\\\/lghealthisystems.eu\\\/wp-content\\\/uploads\\\/2022\\\/05\\\/osmosis-inversa-domestica-bacterias-y-virus.png\",\"contentUrl\":\"https:\\\/\\\/lghealthisystems.eu\\\/wp-content\\\/uploads\\\/2022\\\/05\\\/osmosis-inversa-domestica-bacterias-y-virus.png\"},{\"@type\":\"BreadcrumbList\",\"@id\":\"https:\\\/\\\/lghealthisystems.eu\\\/fr\\\/que-filtre-losmose-inverse-domestique\\\/#breadcrumb\",\"itemListElement\":[{\"@type\":\"ListItem\",\"position\":1,\"name\":\"Portada\",\"item\":\"https:\\\/\\\/lghealthisystems.eu\\\/\"},{\"@type\":\"ListItem\",\"position\":2,\"name\":\"Que filtre l&#8217;osmose inverse domestique?\"}]},{\"@type\":\"WebSite\",\"@id\":\"https:\\\/\\\/lghealthisystems.eu\\\/#website\",\"url\":\"https:\\\/\\\/lghealthisystems.eu\\\/\",\"name\":\"LG Health iSystems\",\"description\":\"Purifica tu agua de grifo en 3 segundos con nuestra m\u00e1quina de \u00f3smosis inversa dom\u00e9stica. \u00a1Capaz de eliminar todos los elementos t\u00f3xicos presentes en el agua!\",\"publisher\":{\"@id\":\"https:\\\/\\\/lghealthisystems.eu\\\/#organization\"},\"potentialAction\":[{\"@type\":\"SearchAction\",\"target\":{\"@type\":\"EntryPoint\",\"urlTemplate\":\"https:\\\/\\\/lghealthisystems.eu\\\/?s={search_term_string}\"},\"query-input\":{\"@type\":\"PropertyValueSpecification\",\"valueRequired\":true,\"valueName\":\"search_term_string\"}}],\"inLanguage\":\"fr-FR\"},{\"@type\":\"Organization\",\"@id\":\"https:\\\/\\\/lghealthisystems.eu\\\/#organization\",\"name\":\"Lg Health iSystems\",\"url\":\"https:\\\/\\\/lghealthisystems.eu\\\/\",\"logo\":{\"@type\":\"ImageObject\",\"inLanguage\":\"fr-FR\",\"@id\":\"https:\\\/\\\/lghealthisystems.eu\\\/#\\\/schema\\\/logo\\\/image\\\/\",\"url\":\"https:\\\/\\\/lghealthisystems.eu\\\/wp-content\\\/uploads\\\/2022\\\/05\\\/Logo-Health-i_systems-dorado.png\",\"contentUrl\":\"https:\\\/\\\/lghealthisystems.eu\\\/wp-content\\\/uploads\\\/2022\\\/05\\\/Logo-Health-i_systems-dorado.png\",\"width\":1123,\"height\":339,\"caption\":\"Lg Health iSystems\"},\"image\":{\"@id\":\"https:\\\/\\\/lghealthisystems.eu\\\/#\\\/schema\\\/logo\\\/image\\\/\"}}]}<\/script>\n<!-- \/ Yoast SEO plugin. -->","yoast_head_json":{"title":"Que filtre l'osmose inverse domestique? - LG Health iSystems","description":"D\u00e9couvrez quels \u00e9l\u00e9ments toxiques pr\u00e9sents dans l'eau peuvent \u00eatre compl\u00e8tement \u00e9limin\u00e9s par notre appareil d'osmose inverse domestique.","robots":{"index":"index","follow":"follow","max-snippet":"max-snippet:-1","max-image-preview":"max-image-preview:large","max-video-preview":"max-video-preview:-1"},"canonical":"https:\/\/lghealthisystems.eu\/fr\/que-filtre-losmose-inverse-domestique\/","og_locale":"fr_FR","og_type":"article","og_title":"Que filtre l'osmose inverse domestique? - LG Health iSystems","og_description":"D\u00e9couvrez quels \u00e9l\u00e9ments toxiques pr\u00e9sents dans l'eau peuvent \u00eatre compl\u00e8tement \u00e9limin\u00e9s par notre appareil d'osmose inverse domestique.","og_url":"https:\/\/lghealthisystems.eu\/fr\/que-filtre-losmose-inverse-domestique\/","og_site_name":"LG Health iSystems","article_modified_time":"2024-04-11T09:59:43+00:00","og_image":[{"url":"https:\/\/lghealthisystems.eu\/wp-content\/uploads\/2022\/05\/osmosis-inversa-domestica-bacterias-y-virus.png","type":"","width":"","height":""}],"twitter_card":"summary_large_image","twitter_misc":{"Dur\u00e9e de lecture estim\u00e9e":"8 minutes"},"schema":{"@context":"https:\/\/schema.org","@graph":[{"@type":"WebPage","@id":"https:\/\/lghealthisystems.eu\/fr\/que-filtre-losmose-inverse-domestique\/","url":"https:\/\/lghealthisystems.eu\/fr\/que-filtre-losmose-inverse-domestique\/","name":"Que filtre l'osmose inverse domestique? - LG Health iSystems","isPartOf":{"@id":"https:\/\/lghealthisystems.eu\/#website"},"primaryImageOfPage":{"@id":"https:\/\/lghealthisystems.eu\/fr\/que-filtre-losmose-inverse-domestique\/#primaryimage"},"image":{"@id":"https:\/\/lghealthisystems.eu\/fr\/que-filtre-losmose-inverse-domestique\/#primaryimage"},"thumbnailUrl":"https:\/\/lghealthisystems.eu\/wp-content\/uploads\/2022\/05\/osmosis-inversa-domestica-bacterias-y-virus.png","datePublished":"2022-05-16T08:55:24+00:00","dateModified":"2024-04-11T09:59:43+00:00","description":"D\u00e9couvrez quels \u00e9l\u00e9ments toxiques pr\u00e9sents dans l'eau peuvent \u00eatre compl\u00e8tement \u00e9limin\u00e9s par notre appareil d'osmose inverse domestique.","breadcrumb":{"@id":"https:\/\/lghealthisystems.eu\/fr\/que-filtre-losmose-inverse-domestique\/#breadcrumb"},"inLanguage":"fr-FR","potentialAction":[{"@type":"ReadAction","target":["https:\/\/lghealthisystems.eu\/fr\/que-filtre-losmose-inverse-domestique\/"]}]},{"@type":"ImageObject","inLanguage":"fr-FR","@id":"https:\/\/lghealthisystems.eu\/fr\/que-filtre-losmose-inverse-domestique\/#primaryimage","url":"https:\/\/lghealthisystems.eu\/wp-content\/uploads\/2022\/05\/osmosis-inversa-domestica-bacterias-y-virus.png","contentUrl":"https:\/\/lghealthisystems.eu\/wp-content\/uploads\/2022\/05\/osmosis-inversa-domestica-bacterias-y-virus.png"},{"@type":"BreadcrumbList","@id":"https:\/\/lghealthisystems.eu\/fr\/que-filtre-losmose-inverse-domestique\/#breadcrumb","itemListElement":[{"@type":"ListItem","position":1,"name":"Portada","item":"https:\/\/lghealthisystems.eu\/"},{"@type":"ListItem","position":2,"name":"Que filtre l&#8217;osmose inverse domestique?"}]},{"@type":"WebSite","@id":"https:\/\/lghealthisystems.eu\/#website","url":"https:\/\/lghealthisystems.eu\/","name":"LG Health iSystems","description":"Purifica tu agua de grifo en 3 segundos con nuestra m\u00e1quina de \u00f3smosis inversa dom\u00e9stica. \u00a1Capaz de eliminar todos los elementos t\u00f3xicos presentes en el agua!","publisher":{"@id":"https:\/\/lghealthisystems.eu\/#organization"},"potentialAction":[{"@type":"SearchAction","target":{"@type":"EntryPoint","urlTemplate":"https:\/\/lghealthisystems.eu\/?s={search_term_string}"},"query-input":{"@type":"PropertyValueSpecification","valueRequired":true,"valueName":"search_term_string"}}],"inLanguage":"fr-FR"},{"@type":"Organization","@id":"https:\/\/lghealthisystems.eu\/#organization","name":"Lg Health iSystems","url":"https:\/\/lghealthisystems.eu\/","logo":{"@type":"ImageObject","inLanguage":"fr-FR","@id":"https:\/\/lghealthisystems.eu\/#\/schema\/logo\/image\/","url":"https:\/\/lghealthisystems.eu\/wp-content\/uploads\/2022\/05\/Logo-Health-i_systems-dorado.png","contentUrl":"https:\/\/lghealthisystems.eu\/wp-content\/uploads\/2022\/05\/Logo-Health-i_systems-dorado.png","width":1123,"height":339,"caption":"Lg Health iSystems"},"image":{"@id":"https:\/\/lghealthisystems.eu\/#\/schema\/logo\/image\/"}}]}},"_links":{"self":[{"href":"https:\/\/lghealthisystems.eu\/fr\/wp-json\/wp\/v2\/pages\/10776","targetHints":{"allow":["GET"]}}],"collection":[{"href":"https:\/\/lghealthisystems.eu\/fr\/wp-json\/wp\/v2\/pages"}],"about":[{"href":"https:\/\/lghealthisystems.eu\/fr\/wp-json\/wp\/v2\/types\/page"}],"author":[{"embeddable":true,"href":"https:\/\/lghealthisystems.eu\/fr\/wp-json\/wp\/v2\/users\/1"}],"replies":[{"embeddable":true,"href":"https:\/\/lghealthisystems.eu\/fr\/wp-json\/wp\/v2\/comments?post=10776"}],"version-history":[{"count":1,"href":"https:\/\/lghealthisystems.eu\/fr\/wp-json\/wp\/v2\/pages\/10776\/revisions"}],"predecessor-version":[{"id":12820,"href":"https:\/\/lghealthisystems.eu\/fr\/wp-json\/wp\/v2\/pages\/10776\/revisions\/12820"}],"wp:attachment":[{"href":"https:\/\/lghealthisystems.eu\/fr\/wp-json\/wp\/v2\/media?parent=10776"}],"curies":[{"name":"wp","href":"https:\/\/api.w.org\/{rel}","templated":true}]}}