{"id":10798,"date":"2021-11-04T15:48:51","date_gmt":"2021-11-04T14:48:51","guid":{"rendered":"https:\/\/lghealthisystems.eu\/contactez\/"},"modified":"2022-07-15T11:00:30","modified_gmt":"2022-07-15T09:00:30","slug":"contactez","status":"publish","type":"page","link":"https:\/\/lghealthisystems.eu\/fr\/contactez\/","title":{"rendered":"Contactez"},"content":{"rendered":"\t\t<div data-elementor-type=\"wp-page\" data-elementor-id=\"10798\" class=\"elementor elementor-10798 elementor-9076\" data-elementor-post-type=\"page\">\n\t\t\t\t\t\t<section class=\"wd-negative-gap elementor-section elementor-top-section elementor-element elementor-element-36b418b elementor-section-boxed elementor-section-height-default elementor-section-height-default\" data-id=\"36b418b\" data-element_type=\"section\" data-e-type=\"section\">\n\t\t\t\t\t\t<div class=\"elementor-container elementor-column-gap-extended\">\n\t\t\t\t\t<div class=\"elementor-column elementor-col-33 elementor-top-column elementor-element elementor-element-5fecf3d\" data-id=\"5fecf3d\" data-element_type=\"column\" data-e-type=\"column\">\n\t\t\t<div class=\"elementor-widget-wrap elementor-element-populated\">\n\t\t\t\t\t\t<div class=\"elementor-element elementor-element-e2e98f1 wd-width-100 elementor-widget elementor-widget-wd_title\" data-id=\"e2e98f1\" data-element_type=\"widget\" data-e-type=\"widget\" data-widget_type=\"wd_title.default\">\n\t\t\t\t<div class=\"elementor-widget-container\">\n\t\t\t\t\t\t\t<div class=\"title-wrapper set-mb-s reset-last-child wd-title-color-default wd-title-style-default wd-title-size-default text-left\">\n\n\t\t\t\n\t\t\t<div class=\"liner-continer\">\n\t\t\t\t<h4 class=\"woodmart-title-container title wd-fontsize-l\">O\u00f9 sommes-nous ?<\/h4> \n\t\t\t\t\t\t\t<\/div>\n\n\t\t\t\t\t<\/div>\n\t\t\t\t\t\t<\/div>\n\t\t\t\t<\/div>\n\t\t\t\t<section class=\"wd-negative-gap elementor-section elementor-inner-section elementor-element elementor-element-fe15c48 elementor-section-boxed elementor-section-height-default elementor-section-height-default\" data-id=\"fe15c48\" data-element_type=\"section\" data-e-type=\"section\">\n\t\t\t\t\t\t<div class=\"elementor-container elementor-column-gap-default\">\n\t\t\t\t\t<div class=\"elementor-column elementor-col-100 elementor-inner-column elementor-element elementor-element-bec6bf4\" data-id=\"bec6bf4\" data-element_type=\"column\" data-e-type=\"column\">\n\t\t\t<div class=\"elementor-widget-wrap elementor-element-populated\">\n\t\t\t\t\t\t<div class=\"elementor-element elementor-element-cc77b11 wd-width-100 elementor-widget elementor-widget-wd_title\" data-id=\"cc77b11\" data-element_type=\"widget\" data-e-type=\"widget\" data-widget_type=\"wd_title.default\">\n\t\t\t\t<div class=\"elementor-widget-container\">\n\t\t\t\t\t\t\t<div class=\"title-wrapper set-mb-s reset-last-child wd-title-color-default wd-title-style-default wd-title-size-default text-left\">\n\n\t\t\t\n\t\t\t<div class=\"liner-continer\">\n\t\t\t\t<h4 class=\"woodmart-title-container title wd-fontsize-l\"><strong>El Puerto de Santa Mar\u00eda<\/strong><\/h4> \n\t\t\t\t\t\t\t<\/div>\n\n\t\t\t\t\t\t\t<div class=\"title-after_title set-cont-mb-s reset-last-child wd-fontsize-xs\">\n\t\t\t\t\t<p>Calle Alexandro Humbold, N\u00ba 12 (Pol\u00edgono Industrial Salinas de Poniente), 11500, C\u00e1diz<\/p>\t\t\t\t<\/div>\n\t\t\t\t\t<\/div>\n\t\t\t\t\t\t<\/div>\n\t\t\t\t<\/div>\n\t\t\t\t<div class=\"elementor-element elementor-element-2bfa1cb elementor-widget elementor-widget-wd_text_block\" data-id=\"2bfa1cb\" data-element_type=\"widget\" data-e-type=\"widget\" data-widget_type=\"wd_text_block.default\">\n\t\t\t\t<div class=\"elementor-widget-container\">\n\t\t\t\t\t\t\t<div class=\"wd-text-block reset-last-child text-left\">\n\t\t\t\n\t\t\t<p><span style=\"color: #333333;\"><strong>Email:<\/strong><\/span>\u00a0 info@lghealthisystems.eu<br \/><span style=\"color: #333333;\"><strong>T\u00e9l\u00e9phone:<\/strong><\/span>\u00a0 (+34) 856 925 095<\/p>\n\t\t\t\t\t<\/div>\n\t\t\t\t\t\t<\/div>\n\t\t\t\t<\/div>\n\t\t\t\t\t<\/div>\n\t\t<\/div>\n\t\t\t\t\t<\/div>\n\t\t<\/section>\n\t\t\t\t<div class=\"elementor-element elementor-element-a14506f wd-width-100 elementor-widget elementor-widget-wd_title\" data-id=\"a14506f\" data-element_type=\"widget\" data-e-type=\"widget\" data-widget_type=\"wd_title.default\">\n\t\t\t\t<div class=\"elementor-widget-container\">\n\t\t\t\t\t\t\t<div class=\"title-wrapper set-mb-s reset-last-child wd-title-color-default wd-title-style-default wd-title-size-default text-left\">\n\n\t\t\t\n\t\t\t<div class=\"liner-continer\">\n\t\t\t\t<h4 class=\"woodmart-title-container title wd-fontsize-l\">AVEZ-VOUS DES QUESTIONS ?<\/h4> \n\t\t\t\t\t\t\t<\/div>\n\n\t\t\t\t\t\t\t<div class=\"title-after_title set-cont-mb-s reset-last-child wd-fontsize-xs\">\n\t\t\t\t\t<p>Si vous avez des questions qui n'ont pas \u00e9t\u00e9 abord\u00e9es sur ce site Web ou si vous souhaitez obtenir de plus amples informations sur LG Health iSystems, veuillez utiliser le formulaire ci-dessous pour nous envoyer les questions auxquelles vous souhaitez que nous r\u00e9pondions.\u00a0Veuillez remplir tous les champs marqu\u00e9s d'un ast\u00e9risque (*).<\/p>\t\t\t\t<\/div>\n\t\t\t\t\t<\/div>\n\t\t\t\t\t\t<\/div>\n\t\t\t\t<\/div>\n\t\t\t\t<div class=\"elementor-element elementor-element-d9fb016 elementor-widget elementor-widget-wd_popup\" data-id=\"d9fb016\" data-element_type=\"widget\" data-e-type=\"widget\" data-widget_type=\"wd_popup.default\">\n\t\t\t\t<div class=\"elementor-widget-container\">\n\t\t\t\t\t\t\t\t\t<div class=\"wd-button-wrapper text-left\" >\n\t\t\t<a class=\"btn btn-style-default btn-style-rectangle btn-size-default wd-open-popup btn-color-primary btn-icon-pos-right\"  href=\"#popup-5ef9ab74e822b\">\n\t\t\t\t<span class=\"wd-btn-text\" data-elementor-setting-key=\"text\">\n\t\t\t\t\tEscr\u00edbenos un mensaje\t\t\t\t<\/span>\n\n\t\t\t\t\t\t\t<\/a>\n\t\t<\/div>\n\t\t\t\t\t\t\t<div id=\"popup-5ef9ab74e822b\" class=\"wd-popup wd-popup-element mfp-hide\" style=\"--wd-popup-width:900px;\">\n\t\t\t\t\t\t\t<link rel=\"stylesheet\" id=\"elementor-post-11057-css\" href=\"https:\/\/lghealthisystems.eu\/wp-content\/uploads\/elementor\/css\/post-11057.css?ver=1776780529\" type=\"text\/css\" media=\"all\">\n\t\t\t\t\t<div data-elementor-type=\"wp-post\" data-elementor-id=\"11057\" class=\"elementor elementor-11057 elementor-1570 elementor-1570\" data-elementor-post-type=\"cms_block\">\n\t\t\t\t\t\t<section class=\"wd-negative-gap elementor-section elementor-top-section elementor-element elementor-element-25dc3f7 elementor-section-boxed elementor-section-height-default elementor-section-height-default\" data-id=\"25dc3f7\" data-element_type=\"section\" data-e-type=\"section\">\n\t\t\t\t\t\t<div class=\"elementor-container elementor-column-gap-default\">\n\t\t\t\t\t<div class=\"elementor-column elementor-col-50 elementor-top-column elementor-element elementor-element-748fb66\" data-id=\"748fb66\" data-element_type=\"column\" data-e-type=\"column\">\n\t\t\t<div class=\"elementor-widget-wrap elementor-element-populated\">\n\t\t\t\t\t\t<div class=\"elementor-element elementor-element-b530a3c wd-width-100 elementor-widget elementor-widget-wd_title\" data-id=\"b530a3c\" data-element_type=\"widget\" data-e-type=\"widget\" data-widget_type=\"wd_title.default\">\n\t\t\t\t<div class=\"elementor-widget-container\">\n\t\t\t\t\t\t\t<div class=\"title-wrapper set-mb-s reset-last-child wd-title-color-default wd-title-style-default wd-title-size-small text-left\">\n\n\t\t\t\n\t\t\t<div class=\"liner-continer\">\n\t\t\t\t<h4 class=\"woodmart-title-container title wd-fontsize-m\">ENVOYEZ-NOUS UN MESSAGE<\/h4> \n\t\t\t\t\t\t\t<\/div>\n\n\t\t\t\t\t<\/div>\n\t\t\t\t\t\t<\/div>\n\t\t\t\t<\/div>\n\t\t\t\t<div class=\"elementor-element elementor-element-a5ee9cc elementor-widget elementor-widget-wd_contact_form_7\" data-id=\"a5ee9cc\" data-element_type=\"widget\" data-e-type=\"widget\" data-widget_type=\"wd_contact_form_7.default\">\n\t\t\t\t<div class=\"elementor-widget-container\">\n\t\t\t\t\t\n<div class=\"wpcf7 no-js\" id=\"wpcf7-f1572-o1\" lang=\"en-US\" dir=\"ltr\" data-wpcf7-id=\"1572\">\n<div class=\"screen-reader-response\"><p role=\"status\" aria-live=\"polite\" aria-atomic=\"true\"><\/p> <ul><\/ul><\/div>\n<form action=\"\/fr\/wp-json\/wp\/v2\/pages\/10798#wpcf7-f1572-o1\" method=\"post\" class=\"wpcf7-form init\" aria-label=\"Contact form\" novalidate=\"novalidate\" data-status=\"init\">\n<fieldset class=\"hidden-fields-container\"><input type=\"hidden\" name=\"_wpcf7\" value=\"1572\" \/><input type=\"hidden\" name=\"_wpcf7_version\" value=\"6.1.5\" \/><input type=\"hidden\" name=\"_wpcf7_locale\" value=\"en_US\" \/><input type=\"hidden\" name=\"_wpcf7_unit_tag\" value=\"wpcf7-f1572-o1\" \/><input type=\"hidden\" name=\"_wpcf7_container_post\" value=\"0\" \/><input type=\"hidden\" name=\"_wpcf7_posted_data_hash\" value=\"\" \/><input type=\"hidden\" name=\"_wpcf7_recaptcha_response\" value=\"\" \/>\n<\/fieldset>\n<div class=\"row\">\n\t<p class=\"col-md-6\"><label>Nombre<\/label><span class=\"wpcf7-form-control-wrap\" data-name=\"your-name\"><input size=\"40\" maxlength=\"400\" class=\"wpcf7-form-control wpcf7-text wpcf7-validates-as-required\" aria-required=\"true\" aria-invalid=\"false\" value=\"\" type=\"text\" name=\"your-name\" \/><\/span>\n\t<\/p>\n\t<p class=\"col-md-6\"><label>Email<\/label><span class=\"wpcf7-form-control-wrap\" data-name=\"your-email\"><input size=\"40\" maxlength=\"400\" class=\"wpcf7-form-control wpcf7-email wpcf7-validates-as-required wpcf7-text wpcf7-validates-as-email\" aria-required=\"true\" aria-invalid=\"false\" value=\"\" type=\"email\" name=\"your-email\" \/><\/span>\n\t<\/p>\n<\/div>\n<div class=\"row\">\n\t<p class=\"col-md-6\"><label>Tel\u00e9fono (opcional)<\/label><span class=\"wpcf7-form-control-wrap\" data-name=\"tel-767\"><input size=\"40\" maxlength=\"400\" class=\"wpcf7-form-control wpcf7-tel wpcf7-text wpcf7-validates-as-tel\" aria-invalid=\"false\" value=\"\" type=\"tel\" name=\"tel-767\" \/><\/span>\n\t<\/p>\n\t<p class=\"col-md-6\"><label>Empresa (opcional)<\/label><span class=\"wpcf7-form-control-wrap\" data-name=\"text-1\"><input size=\"40\" maxlength=\"400\" class=\"wpcf7-form-control wpcf7-text\" aria-invalid=\"false\" value=\"\" type=\"text\" name=\"text-1\" \/><\/span>\n\t<\/p>\n<\/div>\n<p><label>Mensaje<\/label><span class=\"wpcf7-form-control-wrap\" data-name=\"your-message\"><textarea cols=\"40\" rows=\"10\" maxlength=\"2000\" class=\"wpcf7-form-control wpcf7-textarea\" aria-invalid=\"false\" name=\"your-message\"><\/textarea><\/span>\n<\/p>\n<p><input class=\"wpcf7-form-control wpcf7-submit has-spinner btn\" type=\"submit\" value=\"Enviar mensaje\" \/>\n<\/p>\n<p><span class=\"wpcf7-form-control-wrap\" data-name=\"privacidad-816\"><span class=\"wpcf7-form-control wpcf7-acceptance\"><span class=\"wpcf7-list-item\"><label><input type=\"checkbox\" name=\"privacidad-816\" value=\"1\" aria-invalid=\"false\" \/><span class=\"wpcf7-list-item-label\">He le\u00eddo y acepto la pol\u00edtica de privacidad *<\/span><\/label><\/span><\/span><\/span><br \/>\n<span class=\"wpcf7-form-control-wrap\" data-name=\"publicidad-586\"><span class=\"wpcf7-form-control wpcf7-acceptance optional\"><span class=\"wpcf7-list-item\"><label><input type=\"checkbox\" name=\"publicidad-586\" value=\"1\" aria-invalid=\"false\" \/><span class=\"wpcf7-list-item-label\">Consiento de manera previa y expresa que me env\u00eden comunicaciones comerciales sobre sus productos y servicios.<\/span><\/label><\/span><\/span><\/span>\n<\/p><div class=\"wpcf7-response-output\" aria-hidden=\"true\"><\/div>\n<\/form>\n<\/div>\n\t\t\t\t<\/div>\n\t\t\t\t<\/div>\n\t\t\t\t\t<\/div>\n\t\t<\/div>\n\t\t\t\t<div class=\"elementor-column elementor-col-50 elementor-top-column elementor-element elementor-element-40b71ea color-scheme-light\" data-id=\"40b71ea\" data-element_type=\"column\" data-e-type=\"column\" data-settings=\"{&quot;background_background&quot;:&quot;classic&quot;}\">\n\t\t\t<div class=\"elementor-widget-wrap elementor-element-populated\">\n\t\t\t\t\t\t<div class=\"elementor-element elementor-element-cc47e65 wd-width-100 elementor-widget elementor-widget-wd_title\" data-id=\"cc47e65\" data-element_type=\"widget\" data-e-type=\"widget\" data-widget_type=\"wd_title.default\">\n\t\t\t\t<div class=\"elementor-widget-container\">\n\t\t\t\t\t\t\t<div class=\"title-wrapper set-mb-s reset-last-child wd-title-color-white wd-title-style-default wd-title-size-small text-left\">\n\n\t\t\t\n\t\t\t<div class=\"liner-continer\">\n\t\t\t\t<h4 class=\"woodmart-title-container title wd-fontsize-m\">INFORMATIONS DE CONTACT<\/h4> \n\t\t\t\t\t\t\t<\/div>\n\n\t\t\t\t\t<\/div>\n\t\t\t\t\t\t<\/div>\n\t\t\t\t<\/div>\n\t\t\t\t<div class=\"elementor-element elementor-element-313f937 elementor-widget elementor-widget-wd_infobox\" data-id=\"313f937\" data-element_type=\"widget\" data-e-type=\"widget\" data-widget_type=\"wd_infobox.default\">\n\t\t\t\t<div class=\"elementor-widget-container\">\n\t\t\t\t\t\t\t<div class=\"info-box-wrapper\">\n\t\t\t<div class=\"wd-info-box text-left box-icon-align-left box-style-base color-scheme- wd-items-top\">\n\t\t\t\t\t\t\t\t\t<div class=\"box-icon-wrapper  box-with-icon box-icon-simple\">\n\t\t\t\t\t\t<div class=\"info-box-icon\">\n\t\t\t\t\t\t\t\t\t\t\t\t\t\t\t<div class=\"info-svg-wrapper\" style=\"width:30px; height:30px;\"><img decoding=\"async\"  src=\"https:\/\/lghealthisystems.eu\/wp-content\/uploads\/2021\/09\/wd-pointer.svg\" title=\"wd-pointer\" width=\"30\" height=\"30\"><\/div>\t\t\t\t\t\t\t\t\t\t\t\t\t<\/div>\n\t\t\t\t\t<\/div>\n\t\t\t\t\n\t\t\t\t<div class=\"info-box-content\">\n\t\t\t\t\t\n\t\t\t\t\t\n\t\t\t\t\t<div class=\"info-box-inner set-cont-mb-s reset-last-child\"data-elementor-setting-key=\"content\"><p>Calle Alexandro Humbold, N\u00ba 12 (Pol\u00edgono Industrial Salinas de Poniente), 11500, El Puerto de Santa Mar\u00eda, C\u00e1diz<\/p>\n<\/div>\n\n\t\t\t\t\t\t\t\t\t<\/div>\n\n\t\t\t\t\t\t\t\t\t<a href=\"#\" class=\"wd-info-box-link wd-fill\" aria-label=\"Infobox link\"><\/a>\n\t\t\t\t\t\t\t<\/div>\n\t\t<\/div>\n\t\t\t\t\t\t<\/div>\n\t\t\t\t<\/div>\n\t\t\t\t<div class=\"elementor-element elementor-element-996d64c elementor-widget elementor-widget-wd_infobox\" data-id=\"996d64c\" data-element_type=\"widget\" data-e-type=\"widget\" data-widget_type=\"wd_infobox.default\">\n\t\t\t\t<div class=\"elementor-widget-container\">\n\t\t\t\t\t\t\t<div class=\"info-box-wrapper\">\n\t\t\t<div class=\"wd-info-box text-left box-icon-align-left box-style-base color-scheme- wd-items-top\">\n\t\t\t\t\t\t\t\t\t<div class=\"box-icon-wrapper  box-with-icon box-icon-simple\">\n\t\t\t\t\t\t<div class=\"info-box-icon\">\n\t\t\t\t\t\t\t\t\t\t\t\t\t\t\t<div class=\"info-svg-wrapper\" style=\"width:30px; height:30px;\"><img decoding=\"async\"  src=\"https:\/\/lghealthisystems.eu\/wp-content\/uploads\/2021\/09\/wd-mobile.svg\" title=\"wd-mobile\" width=\"30\" height=\"30\"><\/div>\t\t\t\t\t\t\t\t\t\t\t\t\t<\/div>\n\t\t\t\t\t<\/div>\n\t\t\t\t\n\t\t\t\t<div class=\"info-box-content\">\n\t\t\t\t\t\n\t\t\t\t\t\n\t\t\t\t\t<div class=\"info-box-inner set-cont-mb-s reset-last-child\"data-elementor-setting-key=\"content\"><p>(+34) 856 925 095<\/p>\n<\/div>\n\n\t\t\t\t\t\t\t\t\t<\/div>\n\n\t\t\t\t\t\t\t\t\t<a href=\"#\" class=\"wd-info-box-link wd-fill\" aria-label=\"Infobox link\"><\/a>\n\t\t\t\t\t\t\t<\/div>\n\t\t<\/div>\n\t\t\t\t\t\t<\/div>\n\t\t\t\t<\/div>\n\t\t\t\t<div class=\"elementor-element elementor-element-e4b1629 elementor-widget elementor-widget-wd_infobox\" data-id=\"e4b1629\" data-element_type=\"widget\" data-e-type=\"widget\" data-widget_type=\"wd_infobox.default\">\n\t\t\t\t<div class=\"elementor-widget-container\">\n\t\t\t\t\t\t\t<div class=\"info-box-wrapper\">\n\t\t\t<div class=\"wd-info-box text-left box-icon-align-left box-style-base color-scheme- wd-items-top\">\n\t\t\t\t\t\t\t\t\t<div class=\"box-icon-wrapper  box-with-icon box-icon-simple\">\n\t\t\t\t\t\t<div class=\"info-box-icon\">\n\t\t\t\t\t\t\t\t\t\t\t\t\t\t\t<div class=\"info-svg-wrapper\" style=\"width:30px; height:30px;\"><img decoding=\"async\"  src=\"https:\/\/lghealthisystems.eu\/wp-content\/uploads\/2021\/09\/wd-paper-plane.svg\" title=\"wd-paper-plane\" width=\"30\" height=\"30\"><\/div>\t\t\t\t\t\t\t\t\t\t\t\t\t<\/div>\n\t\t\t\t\t<\/div>\n\t\t\t\t\n\t\t\t\t<div class=\"info-box-content\">\n\t\t\t\t\t\n\t\t\t\t\t\n\t\t\t\t\t<div class=\"info-box-inner set-cont-mb-s reset-last-child\"data-elementor-setting-key=\"content\"><p>info@lghealthisystems.eu<\/p>\n<\/div>\n\n\t\t\t\t\t\t\t\t\t<\/div>\n\n\t\t\t\t\t\t\t\t\t<a href=\"#\" class=\"wd-info-box-link wd-fill\" aria-label=\"Infobox link\"><\/a>\n\t\t\t\t\t\t\t<\/div>\n\t\t<\/div>\n\t\t\t\t\t\t<\/div>\n\t\t\t\t<\/div>\n\t\t\t\t<div class=\"elementor-element elementor-element-53e6892 elementor-widget elementor-widget-wd_text_block\" data-id=\"53e6892\" data-element_type=\"widget\" data-e-type=\"widget\" data-widget_type=\"wd_text_block.default\">\n\t\t\t\t<div class=\"elementor-widget-container\">\n\t\t\t\t\t\t\t<div class=\"wd-text-block reset-last-child text-left\">\n\t\t\t\n\t\t\t<p>Nous vous informons que le responsable du traitement de ces donn\u00e9es est NORTEM CHEM, S.A. et que la finalit\u00e9 de celui-ci est la gestion, l'\u00e9tude et la r\u00e9solution des consultations r\u00e9alis\u00e9es et, si vous y consentez express\u00e9ment en cochant la case pr\u00e9vue \u00e0 cet effet, l'envoi de communications commerciales sur nos produits et services, \u00e9tant l\u00e9gitim\u00e9 pour ce traitement par le consentement que vous nous donnez dans cet acte. Aucune donn\u00e9e ne sera transmise \u00e0 des tiers, sauf en cas d'obligation l\u00e9gale. Vous certifiez que vous avez plus de 14 ans et que vous avez donc la capacit\u00e9 juridique n\u00e9cessaire pour donner ce consentement, conform\u00e9ment aux dispositions de la politique de confidentialit\u00e9. Vous pouvez acc\u00e9der, rectifier et supprimer les donn\u00e9es, ainsi que d'autres droits, comme expliqu\u00e9 dans les informations compl\u00e9mentaires. Vous pouvez consulter les informations compl\u00e9mentaires et d\u00e9taill\u00e9es sur la protection des donn\u00e9es en cliquant ici <a href=\"https:\/\/lghealthisystems.eu\/politica-privacidad\/\">+ info<\/a><\/p>\n\t\t\t\t\t<\/div>\n\t\t\t\t\t\t<\/div>\n\t\t\t\t<\/div>\n\t\t\t\t\t<\/div>\n\t\t<\/div>\n\t\t\t\t\t<\/div>\n\t\t<\/section>\n\t\t\t\t<\/div>\n\t\t\t\t\t<\/div>\n\t\t\t\t\t\t\t\t<\/div>\n\t\t\t\t<\/div>\n\t\t\t\t\t<\/div>\n\t\t<\/div>\n\t\t\t\t<div class=\"elementor-column elementor-col-66 elementor-top-column elementor-element elementor-element-1754685\" data-id=\"1754685\" data-element_type=\"column\" data-e-type=\"column\">\n\t\t\t<div class=\"elementor-widget-wrap elementor-element-populated\">\n\t\t\t\t\t\t<div class=\"elementor-element elementor-element-35d8898 elementor-widget elementor-widget-html\" data-id=\"35d8898\" data-element_type=\"widget\" data-e-type=\"widget\" data-widget_type=\"html.default\">\n\t\t\t\t<div class=\"elementor-widget-container\">\n\t\t\t\t\t<iframe src=\"https:\/\/www.google.com\/maps\/embed?pb=!1m18!1m12!1m3!1d3202.8564306129847!2d-6.198158685365632!3d36.60576668632117!2m3!1f0!2f0!3f0!3m2!1i1024!2i768!4f13.1!3m3!1m2!1s0xd0dcf9de66a4e6b%3A0x6e21f40a1fd01d87!2sNortem%20Biotechnology!5e0!3m2!1ses!2ses!4v1652772157278!5m2!1ses!2ses\" width=\"800\" height=\"450\" style=\"border:0;\" allowfullscreen=\"\" loading=\"lazy\" referrerpolicy=\"no-referrer-when-downgrade\"><\/iframe>\t\t\t\t<\/div>\n\t\t\t\t<\/div>\n\t\t\t\t\t<\/div>\n\t\t<\/div>\n\t\t\t\t\t<\/div>\n\t\t<\/section>\n\t\t\t\t<\/div>\n\t\t","protected":false},"excerpt":{"rendered":"<p>O\u00f9 sommes-nous ? El Puerto de Santa Mar\u00eda Calle Alexandro Humbold, N\u00ba 12 (Pol\u00edgono Industrial Salinas de Poniente), 11500, C\u00e1diz<\/p>\n","protected":false},"author":1,"featured_media":0,"parent":0,"menu_order":0,"comment_status":"closed","ping_status":"closed","template":"","meta":{"footnotes":""},"class_list":["post-10798","page","type-page","status-publish","hentry"],"yoast_head":"<!-- This site is optimized with the Yoast SEO plugin v27.4 - https:\/\/yoast.com\/product\/yoast-seo-wordpress\/ -->\n<title>Contactez - LG Health iSystems<\/title>\n<meta name=\"robots\" content=\"index, follow, max-snippet:-1, max-image-preview:large, max-video-preview:-1\" \/>\n<link rel=\"canonical\" href=\"https:\/\/lghealthisystems.eu\/fr\/contactez\/\" \/>\n<meta property=\"og:locale\" content=\"fr_FR\" \/>\n<meta property=\"og:type\" content=\"article\" \/>\n<meta property=\"og:title\" content=\"Contactez - LG Health iSystems\" \/>\n<meta property=\"og:description\" content=\"O\u00f9 sommes-nous ? El Puerto de Santa Mar\u00eda Calle Alexandro Humbold, N\u00ba 12 (Pol\u00edgono Industrial Salinas de Poniente), 11500, C\u00e1diz\" \/>\n<meta property=\"og:url\" content=\"https:\/\/lghealthisystems.eu\/fr\/contactez\/\" \/>\n<meta property=\"og:site_name\" content=\"LG Health iSystems\" \/>\n<meta property=\"article:modified_time\" content=\"2022-07-15T09:00:30+00:00\" \/>\n<meta name=\"twitter:card\" content=\"summary_large_image\" \/>\n<meta name=\"twitter:label1\" content=\"Dur\u00e9e de lecture estim\u00e9e\" \/>\n\t<meta name=\"twitter:data1\" content=\"2 minutes\" \/>\n<script type=\"application\/ld+json\" class=\"yoast-schema-graph\">{\"@context\":\"https:\\\/\\\/schema.org\",\"@graph\":[{\"@type\":\"WebPage\",\"@id\":\"https:\\\/\\\/lghealthisystems.eu\\\/fr\\\/contactez\\\/\",\"url\":\"https:\\\/\\\/lghealthisystems.eu\\\/fr\\\/contactez\\\/\",\"name\":\"Contactez - LG Health iSystems\",\"isPartOf\":{\"@id\":\"https:\\\/\\\/lghealthisystems.eu\\\/#website\"},\"datePublished\":\"2021-11-04T14:48:51+00:00\",\"dateModified\":\"2022-07-15T09:00:30+00:00\",\"breadcrumb\":{\"@id\":\"https:\\\/\\\/lghealthisystems.eu\\\/fr\\\/contactez\\\/#breadcrumb\"},\"inLanguage\":\"fr-FR\",\"potentialAction\":[{\"@type\":\"ReadAction\",\"target\":[\"https:\\\/\\\/lghealthisystems.eu\\\/fr\\\/contactez\\\/\"]}]},{\"@type\":\"BreadcrumbList\",\"@id\":\"https:\\\/\\\/lghealthisystems.eu\\\/fr\\\/contactez\\\/#breadcrumb\",\"itemListElement\":[{\"@type\":\"ListItem\",\"position\":1,\"name\":\"Portada\",\"item\":\"https:\\\/\\\/lghealthisystems.eu\\\/\"},{\"@type\":\"ListItem\",\"position\":2,\"name\":\"Contactez\"}]},{\"@type\":\"WebSite\",\"@id\":\"https:\\\/\\\/lghealthisystems.eu\\\/#website\",\"url\":\"https:\\\/\\\/lghealthisystems.eu\\\/\",\"name\":\"LG Health iSystems\",\"description\":\"Purifica tu agua de grifo en 3 segundos con nuestra m\u00e1quina de \u00f3smosis inversa dom\u00e9stica. \u00a1Capaz de eliminar todos los elementos t\u00f3xicos presentes en el agua!\",\"publisher\":{\"@id\":\"https:\\\/\\\/lghealthisystems.eu\\\/#organization\"},\"potentialAction\":[{\"@type\":\"SearchAction\",\"target\":{\"@type\":\"EntryPoint\",\"urlTemplate\":\"https:\\\/\\\/lghealthisystems.eu\\\/?s={search_term_string}\"},\"query-input\":{\"@type\":\"PropertyValueSpecification\",\"valueRequired\":true,\"valueName\":\"search_term_string\"}}],\"inLanguage\":\"fr-FR\"},{\"@type\":\"Organization\",\"@id\":\"https:\\\/\\\/lghealthisystems.eu\\\/#organization\",\"name\":\"Lg Health iSystems\",\"url\":\"https:\\\/\\\/lghealthisystems.eu\\\/\",\"logo\":{\"@type\":\"ImageObject\",\"inLanguage\":\"fr-FR\",\"@id\":\"https:\\\/\\\/lghealthisystems.eu\\\/#\\\/schema\\\/logo\\\/image\\\/\",\"url\":\"https:\\\/\\\/lghealthisystems.eu\\\/wp-content\\\/uploads\\\/2022\\\/05\\\/Logo-Health-i_systems-dorado.png\",\"contentUrl\":\"https:\\\/\\\/lghealthisystems.eu\\\/wp-content\\\/uploads\\\/2022\\\/05\\\/Logo-Health-i_systems-dorado.png\",\"width\":1123,\"height\":339,\"caption\":\"Lg Health iSystems\"},\"image\":{\"@id\":\"https:\\\/\\\/lghealthisystems.eu\\\/#\\\/schema\\\/logo\\\/image\\\/\"}}]}<\/script>\n<!-- \/ Yoast SEO plugin. -->","yoast_head_json":{"title":"Contactez - LG Health iSystems","robots":{"index":"index","follow":"follow","max-snippet":"max-snippet:-1","max-image-preview":"max-image-preview:large","max-video-preview":"max-video-preview:-1"},"canonical":"https:\/\/lghealthisystems.eu\/fr\/contactez\/","og_locale":"fr_FR","og_type":"article","og_title":"Contactez - LG Health iSystems","og_description":"O\u00f9 sommes-nous ? El Puerto de Santa Mar\u00eda Calle Alexandro Humbold, N\u00ba 12 (Pol\u00edgono Industrial Salinas de Poniente), 11500, C\u00e1diz","og_url":"https:\/\/lghealthisystems.eu\/fr\/contactez\/","og_site_name":"LG Health iSystems","article_modified_time":"2022-07-15T09:00:30+00:00","twitter_card":"summary_large_image","twitter_misc":{"Dur\u00e9e de lecture estim\u00e9e":"2 minutes"},"schema":{"@context":"https:\/\/schema.org","@graph":[{"@type":"WebPage","@id":"https:\/\/lghealthisystems.eu\/fr\/contactez\/","url":"https:\/\/lghealthisystems.eu\/fr\/contactez\/","name":"Contactez - LG Health iSystems","isPartOf":{"@id":"https:\/\/lghealthisystems.eu\/#website"},"datePublished":"2021-11-04T14:48:51+00:00","dateModified":"2022-07-15T09:00:30+00:00","breadcrumb":{"@id":"https:\/\/lghealthisystems.eu\/fr\/contactez\/#breadcrumb"},"inLanguage":"fr-FR","potentialAction":[{"@type":"ReadAction","target":["https:\/\/lghealthisystems.eu\/fr\/contactez\/"]}]},{"@type":"BreadcrumbList","@id":"https:\/\/lghealthisystems.eu\/fr\/contactez\/#breadcrumb","itemListElement":[{"@type":"ListItem","position":1,"name":"Portada","item":"https:\/\/lghealthisystems.eu\/"},{"@type":"ListItem","position":2,"name":"Contactez"}]},{"@type":"WebSite","@id":"https:\/\/lghealthisystems.eu\/#website","url":"https:\/\/lghealthisystems.eu\/","name":"LG Health iSystems","description":"Purifica tu agua de grifo en 3 segundos con nuestra m\u00e1quina de \u00f3smosis inversa dom\u00e9stica. \u00a1Capaz de eliminar todos los elementos t\u00f3xicos presentes en el agua!","publisher":{"@id":"https:\/\/lghealthisystems.eu\/#organization"},"potentialAction":[{"@type":"SearchAction","target":{"@type":"EntryPoint","urlTemplate":"https:\/\/lghealthisystems.eu\/?s={search_term_string}"},"query-input":{"@type":"PropertyValueSpecification","valueRequired":true,"valueName":"search_term_string"}}],"inLanguage":"fr-FR"},{"@type":"Organization","@id":"https:\/\/lghealthisystems.eu\/#organization","name":"Lg Health iSystems","url":"https:\/\/lghealthisystems.eu\/","logo":{"@type":"ImageObject","inLanguage":"fr-FR","@id":"https:\/\/lghealthisystems.eu\/#\/schema\/logo\/image\/","url":"https:\/\/lghealthisystems.eu\/wp-content\/uploads\/2022\/05\/Logo-Health-i_systems-dorado.png","contentUrl":"https:\/\/lghealthisystems.eu\/wp-content\/uploads\/2022\/05\/Logo-Health-i_systems-dorado.png","width":1123,"height":339,"caption":"Lg Health iSystems"},"image":{"@id":"https:\/\/lghealthisystems.eu\/#\/schema\/logo\/image\/"}}]}},"_links":{"self":[{"href":"https:\/\/lghealthisystems.eu\/fr\/wp-json\/wp\/v2\/pages\/10798","targetHints":{"allow":["GET"]}}],"collection":[{"href":"https:\/\/lghealthisystems.eu\/fr\/wp-json\/wp\/v2\/pages"}],"about":[{"href":"https:\/\/lghealthisystems.eu\/fr\/wp-json\/wp\/v2\/types\/page"}],"author":[{"embeddable":true,"href":"https:\/\/lghealthisystems.eu\/fr\/wp-json\/wp\/v2\/users\/1"}],"replies":[{"embeddable":true,"href":"https:\/\/lghealthisystems.eu\/fr\/wp-json\/wp\/v2\/comments?post=10798"}],"version-history":[{"count":0,"href":"https:\/\/lghealthisystems.eu\/fr\/wp-json\/wp\/v2\/pages\/10798\/revisions"}],"wp:attachment":[{"href":"https:\/\/lghealthisystems.eu\/fr\/wp-json\/wp\/v2\/media?parent=10798"}],"curies":[{"name":"wp","href":"https:\/\/api.w.org\/{rel}","templated":true}]}}