{"id":11022,"date":"2022-05-16T13:36:06","date_gmt":"2022-05-16T12:36:06","guid":{"rendered":"https:\/\/lghealthisystems.eu\/producto\/packs-de-3-filtres-pac-cf-ro-pour-losmose-inverse-domestique\/"},"modified":"2025-11-08T09:04:20","modified_gmt":"2025-11-08T08:04:20","slug":"packs-de-3-filtres-pac-cf-ro-pour-losmose-inverse-domestique","status":"publish","type":"product","link":"https:\/\/lghealthisystems.eu\/fr\/producto\/packs-de-3-filtres-pac-cf-ro-pour-losmose-inverse-domestique\/","title":{"rendered":"Packs de 3 filtres (PAC | CF | RO) pour l&rsquo;osmose inverse domestique"},"content":{"rendered":"","protected":false},"excerpt":{"rendered":"<p>Notre pack de 3 filtres (PAC, CF et RO) pour notre appareil d&rsquo;osmose inverse domestique est capable d&rsquo;\u00e9liminer les impuret\u00e9s telles que les s\u00e9diments, les solides en suspension, la rouille, le chlore r\u00e9siduel et une multitude d&rsquo;agents pathog\u00e8nes. En outre, il \u00e9limine la mauvaise couleur de l&rsquo;eau, tout en absorbant les go\u00fbts et les odeurs d\u00e9sagr\u00e9ables de l&rsquo;eau.<\/p>\n<p><strong>Filtres disponibles<\/strong> : CF | PAC | RO<\/p>\n<p><strong>Durabilit\u00e9<\/strong> : 24 mois (selon l&rsquo;utilisation et la duret\u00e9 de l&rsquo;eau)<\/p>\n","protected":false},"featured_media":12045,"comment_status":"open","ping_status":"closed","template":"","meta":[],"product_brand":[],"product_cat":[138],"product_tag":[],"class_list":{"0":"post-11022","1":"product","2":"type-product","3":"status-publish","4":"has-post-thumbnail","6":"product_cat-accessoires","8":"first","9":"outofstock","10":"sale","11":"taxable","12":"shipping-taxable","13":"purchasable","14":"product-type-simple"},"yoast_head":"<!-- This site is optimized with the Yoast SEO plugin v27.5 - https:\/\/yoast.com\/product\/yoast-seo-wordpress\/ -->\n<title>Packs de 3 filtres (PAC | CF | RO) pour l&#039;osmose inverse domestique - LG Health iSystems<\/title>\n<meta name=\"robots\" content=\"index, follow, max-snippet:-1, max-image-preview:large, max-video-preview:-1\" \/>\n<link rel=\"canonical\" href=\"https:\/\/lghealthisystems.eu\/?post_type=product&p=8941\" \/>\n<meta property=\"og:locale\" content=\"fr_FR\" \/>\n<meta property=\"og:type\" content=\"article\" \/>\n<meta property=\"og:title\" content=\"Packs de 3 filtres (PAC | CF | RO) pour l&#039;osmose inverse domestique - LG Health iSystems\" \/>\n<meta property=\"og:description\" content=\"Notre pack de 3 filtres (PAC, CF et RO) pour notre appareil d&#039;osmose inverse domestique est capable d&#039;\u00e9liminer les impuret\u00e9s telles que les s\u00e9diments, les solides en suspension, la rouille, le chlore r\u00e9siduel et une multitude d&#039;agents pathog\u00e8nes. En outre, il \u00e9limine la mauvaise couleur de l&#039;eau, tout en absorbant les go\u00fbts et les odeurs d\u00e9sagr\u00e9ables de l&#039;eau.  Filtres disponibles : CF | PAC | RO  Durabilit\u00e9 : 24 mois (selon l&#039;utilisation et la duret\u00e9 de l&#039;eau)\" \/>\n<meta property=\"og:url\" content=\"https:\/\/lghealthisystems.eu\/?post_type=product&amp;p=8941\" \/>\n<meta property=\"og:site_name\" content=\"LG Health iSystems\" \/>\n<meta property=\"article:modified_time\" content=\"2025-11-08T08:04:20+00:00\" \/>\n<meta property=\"og:image\" content=\"https:\/\/lghealthisystems.eu\/wp-content\/uploads\/2022\/05\/pack-3-fitros-remineralizacion-agua-osmosis-pac-cf-ro-1.webp\" \/>\n\t<meta property=\"og:image:width\" content=\"1000\" \/>\n\t<meta property=\"og:image:height\" content=\"1000\" \/>\n\t<meta property=\"og:image:type\" content=\"image\/webp\" \/>\n<meta name=\"twitter:card\" content=\"summary_large_image\" \/>\n<script type=\"application\/ld+json\" class=\"yoast-schema-graph\">{\"@context\":\"https:\\\/\\\/schema.org\",\"@graph\":[{\"@type\":\"WebPage\",\"@id\":\"https:\\\/\\\/lghealthisystems.eu\\\/?post_type=product&p=8941\",\"url\":\"https:\\\/\\\/lghealthisystems.eu\\\/?post_type=product&p=8941\",\"name\":\"Packs de 3 filtres (PAC | CF | RO) pour l'osmose inverse domestique - LG Health iSystems\",\"isPartOf\":{\"@id\":\"https:\\\/\\\/lghealthisystems.eu\\\/#website\"},\"primaryImageOfPage\":{\"@id\":\"https:\\\/\\\/lghealthisystems.eu\\\/?post_type=product&p=8941#primaryimage\"},\"image\":{\"@id\":\"https:\\\/\\\/lghealthisystems.eu\\\/?post_type=product&p=8941#primaryimage\"},\"thumbnailUrl\":\"https:\\\/\\\/lghealthisystems.eu\\\/wp-content\\\/uploads\\\/2022\\\/05\\\/pack-3-fitros-remineralizacion-agua-osmosis-pac-cf-ro-1.webp\",\"datePublished\":\"2022-05-16T12:36:06+00:00\",\"dateModified\":\"2025-11-08T08:04:20+00:00\",\"breadcrumb\":{\"@id\":\"https:\\\/\\\/lghealthisystems.eu\\\/?post_type=product&p=8941#breadcrumb\"},\"inLanguage\":\"fr-FR\",\"potentialAction\":[{\"@type\":\"ReadAction\",\"target\":[\"https:\\\/\\\/lghealthisystems.eu\\\/?post_type=product&p=8941\"]}]},{\"@type\":\"ImageObject\",\"inLanguage\":\"fr-FR\",\"@id\":\"https:\\\/\\\/lghealthisystems.eu\\\/?post_type=product&p=8941#primaryimage\",\"url\":\"https:\\\/\\\/lghealthisystems.eu\\\/wp-content\\\/uploads\\\/2022\\\/05\\\/pack-3-fitros-remineralizacion-agua-osmosis-pac-cf-ro-1.webp\",\"contentUrl\":\"https:\\\/\\\/lghealthisystems.eu\\\/wp-content\\\/uploads\\\/2022\\\/05\\\/pack-3-fitros-remineralizacion-agua-osmosis-pac-cf-ro-1.webp\",\"width\":1000,\"height\":1000,\"caption\":\"Pack de 3 filtros para \u00d3smosis Inversa Dom\u00e9stica. Mayor Remineralizaci\u00f3n del Agua. Elimina T\u00f3xicos como el Fl\u00faor, Metales Pesados y Glifosato.\"},{\"@type\":\"BreadcrumbList\",\"@id\":\"https:\\\/\\\/lghealthisystems.eu\\\/?post_type=product&p=8941#breadcrumb\",\"itemListElement\":[{\"@type\":\"ListItem\",\"position\":1,\"name\":\"Portada\",\"item\":\"https:\\\/\\\/lghealthisystems.eu\\\/\"},{\"@type\":\"ListItem\",\"position\":2,\"name\":\"Boutique en ligne\",\"item\":\"https:\\\/\\\/lghealthisystems.eu\\\/fr\\\/boutique-en-ligne\\\/\"},{\"@type\":\"ListItem\",\"position\":3,\"name\":\"Packs de 3 filtres (PAC | CF | RO) pour l&#8217;osmose inverse domestique\"}]},{\"@type\":\"WebSite\",\"@id\":\"https:\\\/\\\/lghealthisystems.eu\\\/#website\",\"url\":\"https:\\\/\\\/lghealthisystems.eu\\\/\",\"name\":\"LG Health iSystems\",\"description\":\"Purifica tu agua de grifo en 3 segundos con nuestra m\u00e1quina de \u00f3smosis inversa dom\u00e9stica. \u00a1Capaz de eliminar todos los elementos t\u00f3xicos presentes en el agua!\",\"publisher\":{\"@id\":\"https:\\\/\\\/lghealthisystems.eu\\\/#organization\"},\"potentialAction\":[{\"@type\":\"SearchAction\",\"target\":{\"@type\":\"EntryPoint\",\"urlTemplate\":\"https:\\\/\\\/lghealthisystems.eu\\\/?s={search_term_string}\"},\"query-input\":{\"@type\":\"PropertyValueSpecification\",\"valueRequired\":true,\"valueName\":\"search_term_string\"}}],\"inLanguage\":\"fr-FR\"},{\"@type\":\"Organization\",\"@id\":\"https:\\\/\\\/lghealthisystems.eu\\\/#organization\",\"name\":\"Lg Health iSystems\",\"url\":\"https:\\\/\\\/lghealthisystems.eu\\\/\",\"logo\":{\"@type\":\"ImageObject\",\"inLanguage\":\"fr-FR\",\"@id\":\"https:\\\/\\\/lghealthisystems.eu\\\/#\\\/schema\\\/logo\\\/image\\\/\",\"url\":\"https:\\\/\\\/lghealthisystems.eu\\\/wp-content\\\/uploads\\\/2022\\\/05\\\/Logo-Health-i_systems-dorado.png\",\"contentUrl\":\"https:\\\/\\\/lghealthisystems.eu\\\/wp-content\\\/uploads\\\/2022\\\/05\\\/Logo-Health-i_systems-dorado.png\",\"width\":1123,\"height\":339,\"caption\":\"Lg Health iSystems\"},\"image\":{\"@id\":\"https:\\\/\\\/lghealthisystems.eu\\\/#\\\/schema\\\/logo\\\/image\\\/\"}}]}<\/script>\n<!-- \/ Yoast SEO plugin. -->","yoast_head_json":{"title":"Packs de 3 filtres (PAC | CF | RO) pour l'osmose inverse domestique - LG Health iSystems","robots":{"index":"index","follow":"follow","max-snippet":"max-snippet:-1","max-image-preview":"max-image-preview:large","max-video-preview":"max-video-preview:-1"},"canonical":"https:\/\/lghealthisystems.eu\/?post_type=product&p=8941","og_locale":"fr_FR","og_type":"article","og_title":"Packs de 3 filtres (PAC | CF | RO) pour l'osmose inverse domestique - LG Health iSystems","og_description":"Notre pack de 3 filtres (PAC, CF et RO) pour notre appareil d'osmose inverse domestique est capable d'\u00e9liminer les impuret\u00e9s telles que les s\u00e9diments, les solides en suspension, la rouille, le chlore r\u00e9siduel et une multitude d'agents pathog\u00e8nes. En outre, il \u00e9limine la mauvaise couleur de l'eau, tout en absorbant les go\u00fbts et les odeurs d\u00e9sagr\u00e9ables de l'eau.  Filtres disponibles : CF | PAC | RO  Durabilit\u00e9 : 24 mois (selon l'utilisation et la duret\u00e9 de l'eau)","og_url":"https:\/\/lghealthisystems.eu\/?post_type=product&p=8941","og_site_name":"LG Health iSystems","article_modified_time":"2025-11-08T08:04:20+00:00","og_image":[{"width":1000,"height":1000,"url":"https:\/\/lghealthisystems.eu\/wp-content\/uploads\/2022\/05\/pack-3-fitros-remineralizacion-agua-osmosis-pac-cf-ro-1.webp","type":"image\/webp"}],"twitter_card":"summary_large_image","schema":{"@context":"https:\/\/schema.org","@graph":[{"@type":"WebPage","@id":"https:\/\/lghealthisystems.eu\/?post_type=product&p=8941","url":"https:\/\/lghealthisystems.eu\/?post_type=product&p=8941","name":"Packs de 3 filtres (PAC | CF | RO) pour l'osmose inverse domestique - LG Health iSystems","isPartOf":{"@id":"https:\/\/lghealthisystems.eu\/#website"},"primaryImageOfPage":{"@id":"https:\/\/lghealthisystems.eu\/?post_type=product&p=8941#primaryimage"},"image":{"@id":"https:\/\/lghealthisystems.eu\/?post_type=product&p=8941#primaryimage"},"thumbnailUrl":"https:\/\/lghealthisystems.eu\/wp-content\/uploads\/2022\/05\/pack-3-fitros-remineralizacion-agua-osmosis-pac-cf-ro-1.webp","datePublished":"2022-05-16T12:36:06+00:00","dateModified":"2025-11-08T08:04:20+00:00","breadcrumb":{"@id":"https:\/\/lghealthisystems.eu\/?post_type=product&p=8941#breadcrumb"},"inLanguage":"fr-FR","potentialAction":[{"@type":"ReadAction","target":["https:\/\/lghealthisystems.eu\/?post_type=product&p=8941"]}]},{"@type":"ImageObject","inLanguage":"fr-FR","@id":"https:\/\/lghealthisystems.eu\/?post_type=product&p=8941#primaryimage","url":"https:\/\/lghealthisystems.eu\/wp-content\/uploads\/2022\/05\/pack-3-fitros-remineralizacion-agua-osmosis-pac-cf-ro-1.webp","contentUrl":"https:\/\/lghealthisystems.eu\/wp-content\/uploads\/2022\/05\/pack-3-fitros-remineralizacion-agua-osmosis-pac-cf-ro-1.webp","width":1000,"height":1000,"caption":"Pack de 3 filtros para \u00d3smosis Inversa Dom\u00e9stica. Mayor Remineralizaci\u00f3n del Agua. Elimina T\u00f3xicos como el Fl\u00faor, Metales Pesados y Glifosato."},{"@type":"BreadcrumbList","@id":"https:\/\/lghealthisystems.eu\/?post_type=product&p=8941#breadcrumb","itemListElement":[{"@type":"ListItem","position":1,"name":"Portada","item":"https:\/\/lghealthisystems.eu\/"},{"@type":"ListItem","position":2,"name":"Boutique en ligne","item":"https:\/\/lghealthisystems.eu\/fr\/boutique-en-ligne\/"},{"@type":"ListItem","position":3,"name":"Packs de 3 filtres (PAC | CF | RO) pour l&#8217;osmose inverse domestique"}]},{"@type":"WebSite","@id":"https:\/\/lghealthisystems.eu\/#website","url":"https:\/\/lghealthisystems.eu\/","name":"LG Health iSystems","description":"Purifica tu agua de grifo en 3 segundos con nuestra m\u00e1quina de \u00f3smosis inversa dom\u00e9stica. \u00a1Capaz de eliminar todos los elementos t\u00f3xicos presentes en el agua!","publisher":{"@id":"https:\/\/lghealthisystems.eu\/#organization"},"potentialAction":[{"@type":"SearchAction","target":{"@type":"EntryPoint","urlTemplate":"https:\/\/lghealthisystems.eu\/?s={search_term_string}"},"query-input":{"@type":"PropertyValueSpecification","valueRequired":true,"valueName":"search_term_string"}}],"inLanguage":"fr-FR"},{"@type":"Organization","@id":"https:\/\/lghealthisystems.eu\/#organization","name":"Lg Health iSystems","url":"https:\/\/lghealthisystems.eu\/","logo":{"@type":"ImageObject","inLanguage":"fr-FR","@id":"https:\/\/lghealthisystems.eu\/#\/schema\/logo\/image\/","url":"https:\/\/lghealthisystems.eu\/wp-content\/uploads\/2022\/05\/Logo-Health-i_systems-dorado.png","contentUrl":"https:\/\/lghealthisystems.eu\/wp-content\/uploads\/2022\/05\/Logo-Health-i_systems-dorado.png","width":1123,"height":339,"caption":"Lg Health iSystems"},"image":{"@id":"https:\/\/lghealthisystems.eu\/#\/schema\/logo\/image\/"}}]}},"_links":{"self":[{"href":"https:\/\/lghealthisystems.eu\/fr\/wp-json\/wp\/v2\/product\/11022","targetHints":{"allow":["GET"]}}],"collection":[{"href":"https:\/\/lghealthisystems.eu\/fr\/wp-json\/wp\/v2\/product"}],"about":[{"href":"https:\/\/lghealthisystems.eu\/fr\/wp-json\/wp\/v2\/types\/product"}],"replies":[{"embeddable":true,"href":"https:\/\/lghealthisystems.eu\/fr\/wp-json\/wp\/v2\/comments?post=11022"}],"version-history":[{"count":1,"href":"https:\/\/lghealthisystems.eu\/fr\/wp-json\/wp\/v2\/product\/11022\/revisions"}],"predecessor-version":[{"id":12479,"href":"https:\/\/lghealthisystems.eu\/fr\/wp-json\/wp\/v2\/product\/11022\/revisions\/12479"}],"wp:featuredmedia":[{"embeddable":true,"href":"https:\/\/lghealthisystems.eu\/fr\/wp-json\/wp\/v2\/media\/12045"}],"wp:attachment":[{"href":"https:\/\/lghealthisystems.eu\/fr\/wp-json\/wp\/v2\/media?parent=11022"}],"wp:term":[{"taxonomy":"product_brand","embeddable":true,"href":"https:\/\/lghealthisystems.eu\/fr\/wp-json\/wp\/v2\/product_brand?post=11022"},{"taxonomy":"product_cat","embeddable":true,"href":"https:\/\/lghealthisystems.eu\/fr\/wp-json\/wp\/v2\/product_cat?post=11022"},{"taxonomy":"product_tag","embeddable":true,"href":"https:\/\/lghealthisystems.eu\/fr\/wp-json\/wp\/v2\/product_tag?post=11022"}],"curies":[{"name":"wp","href":"https:\/\/api.w.org\/{rel}","templated":true}]}}