{"id":11023,"date":"2022-05-16T13:36:06","date_gmt":"2022-05-16T12:36:06","guid":{"rendered":"https:\/\/lghealthisystems.eu\/producto\/electrolytes-marins-100ml\/"},"modified":"2026-04-06T11:59:52","modified_gmt":"2026-04-06T10:59:52","slug":"electrolytes-marins-100ml","status":"publish","type":"product","link":"https:\/\/lghealthisystems.eu\/fr\/producto\/electrolytes-marins-100ml\/","title":{"rendered":"\u00c9lectrolytes marins 100ml"},"content":{"rendered":"","protected":false},"excerpt":{"rendered":"<p>Les <strong>\u00e9lectrolytes marins 100% naturels<\/strong> de NaturalPharma <strong>contiennent plus de 70 min\u00e9raux et oligo-\u00e9l\u00e9ments essentiels<\/strong> dont votre corps a besoin dans les bonnes proportions, contribuant ainsi au bon fonctionnement de votre organisme.<\/p>\n<p>Sa composition unique permet de pr\u00e9venir la perte de min\u00e9raux et d&rsquo;oligo-\u00e9l\u00e9ments essentiels apr\u00e8s l&rsquo;effort, de r\u00e9tablir l&rsquo;\u00e9quilibre osmotique et m\u00eame de r\u00e9guler la sant\u00e9 intestinale.<\/p>\n<p>Cette solution hypertonique fournit une grande vari\u00e9t\u00e9 de micronutriments organiques.<\/p>\n<p>Le stress, l&rsquo;exercice physique, la prise de certains m\u00e9dicaments et d&rsquo;autres pratiques peuvent appauvrir davantage des niveaux de min\u00e9raux d\u00e9j\u00e0 faibles. Nos \u00e9lectrolytes marins <strong>fournissent \u00e0 notre corps l&rsquo;apport min\u00e9ral n\u00e9cessaire<\/strong> que nous n&rsquo;ing\u00e9rons g\u00e9n\u00e9ralement pas dans notre alimentation quotidienne.<\/p>\n<p><strong>Comment l&rsquo;administrer ?<\/strong><\/p>\n<ul>\n<li>5 gouttes pour 1 litre d&rsquo;eau<\/li>\n<li>1 goutte pour un verre d&rsquo;eau (250ml)<\/li>\n<\/ul>\n<p><strong>Produit biologique et 100% v\u00e9g\u00e9talien, sans gluten, sans sucre, sans conservateurs ni additifs, sans ar\u00f4mes ni saveurs artificiels. Non OGM. Emballage sans BPA et recyclable.<\/strong><\/p>\n","protected":false},"featured_media":11551,"comment_status":"open","ping_status":"closed","template":"","meta":[],"product_brand":[],"product_cat":[138],"product_tag":[],"class_list":{"0":"post-11023","1":"product","2":"type-product","3":"status-publish","4":"has-post-thumbnail","6":"product_cat-accessoires","8":"first","9":"outofstock","10":"taxable","11":"shipping-taxable","12":"purchasable","13":"product-type-simple"},"yoast_head":"<!-- This site is optimized with the Yoast SEO plugin v27.3 - https:\/\/yoast.com\/product\/yoast-seo-wordpress\/ -->\n<title>\u00c9lectrolytes marins 100ml - LG Health iSystems<\/title>\n<meta name=\"description\" content=\"Avec les \u00e9lectrolytes marins, vous r\u00e9cup\u00e9rez les min\u00e9raux et oligo-\u00e9l\u00e9ments essentiels que vous perdez chaque jour et qui sont n\u00e9cessaires \u00e0 votre sant\u00e9.\" \/>\n<meta name=\"robots\" content=\"index, follow, max-snippet:-1, max-image-preview:large, max-video-preview:-1\" \/>\n<link rel=\"canonical\" href=\"https:\/\/lghealthisystems.eu\/?post_type=product&p=8939\" \/>\n<meta property=\"og:locale\" content=\"fr_FR\" \/>\n<meta property=\"og:type\" content=\"article\" \/>\n<meta property=\"og:title\" content=\"\u00c9lectrolytes marins 100ml - LG Health iSystems\" \/>\n<meta property=\"og:description\" content=\"Avec les \u00e9lectrolytes marins, vous r\u00e9cup\u00e9rez les min\u00e9raux et oligo-\u00e9l\u00e9ments essentiels que vous perdez chaque jour et qui sont n\u00e9cessaires \u00e0 votre sant\u00e9.\" \/>\n<meta property=\"og:url\" content=\"https:\/\/lghealthisystems.eu\/?post_type=product&amp;p=8939\" \/>\n<meta property=\"og:site_name\" content=\"LG Health iSystems\" \/>\n<meta property=\"article:modified_time\" content=\"2026-04-06T10:59:52+00:00\" \/>\n<meta property=\"og:image\" content=\"https:\/\/lghealthisystems.eu\/wp-content\/uploads\/2022\/05\/BOTE-electrolito-ESPAnOL.jpg\" \/>\n\t<meta property=\"og:image:width\" content=\"1000\" \/>\n\t<meta property=\"og:image:height\" content=\"1000\" \/>\n\t<meta property=\"og:image:type\" content=\"image\/jpeg\" \/>\n<meta name=\"twitter:card\" content=\"summary_large_image\" \/>\n<script type=\"application\/ld+json\" class=\"yoast-schema-graph\">{\"@context\":\"https:\\\/\\\/schema.org\",\"@graph\":[{\"@type\":\"WebPage\",\"@id\":\"https:\\\/\\\/lghealthisystems.eu\\\/?post_type=product&p=8939\",\"url\":\"https:\\\/\\\/lghealthisystems.eu\\\/?post_type=product&p=8939\",\"name\":\"\u00c9lectrolytes marins 100ml - LG Health iSystems\",\"isPartOf\":{\"@id\":\"https:\\\/\\\/lghealthisystems.eu\\\/#website\"},\"primaryImageOfPage\":{\"@id\":\"https:\\\/\\\/lghealthisystems.eu\\\/?post_type=product&p=8939#primaryimage\"},\"image\":{\"@id\":\"https:\\\/\\\/lghealthisystems.eu\\\/?post_type=product&p=8939#primaryimage\"},\"thumbnailUrl\":\"https:\\\/\\\/lghealthisystems.eu\\\/wp-content\\\/uploads\\\/2022\\\/05\\\/BOTE-electrolito-ESPAnOL.jpg\",\"datePublished\":\"2022-05-16T12:36:06+00:00\",\"dateModified\":\"2026-04-06T10:59:52+00:00\",\"description\":\"Avec les \u00e9lectrolytes marins, vous r\u00e9cup\u00e9rez les min\u00e9raux et oligo-\u00e9l\u00e9ments essentiels que vous perdez chaque jour et qui sont n\u00e9cessaires \u00e0 votre sant\u00e9.\",\"breadcrumb\":{\"@id\":\"https:\\\/\\\/lghealthisystems.eu\\\/?post_type=product&p=8939#breadcrumb\"},\"inLanguage\":\"fr-FR\",\"potentialAction\":[{\"@type\":\"ReadAction\",\"target\":[\"https:\\\/\\\/lghealthisystems.eu\\\/?post_type=product&p=8939\"]}]},{\"@type\":\"ImageObject\",\"inLanguage\":\"fr-FR\",\"@id\":\"https:\\\/\\\/lghealthisystems.eu\\\/?post_type=product&p=8939#primaryimage\",\"url\":\"https:\\\/\\\/lghealthisystems.eu\\\/wp-content\\\/uploads\\\/2022\\\/05\\\/BOTE-electrolito-ESPAnOL.jpg\",\"contentUrl\":\"https:\\\/\\\/lghealthisystems.eu\\\/wp-content\\\/uploads\\\/2022\\\/05\\\/BOTE-electrolito-ESPAnOL.jpg\",\"width\":1000,\"height\":1000},{\"@type\":\"BreadcrumbList\",\"@id\":\"https:\\\/\\\/lghealthisystems.eu\\\/?post_type=product&p=8939#breadcrumb\",\"itemListElement\":[{\"@type\":\"ListItem\",\"position\":1,\"name\":\"Portada\",\"item\":\"https:\\\/\\\/lghealthisystems.eu\\\/\"},{\"@type\":\"ListItem\",\"position\":2,\"name\":\"Boutique en ligne\",\"item\":\"https:\\\/\\\/lghealthisystems.eu\\\/fr\\\/boutique-en-ligne\\\/\"},{\"@type\":\"ListItem\",\"position\":3,\"name\":\"\u00c9lectrolytes marins 100ml\"}]},{\"@type\":\"WebSite\",\"@id\":\"https:\\\/\\\/lghealthisystems.eu\\\/#website\",\"url\":\"https:\\\/\\\/lghealthisystems.eu\\\/\",\"name\":\"LG Health iSystems\",\"description\":\"Purifica tu agua de grifo en 3 segundos con nuestra m\u00e1quina de \u00f3smosis inversa dom\u00e9stica. \u00a1Capaz de eliminar todos los elementos t\u00f3xicos presentes en el agua!\",\"publisher\":{\"@id\":\"https:\\\/\\\/lghealthisystems.eu\\\/#organization\"},\"potentialAction\":[{\"@type\":\"SearchAction\",\"target\":{\"@type\":\"EntryPoint\",\"urlTemplate\":\"https:\\\/\\\/lghealthisystems.eu\\\/?s={search_term_string}\"},\"query-input\":{\"@type\":\"PropertyValueSpecification\",\"valueRequired\":true,\"valueName\":\"search_term_string\"}}],\"inLanguage\":\"fr-FR\"},{\"@type\":\"Organization\",\"@id\":\"https:\\\/\\\/lghealthisystems.eu\\\/#organization\",\"name\":\"Lg Health iSystems\",\"url\":\"https:\\\/\\\/lghealthisystems.eu\\\/\",\"logo\":{\"@type\":\"ImageObject\",\"inLanguage\":\"fr-FR\",\"@id\":\"https:\\\/\\\/lghealthisystems.eu\\\/#\\\/schema\\\/logo\\\/image\\\/\",\"url\":\"https:\\\/\\\/lghealthisystems.eu\\\/wp-content\\\/uploads\\\/2022\\\/05\\\/Logo-Health-i_systems-dorado.png\",\"contentUrl\":\"https:\\\/\\\/lghealthisystems.eu\\\/wp-content\\\/uploads\\\/2022\\\/05\\\/Logo-Health-i_systems-dorado.png\",\"width\":1123,\"height\":339,\"caption\":\"Lg Health iSystems\"},\"image\":{\"@id\":\"https:\\\/\\\/lghealthisystems.eu\\\/#\\\/schema\\\/logo\\\/image\\\/\"}}]}<\/script>\n<!-- \/ Yoast SEO plugin. -->","yoast_head_json":{"title":"\u00c9lectrolytes marins 100ml - LG Health iSystems","description":"Avec les \u00e9lectrolytes marins, vous r\u00e9cup\u00e9rez les min\u00e9raux et oligo-\u00e9l\u00e9ments essentiels que vous perdez chaque jour et qui sont n\u00e9cessaires \u00e0 votre sant\u00e9.","robots":{"index":"index","follow":"follow","max-snippet":"max-snippet:-1","max-image-preview":"max-image-preview:large","max-video-preview":"max-video-preview:-1"},"canonical":"https:\/\/lghealthisystems.eu\/?post_type=product&p=8939","og_locale":"fr_FR","og_type":"article","og_title":"\u00c9lectrolytes marins 100ml - LG Health iSystems","og_description":"Avec les \u00e9lectrolytes marins, vous r\u00e9cup\u00e9rez les min\u00e9raux et oligo-\u00e9l\u00e9ments essentiels que vous perdez chaque jour et qui sont n\u00e9cessaires \u00e0 votre sant\u00e9.","og_url":"https:\/\/lghealthisystems.eu\/?post_type=product&p=8939","og_site_name":"LG Health iSystems","article_modified_time":"2026-04-06T10:59:52+00:00","og_image":[{"width":1000,"height":1000,"url":"https:\/\/lghealthisystems.eu\/wp-content\/uploads\/2022\/05\/BOTE-electrolito-ESPAnOL.jpg","type":"image\/jpeg"}],"twitter_card":"summary_large_image","schema":{"@context":"https:\/\/schema.org","@graph":[{"@type":"WebPage","@id":"https:\/\/lghealthisystems.eu\/?post_type=product&p=8939","url":"https:\/\/lghealthisystems.eu\/?post_type=product&p=8939","name":"\u00c9lectrolytes marins 100ml - LG Health iSystems","isPartOf":{"@id":"https:\/\/lghealthisystems.eu\/#website"},"primaryImageOfPage":{"@id":"https:\/\/lghealthisystems.eu\/?post_type=product&p=8939#primaryimage"},"image":{"@id":"https:\/\/lghealthisystems.eu\/?post_type=product&p=8939#primaryimage"},"thumbnailUrl":"https:\/\/lghealthisystems.eu\/wp-content\/uploads\/2022\/05\/BOTE-electrolito-ESPAnOL.jpg","datePublished":"2022-05-16T12:36:06+00:00","dateModified":"2026-04-06T10:59:52+00:00","description":"Avec les \u00e9lectrolytes marins, vous r\u00e9cup\u00e9rez les min\u00e9raux et oligo-\u00e9l\u00e9ments essentiels que vous perdez chaque jour et qui sont n\u00e9cessaires \u00e0 votre sant\u00e9.","breadcrumb":{"@id":"https:\/\/lghealthisystems.eu\/?post_type=product&p=8939#breadcrumb"},"inLanguage":"fr-FR","potentialAction":[{"@type":"ReadAction","target":["https:\/\/lghealthisystems.eu\/?post_type=product&p=8939"]}]},{"@type":"ImageObject","inLanguage":"fr-FR","@id":"https:\/\/lghealthisystems.eu\/?post_type=product&p=8939#primaryimage","url":"https:\/\/lghealthisystems.eu\/wp-content\/uploads\/2022\/05\/BOTE-electrolito-ESPAnOL.jpg","contentUrl":"https:\/\/lghealthisystems.eu\/wp-content\/uploads\/2022\/05\/BOTE-electrolito-ESPAnOL.jpg","width":1000,"height":1000},{"@type":"BreadcrumbList","@id":"https:\/\/lghealthisystems.eu\/?post_type=product&p=8939#breadcrumb","itemListElement":[{"@type":"ListItem","position":1,"name":"Portada","item":"https:\/\/lghealthisystems.eu\/"},{"@type":"ListItem","position":2,"name":"Boutique en ligne","item":"https:\/\/lghealthisystems.eu\/fr\/boutique-en-ligne\/"},{"@type":"ListItem","position":3,"name":"\u00c9lectrolytes marins 100ml"}]},{"@type":"WebSite","@id":"https:\/\/lghealthisystems.eu\/#website","url":"https:\/\/lghealthisystems.eu\/","name":"LG Health iSystems","description":"Purifica tu agua de grifo en 3 segundos con nuestra m\u00e1quina de \u00f3smosis inversa dom\u00e9stica. \u00a1Capaz de eliminar todos los elementos t\u00f3xicos presentes en el agua!","publisher":{"@id":"https:\/\/lghealthisystems.eu\/#organization"},"potentialAction":[{"@type":"SearchAction","target":{"@type":"EntryPoint","urlTemplate":"https:\/\/lghealthisystems.eu\/?s={search_term_string}"},"query-input":{"@type":"PropertyValueSpecification","valueRequired":true,"valueName":"search_term_string"}}],"inLanguage":"fr-FR"},{"@type":"Organization","@id":"https:\/\/lghealthisystems.eu\/#organization","name":"Lg Health iSystems","url":"https:\/\/lghealthisystems.eu\/","logo":{"@type":"ImageObject","inLanguage":"fr-FR","@id":"https:\/\/lghealthisystems.eu\/#\/schema\/logo\/image\/","url":"https:\/\/lghealthisystems.eu\/wp-content\/uploads\/2022\/05\/Logo-Health-i_systems-dorado.png","contentUrl":"https:\/\/lghealthisystems.eu\/wp-content\/uploads\/2022\/05\/Logo-Health-i_systems-dorado.png","width":1123,"height":339,"caption":"Lg Health iSystems"},"image":{"@id":"https:\/\/lghealthisystems.eu\/#\/schema\/logo\/image\/"}}]}},"_links":{"self":[{"href":"https:\/\/lghealthisystems.eu\/fr\/wp-json\/wp\/v2\/product\/11023","targetHints":{"allow":["GET"]}}],"collection":[{"href":"https:\/\/lghealthisystems.eu\/fr\/wp-json\/wp\/v2\/product"}],"about":[{"href":"https:\/\/lghealthisystems.eu\/fr\/wp-json\/wp\/v2\/types\/product"}],"replies":[{"embeddable":true,"href":"https:\/\/lghealthisystems.eu\/fr\/wp-json\/wp\/v2\/comments?post=11023"}],"version-history":[{"count":0,"href":"https:\/\/lghealthisystems.eu\/fr\/wp-json\/wp\/v2\/product\/11023\/revisions"}],"wp:featuredmedia":[{"embeddable":true,"href":"https:\/\/lghealthisystems.eu\/fr\/wp-json\/wp\/v2\/media\/11551"}],"wp:attachment":[{"href":"https:\/\/lghealthisystems.eu\/fr\/wp-json\/wp\/v2\/media?parent=11023"}],"wp:term":[{"taxonomy":"product_brand","embeddable":true,"href":"https:\/\/lghealthisystems.eu\/fr\/wp-json\/wp\/v2\/product_brand?post=11023"},{"taxonomy":"product_cat","embeddable":true,"href":"https:\/\/lghealthisystems.eu\/fr\/wp-json\/wp\/v2\/product_cat?post=11023"},{"taxonomy":"product_tag","embeddable":true,"href":"https:\/\/lghealthisystems.eu\/fr\/wp-json\/wp\/v2\/product_tag?post=11023"}],"curies":[{"name":"wp","href":"https:\/\/api.w.org\/{rel}","templated":true}]}}