{"id":11647,"date":"2022-11-21T14:19:07","date_gmt":"2022-11-21T13:19:07","guid":{"rendered":"https:\/\/lghealthisystems.eu\/producto\/detoxsil-dioxyde-de-silicium-30-ml\/"},"modified":"2025-06-12T07:40:16","modified_gmt":"2025-06-12T06:40:16","slug":"detoxsil-dioxyde-de-silicium-30-ml","status":"publish","type":"product","link":"https:\/\/lghealthisystems.eu\/fr\/producto\/detoxsil-dioxyde-de-silicium-30-ml\/","title":{"rendered":"DetoxSil &#8211; Dioxyde de silicium &#8211; 30 ml"},"content":{"rendered":"","protected":false},"excerpt":{"rendered":"<p><strong>DetoxSil<\/strong> de NaturalPharma Labs est un produit fabriqu\u00e9 selon les normes de qualit\u00e9 les plus strictes dont la fonction est de <strong>pr\u00e9venir l&rsquo;accumulation de diff\u00e9rentes toxines dans notre organisme<\/strong>, telles que l&rsquo;aluminium, le mercure et d&rsquo;autres <strong>m\u00e9taux lourds<\/strong>. De cette fa\u00e7on, DetoxSil, ou dioxyde de silicium, aide notre corps \u00e0 effectuer une <strong>fonction de d\u00e9toxification<\/strong>.<\/p>\n<p><strong>Les avantages de DetoxSil:<\/strong><\/p>\n<ul>\n<li>Aide notre corps \u00e0 \u00e9liminer les m\u00e9taux lourds.<\/li>\n<li>Favorise la formation de collag\u00e8ne, am\u00e9liorant ainsi la sant\u00e9 de la peau, des cheveux et des ongles.<\/li>\n<li>Contribue au bon fonctionnement et \u00e0 la r\u00e9g\u00e9n\u00e9ration du syst\u00e8me osseux.<\/li>\n<li>Am\u00e9liore la densit\u00e9 min\u00e9rale osseuse.<\/li>\n<\/ul>\n<p><strong>Comment l&rsquo;administrer ?<\/strong><\/p>\n<p>Ajouter \u00e0 \u00bd verre d&rsquo;eau ou de jus d&rsquo;orange. Prendre de pr\u00e9f\u00e9rence une demi-heure avant ou 2 heures apr\u00e8s le repas.<\/p>\n<p><strong>Dose journali\u00e8re recommand\u00e9e<\/strong> : 5 gouttes par jour.<\/p>\n<p><strong>Compl\u00e9ment alimentaire compos\u00e9 de dioxyde de silicium pour assurer la bonne sant\u00e9 de l&rsquo;organisme et la d\u00e9toxification des m\u00e9taux lourds. 100% v\u00e9g\u00e9talien, sans gluten, sans sucre, sans conservateur, sans additifs ni ar\u00f4mes artificiels. Non OGM. Emballage sans BPA et recyclable.<\/strong><\/p>\n","protected":false},"featured_media":11590,"comment_status":"open","ping_status":"closed","template":"","meta":[],"product_brand":[],"product_cat":[138],"product_tag":[],"class_list":{"0":"post-11647","1":"product","2":"type-product","3":"status-publish","4":"has-post-thumbnail","6":"product_cat-accessoires","8":"first","9":"outofstock","10":"taxable","11":"shipping-taxable","12":"purchasable","13":"product-type-simple"},"yoast_head":"<!-- This site is optimized with the Yoast SEO plugin v27.3 - https:\/\/yoast.com\/product\/yoast-seo-wordpress\/ -->\n<title>DetoxSil - Dioxyde de silicium - 30 ml - NaturalPharma<\/title>\n<meta name=\"description\" content=\"DetoxSil est un compl\u00e9ment alimentaire dont la fonction est de pr\u00e9venir l&#039;accumulation de toxines dans l&#039;organisme, comme l&#039;aluminium et d&#039;autres m\u00e9taux lourds.\" \/>\n<meta name=\"robots\" content=\"index, follow, max-snippet:-1, max-image-preview:large, max-video-preview:-1\" \/>\n<link rel=\"canonical\" href=\"https:\/\/lghealthisystems.eu\/?post_type=product&p=11565\" \/>\n<meta property=\"og:locale\" content=\"fr_FR\" \/>\n<meta property=\"og:type\" content=\"article\" \/>\n<meta property=\"og:title\" content=\"DetoxSil - Dioxyde de silicium - 30 ml - NaturalPharma\" \/>\n<meta property=\"og:description\" content=\"DetoxSil est un compl\u00e9ment alimentaire dont la fonction est de pr\u00e9venir l&#039;accumulation de toxines dans l&#039;organisme, comme l&#039;aluminium et d&#039;autres m\u00e9taux lourds.\" \/>\n<meta property=\"og:url\" content=\"https:\/\/lghealthisystems.eu\/?post_type=product&amp;p=11565\" \/>\n<meta property=\"og:site_name\" content=\"LG Health iSystems\" \/>\n<meta property=\"article:modified_time\" content=\"2025-06-12T06:40:16+00:00\" \/>\n<meta property=\"og:image\" content=\"https:\/\/lghealthisystems.eu\/wp-content\/uploads\/2022\/11\/Detoxil-dioxido-silicio-elimina-metales-pesados.jpg\" \/>\n\t<meta property=\"og:image:width\" content=\"2000\" \/>\n\t<meta property=\"og:image:height\" content=\"2000\" \/>\n\t<meta property=\"og:image:type\" content=\"image\/jpeg\" \/>\n<meta name=\"twitter:card\" content=\"summary_large_image\" \/>\n<script type=\"application\/ld+json\" class=\"yoast-schema-graph\">{\"@context\":\"https:\\\/\\\/schema.org\",\"@graph\":[{\"@type\":\"WebPage\",\"@id\":\"https:\\\/\\\/lghealthisystems.eu\\\/?post_type=product&p=11565\",\"url\":\"https:\\\/\\\/lghealthisystems.eu\\\/?post_type=product&p=11565\",\"name\":\"DetoxSil - Dioxyde de silicium - 30 ml - NaturalPharma\",\"isPartOf\":{\"@id\":\"https:\\\/\\\/lghealthisystems.eu\\\/#website\"},\"primaryImageOfPage\":{\"@id\":\"https:\\\/\\\/lghealthisystems.eu\\\/?post_type=product&p=11565#primaryimage\"},\"image\":{\"@id\":\"https:\\\/\\\/lghealthisystems.eu\\\/?post_type=product&p=11565#primaryimage\"},\"thumbnailUrl\":\"https:\\\/\\\/lghealthisystems.eu\\\/wp-content\\\/uploads\\\/2022\\\/11\\\/Detoxil-dioxido-silicio-elimina-metales-pesados.jpg\",\"datePublished\":\"2022-11-21T13:19:07+00:00\",\"dateModified\":\"2025-06-12T06:40:16+00:00\",\"description\":\"DetoxSil est un compl\u00e9ment alimentaire dont la fonction est de pr\u00e9venir l'accumulation de toxines dans l'organisme, comme l'aluminium et d'autres m\u00e9taux lourds.\",\"breadcrumb\":{\"@id\":\"https:\\\/\\\/lghealthisystems.eu\\\/?post_type=product&p=11565#breadcrumb\"},\"inLanguage\":\"fr-FR\",\"potentialAction\":[{\"@type\":\"ReadAction\",\"target\":[\"https:\\\/\\\/lghealthisystems.eu\\\/?post_type=product&p=11565\"]}]},{\"@type\":\"ImageObject\",\"inLanguage\":\"fr-FR\",\"@id\":\"https:\\\/\\\/lghealthisystems.eu\\\/?post_type=product&p=11565#primaryimage\",\"url\":\"https:\\\/\\\/lghealthisystems.eu\\\/wp-content\\\/uploads\\\/2022\\\/11\\\/Detoxil-dioxido-silicio-elimina-metales-pesados.jpg\",\"contentUrl\":\"https:\\\/\\\/lghealthisystems.eu\\\/wp-content\\\/uploads\\\/2022\\\/11\\\/Detoxil-dioxido-silicio-elimina-metales-pesados.jpg\",\"width\":2000,\"height\":2000,\"caption\":\"DetoxSil, \u00e9limine les m\u00e9taux lourds\"},{\"@type\":\"BreadcrumbList\",\"@id\":\"https:\\\/\\\/lghealthisystems.eu\\\/?post_type=product&p=11565#breadcrumb\",\"itemListElement\":[{\"@type\":\"ListItem\",\"position\":1,\"name\":\"Portada\",\"item\":\"https:\\\/\\\/lghealthisystems.eu\\\/\"},{\"@type\":\"ListItem\",\"position\":2,\"name\":\"Boutique en ligne\",\"item\":\"https:\\\/\\\/lghealthisystems.eu\\\/fr\\\/boutique-en-ligne\\\/\"},{\"@type\":\"ListItem\",\"position\":3,\"name\":\"DetoxSil &#8211; Dioxyde de silicium &#8211; 30 ml\"}]},{\"@type\":\"WebSite\",\"@id\":\"https:\\\/\\\/lghealthisystems.eu\\\/#website\",\"url\":\"https:\\\/\\\/lghealthisystems.eu\\\/\",\"name\":\"LG Health iSystems\",\"description\":\"Purifica tu agua de grifo en 3 segundos con nuestra m\u00e1quina de \u00f3smosis inversa dom\u00e9stica. \u00a1Capaz de eliminar todos los elementos t\u00f3xicos presentes en el agua!\",\"publisher\":{\"@id\":\"https:\\\/\\\/lghealthisystems.eu\\\/#organization\"},\"potentialAction\":[{\"@type\":\"SearchAction\",\"target\":{\"@type\":\"EntryPoint\",\"urlTemplate\":\"https:\\\/\\\/lghealthisystems.eu\\\/?s={search_term_string}\"},\"query-input\":{\"@type\":\"PropertyValueSpecification\",\"valueRequired\":true,\"valueName\":\"search_term_string\"}}],\"inLanguage\":\"fr-FR\"},{\"@type\":\"Organization\",\"@id\":\"https:\\\/\\\/lghealthisystems.eu\\\/#organization\",\"name\":\"Lg Health iSystems\",\"url\":\"https:\\\/\\\/lghealthisystems.eu\\\/\",\"logo\":{\"@type\":\"ImageObject\",\"inLanguage\":\"fr-FR\",\"@id\":\"https:\\\/\\\/lghealthisystems.eu\\\/#\\\/schema\\\/logo\\\/image\\\/\",\"url\":\"https:\\\/\\\/lghealthisystems.eu\\\/wp-content\\\/uploads\\\/2022\\\/05\\\/Logo-Health-i_systems-dorado.png\",\"contentUrl\":\"https:\\\/\\\/lghealthisystems.eu\\\/wp-content\\\/uploads\\\/2022\\\/05\\\/Logo-Health-i_systems-dorado.png\",\"width\":1123,\"height\":339,\"caption\":\"Lg Health iSystems\"},\"image\":{\"@id\":\"https:\\\/\\\/lghealthisystems.eu\\\/#\\\/schema\\\/logo\\\/image\\\/\"}}]}<\/script>\n<!-- \/ Yoast SEO plugin. -->","yoast_head_json":{"title":"DetoxSil - Dioxyde de silicium - 30 ml - NaturalPharma","description":"DetoxSil est un compl\u00e9ment alimentaire dont la fonction est de pr\u00e9venir l'accumulation de toxines dans l'organisme, comme l'aluminium et d'autres m\u00e9taux lourds.","robots":{"index":"index","follow":"follow","max-snippet":"max-snippet:-1","max-image-preview":"max-image-preview:large","max-video-preview":"max-video-preview:-1"},"canonical":"https:\/\/lghealthisystems.eu\/?post_type=product&p=11565","og_locale":"fr_FR","og_type":"article","og_title":"DetoxSil - Dioxyde de silicium - 30 ml - NaturalPharma","og_description":"DetoxSil est un compl\u00e9ment alimentaire dont la fonction est de pr\u00e9venir l'accumulation de toxines dans l'organisme, comme l'aluminium et d'autres m\u00e9taux lourds.","og_url":"https:\/\/lghealthisystems.eu\/?post_type=product&p=11565","og_site_name":"LG Health iSystems","article_modified_time":"2025-06-12T06:40:16+00:00","og_image":[{"width":2000,"height":2000,"url":"https:\/\/lghealthisystems.eu\/wp-content\/uploads\/2022\/11\/Detoxil-dioxido-silicio-elimina-metales-pesados.jpg","type":"image\/jpeg"}],"twitter_card":"summary_large_image","schema":{"@context":"https:\/\/schema.org","@graph":[{"@type":"WebPage","@id":"https:\/\/lghealthisystems.eu\/?post_type=product&p=11565","url":"https:\/\/lghealthisystems.eu\/?post_type=product&p=11565","name":"DetoxSil - Dioxyde de silicium - 30 ml - NaturalPharma","isPartOf":{"@id":"https:\/\/lghealthisystems.eu\/#website"},"primaryImageOfPage":{"@id":"https:\/\/lghealthisystems.eu\/?post_type=product&p=11565#primaryimage"},"image":{"@id":"https:\/\/lghealthisystems.eu\/?post_type=product&p=11565#primaryimage"},"thumbnailUrl":"https:\/\/lghealthisystems.eu\/wp-content\/uploads\/2022\/11\/Detoxil-dioxido-silicio-elimina-metales-pesados.jpg","datePublished":"2022-11-21T13:19:07+00:00","dateModified":"2025-06-12T06:40:16+00:00","description":"DetoxSil est un compl\u00e9ment alimentaire dont la fonction est de pr\u00e9venir l'accumulation de toxines dans l'organisme, comme l'aluminium et d'autres m\u00e9taux lourds.","breadcrumb":{"@id":"https:\/\/lghealthisystems.eu\/?post_type=product&p=11565#breadcrumb"},"inLanguage":"fr-FR","potentialAction":[{"@type":"ReadAction","target":["https:\/\/lghealthisystems.eu\/?post_type=product&p=11565"]}]},{"@type":"ImageObject","inLanguage":"fr-FR","@id":"https:\/\/lghealthisystems.eu\/?post_type=product&p=11565#primaryimage","url":"https:\/\/lghealthisystems.eu\/wp-content\/uploads\/2022\/11\/Detoxil-dioxido-silicio-elimina-metales-pesados.jpg","contentUrl":"https:\/\/lghealthisystems.eu\/wp-content\/uploads\/2022\/11\/Detoxil-dioxido-silicio-elimina-metales-pesados.jpg","width":2000,"height":2000,"caption":"DetoxSil, \u00e9limine les m\u00e9taux lourds"},{"@type":"BreadcrumbList","@id":"https:\/\/lghealthisystems.eu\/?post_type=product&p=11565#breadcrumb","itemListElement":[{"@type":"ListItem","position":1,"name":"Portada","item":"https:\/\/lghealthisystems.eu\/"},{"@type":"ListItem","position":2,"name":"Boutique en ligne","item":"https:\/\/lghealthisystems.eu\/fr\/boutique-en-ligne\/"},{"@type":"ListItem","position":3,"name":"DetoxSil &#8211; Dioxyde de silicium &#8211; 30 ml"}]},{"@type":"WebSite","@id":"https:\/\/lghealthisystems.eu\/#website","url":"https:\/\/lghealthisystems.eu\/","name":"LG Health iSystems","description":"Purifica tu agua de grifo en 3 segundos con nuestra m\u00e1quina de \u00f3smosis inversa dom\u00e9stica. \u00a1Capaz de eliminar todos los elementos t\u00f3xicos presentes en el agua!","publisher":{"@id":"https:\/\/lghealthisystems.eu\/#organization"},"potentialAction":[{"@type":"SearchAction","target":{"@type":"EntryPoint","urlTemplate":"https:\/\/lghealthisystems.eu\/?s={search_term_string}"},"query-input":{"@type":"PropertyValueSpecification","valueRequired":true,"valueName":"search_term_string"}}],"inLanguage":"fr-FR"},{"@type":"Organization","@id":"https:\/\/lghealthisystems.eu\/#organization","name":"Lg Health iSystems","url":"https:\/\/lghealthisystems.eu\/","logo":{"@type":"ImageObject","inLanguage":"fr-FR","@id":"https:\/\/lghealthisystems.eu\/#\/schema\/logo\/image\/","url":"https:\/\/lghealthisystems.eu\/wp-content\/uploads\/2022\/05\/Logo-Health-i_systems-dorado.png","contentUrl":"https:\/\/lghealthisystems.eu\/wp-content\/uploads\/2022\/05\/Logo-Health-i_systems-dorado.png","width":1123,"height":339,"caption":"Lg Health iSystems"},"image":{"@id":"https:\/\/lghealthisystems.eu\/#\/schema\/logo\/image\/"}}]}},"_links":{"self":[{"href":"https:\/\/lghealthisystems.eu\/fr\/wp-json\/wp\/v2\/product\/11647","targetHints":{"allow":["GET"]}}],"collection":[{"href":"https:\/\/lghealthisystems.eu\/fr\/wp-json\/wp\/v2\/product"}],"about":[{"href":"https:\/\/lghealthisystems.eu\/fr\/wp-json\/wp\/v2\/types\/product"}],"replies":[{"embeddable":true,"href":"https:\/\/lghealthisystems.eu\/fr\/wp-json\/wp\/v2\/comments?post=11647"}],"version-history":[{"count":0,"href":"https:\/\/lghealthisystems.eu\/fr\/wp-json\/wp\/v2\/product\/11647\/revisions"}],"wp:featuredmedia":[{"embeddable":true,"href":"https:\/\/lghealthisystems.eu\/fr\/wp-json\/wp\/v2\/media\/11590"}],"wp:attachment":[{"href":"https:\/\/lghealthisystems.eu\/fr\/wp-json\/wp\/v2\/media?parent=11647"}],"wp:term":[{"taxonomy":"product_brand","embeddable":true,"href":"https:\/\/lghealthisystems.eu\/fr\/wp-json\/wp\/v2\/product_brand?post=11647"},{"taxonomy":"product_cat","embeddable":true,"href":"https:\/\/lghealthisystems.eu\/fr\/wp-json\/wp\/v2\/product_cat?post=11647"},{"taxonomy":"product_tag","embeddable":true,"href":"https:\/\/lghealthisystems.eu\/fr\/wp-json\/wp\/v2\/product_tag?post=11647"}],"curies":[{"name":"wp","href":"https:\/\/api.w.org\/{rel}","templated":true}]}}