{"id":12223,"date":"2023-09-27T06:43:39","date_gmt":"2023-09-27T05:43:39","guid":{"rendered":"https:\/\/lghealthisystems.eu\/?post_type=product&#038;p=12223"},"modified":"2023-10-13T09:19:03","modified_gmt":"2023-10-13T08:19:03","slug":"pack-2-filtres-pac-cf-pour-osmose-inverse-domestique","status":"publish","type":"product","link":"https:\/\/lghealthisystems.eu\/fr\/producto\/pack-2-filtres-pac-cf-pour-osmose-inverse-domestique\/","title":{"rendered":"Pack de 2 filtres (PAC | CF) pour l&rsquo;osmose inverse domestique. D\u00e9min\u00e9ralisation accrue. \u00c9limine les substances toxiques pr\u00e9sentes dans l&rsquo;eau telles que le fluorure, les m\u00e9taux lourds, le glyphosate et les m\u00e9dicaments."},"content":{"rendered":"","protected":false},"excerpt":{"rendered":"<p>Notre pack de 2 filtres (PAC, CF) pour notre machine d&rsquo;osmose inverse domestique permet d&rsquo;\u00e9liminer les impuret\u00e9s telles que les s\u00e9diments, les solides en suspension, la rouille, le chlore r\u00e9siduel et une multitude d&rsquo;agents pathog\u00e8nes. En outre, il \u00e9limine la mauvaise couleur de l&rsquo;eau, tout en absorbant les go\u00fbts et les odeurs d\u00e9sagr\u00e9ables de l&rsquo;eau.<\/p>\n<p><strong>Filtres disponibles<\/strong> : CF | PAC<\/p>\n<p><strong>Durabilit\u00e9<\/strong> : 6-12 mois (selon l&rsquo;utilisation et la duret\u00e9 de l&rsquo;eau)<\/p>\n","protected":false},"featured_media":12320,"comment_status":"open","ping_status":"closed","template":"","meta":[],"product_brand":[],"product_cat":[138],"product_tag":[],"class_list":{"0":"post-12223","1":"product","2":"type-product","3":"status-publish","4":"has-post-thumbnail","6":"product_cat-accessoires","8":"first","9":"outofstock","10":"taxable","11":"shipping-taxable","12":"purchasable","13":"product-type-simple"},"yoast_head":"<!-- This site is optimized with the Yoast SEO plugin v27.5 - https:\/\/yoast.com\/product\/yoast-seo-wordpress\/ -->\n<title>Pack de 2 filtres (PAC | CF) pour l&#039;osmose inverse domestique. D\u00e9min\u00e9ralisation accrue. \u00c9limine les substances toxiques pr\u00e9sentes dans l&#039;eau telles que le fluorure, les m\u00e9taux lourds, le glyphosate et les m\u00e9dicaments. - LG Health iSystems<\/title>\n<meta name=\"robots\" content=\"index, follow, max-snippet:-1, max-image-preview:large, max-video-preview:-1\" \/>\n<link rel=\"canonical\" href=\"https:\/\/lghealthisystems.eu\/?post_type=product&p=12221\" \/>\n<meta property=\"og:locale\" content=\"fr_FR\" \/>\n<meta property=\"og:type\" content=\"article\" \/>\n<meta property=\"og:title\" content=\"Pack de 2 filtres (PAC | CF) pour l&#039;osmose inverse domestique. D\u00e9min\u00e9ralisation accrue. \u00c9limine les substances toxiques pr\u00e9sentes dans l&#039;eau telles que le fluorure, les m\u00e9taux lourds, le glyphosate et les m\u00e9dicaments. - LG Health iSystems\" \/>\n<meta property=\"og:description\" content=\"Notre pack de 2 filtres (PAC, CF) pour notre machine d&#039;osmose inverse domestique permet d&#039;\u00e9liminer les impuret\u00e9s telles que les s\u00e9diments, les solides en suspension, la rouille, le chlore r\u00e9siduel et une multitude d&#039;agents pathog\u00e8nes. En outre, il \u00e9limine la mauvaise couleur de l&#039;eau, tout en absorbant les go\u00fbts et les odeurs d\u00e9sagr\u00e9ables de l&#039;eau.  Filtres disponibles : CF | PAC  Durabilit\u00e9 : 6-12 mois (selon l&#039;utilisation et la duret\u00e9 de l&#039;eau)\" \/>\n<meta property=\"og:url\" content=\"https:\/\/lghealthisystems.eu\/?post_type=product&amp;p=12221\" \/>\n<meta property=\"og:site_name\" content=\"LG Health iSystems\" \/>\n<meta property=\"article:modified_time\" content=\"2023-10-13T08:19:03+00:00\" \/>\n<meta property=\"og:image\" content=\"https:\/\/lghealthisystems.eu\/wp-content\/uploads\/2023\/09\/pack-2-filtros-12-meses-osmosis-agua-pura-lghealthisystems-2.jpg\" \/>\n\t<meta property=\"og:image:width\" content=\"1000\" \/>\n\t<meta property=\"og:image:height\" content=\"1000\" \/>\n\t<meta property=\"og:image:type\" content=\"image\/jpeg\" \/>\n<meta name=\"twitter:card\" content=\"summary_large_image\" \/>\n<script type=\"application\/ld+json\" class=\"yoast-schema-graph\">{\"@context\":\"https:\\\/\\\/schema.org\",\"@graph\":[{\"@type\":\"WebPage\",\"@id\":\"https:\\\/\\\/lghealthisystems.eu\\\/?post_type=product&p=12221\",\"url\":\"https:\\\/\\\/lghealthisystems.eu\\\/?post_type=product&p=12221\",\"name\":\"Pack de 2 filtres (PAC | CF) pour l'osmose inverse domestique. D\u00e9min\u00e9ralisation accrue. \u00c9limine les substances toxiques pr\u00e9sentes dans l'eau telles que le fluorure, les m\u00e9taux lourds, le glyphosate et les m\u00e9dicaments. - LG Health iSystems\",\"isPartOf\":{\"@id\":\"https:\\\/\\\/lghealthisystems.eu\\\/#website\"},\"primaryImageOfPage\":{\"@id\":\"https:\\\/\\\/lghealthisystems.eu\\\/?post_type=product&p=12221#primaryimage\"},\"image\":{\"@id\":\"https:\\\/\\\/lghealthisystems.eu\\\/?post_type=product&p=12221#primaryimage\"},\"thumbnailUrl\":\"https:\\\/\\\/lghealthisystems.eu\\\/wp-content\\\/uploads\\\/2023\\\/09\\\/pack-2-filtros-12-meses-osmosis-agua-pura-lghealthisystems-2.jpg\",\"datePublished\":\"2023-09-27T05:43:39+00:00\",\"dateModified\":\"2023-10-13T08:19:03+00:00\",\"breadcrumb\":{\"@id\":\"https:\\\/\\\/lghealthisystems.eu\\\/?post_type=product&p=12221#breadcrumb\"},\"inLanguage\":\"fr-FR\",\"potentialAction\":[{\"@type\":\"ReadAction\",\"target\":[\"https:\\\/\\\/lghealthisystems.eu\\\/?post_type=product&p=12221\"]}]},{\"@type\":\"ImageObject\",\"inLanguage\":\"fr-FR\",\"@id\":\"https:\\\/\\\/lghealthisystems.eu\\\/?post_type=product&p=12221#primaryimage\",\"url\":\"https:\\\/\\\/lghealthisystems.eu\\\/wp-content\\\/uploads\\\/2023\\\/09\\\/pack-2-filtros-12-meses-osmosis-agua-pura-lghealthisystems-2.jpg\",\"contentUrl\":\"https:\\\/\\\/lghealthisystems.eu\\\/wp-content\\\/uploads\\\/2023\\\/09\\\/pack-2-filtros-12-meses-osmosis-agua-pura-lghealthisystems-2.jpg\",\"width\":1000,\"height\":1000},{\"@type\":\"BreadcrumbList\",\"@id\":\"https:\\\/\\\/lghealthisystems.eu\\\/?post_type=product&p=12221#breadcrumb\",\"itemListElement\":[{\"@type\":\"ListItem\",\"position\":1,\"name\":\"Portada\",\"item\":\"https:\\\/\\\/lghealthisystems.eu\\\/\"},{\"@type\":\"ListItem\",\"position\":2,\"name\":\"Boutique en ligne\",\"item\":\"https:\\\/\\\/lghealthisystems.eu\\\/fr\\\/boutique-en-ligne\\\/\"},{\"@type\":\"ListItem\",\"position\":3,\"name\":\"Pack de 2 filtres (PAC | CF) pour l&#8217;osmose inverse domestique. D\u00e9min\u00e9ralisation accrue. \u00c9limine les substances toxiques pr\u00e9sentes dans l&#8217;eau telles que le fluorure, les m\u00e9taux lourds, le glyphosate et les m\u00e9dicaments.\"}]},{\"@type\":\"WebSite\",\"@id\":\"https:\\\/\\\/lghealthisystems.eu\\\/#website\",\"url\":\"https:\\\/\\\/lghealthisystems.eu\\\/\",\"name\":\"LG Health iSystems\",\"description\":\"Purifica tu agua de grifo en 3 segundos con nuestra m\u00e1quina de \u00f3smosis inversa dom\u00e9stica. \u00a1Capaz de eliminar todos los elementos t\u00f3xicos presentes en el agua!\",\"publisher\":{\"@id\":\"https:\\\/\\\/lghealthisystems.eu\\\/#organization\"},\"potentialAction\":[{\"@type\":\"SearchAction\",\"target\":{\"@type\":\"EntryPoint\",\"urlTemplate\":\"https:\\\/\\\/lghealthisystems.eu\\\/?s={search_term_string}\"},\"query-input\":{\"@type\":\"PropertyValueSpecification\",\"valueRequired\":true,\"valueName\":\"search_term_string\"}}],\"inLanguage\":\"fr-FR\"},{\"@type\":\"Organization\",\"@id\":\"https:\\\/\\\/lghealthisystems.eu\\\/#organization\",\"name\":\"Lg Health iSystems\",\"url\":\"https:\\\/\\\/lghealthisystems.eu\\\/\",\"logo\":{\"@type\":\"ImageObject\",\"inLanguage\":\"fr-FR\",\"@id\":\"https:\\\/\\\/lghealthisystems.eu\\\/#\\\/schema\\\/logo\\\/image\\\/\",\"url\":\"https:\\\/\\\/lghealthisystems.eu\\\/wp-content\\\/uploads\\\/2022\\\/05\\\/Logo-Health-i_systems-dorado.png\",\"contentUrl\":\"https:\\\/\\\/lghealthisystems.eu\\\/wp-content\\\/uploads\\\/2022\\\/05\\\/Logo-Health-i_systems-dorado.png\",\"width\":1123,\"height\":339,\"caption\":\"Lg Health iSystems\"},\"image\":{\"@id\":\"https:\\\/\\\/lghealthisystems.eu\\\/#\\\/schema\\\/logo\\\/image\\\/\"}}]}<\/script>\n<!-- \/ Yoast SEO plugin. -->","yoast_head_json":{"title":"Pack de 2 filtres (PAC | CF) pour l'osmose inverse domestique. D\u00e9min\u00e9ralisation accrue. \u00c9limine les substances toxiques pr\u00e9sentes dans l'eau telles que le fluorure, les m\u00e9taux lourds, le glyphosate et les m\u00e9dicaments. - LG Health iSystems","robots":{"index":"index","follow":"follow","max-snippet":"max-snippet:-1","max-image-preview":"max-image-preview:large","max-video-preview":"max-video-preview:-1"},"canonical":"https:\/\/lghealthisystems.eu\/?post_type=product&p=12221","og_locale":"fr_FR","og_type":"article","og_title":"Pack de 2 filtres (PAC | CF) pour l'osmose inverse domestique. D\u00e9min\u00e9ralisation accrue. \u00c9limine les substances toxiques pr\u00e9sentes dans l'eau telles que le fluorure, les m\u00e9taux lourds, le glyphosate et les m\u00e9dicaments. - LG Health iSystems","og_description":"Notre pack de 2 filtres (PAC, CF) pour notre machine d'osmose inverse domestique permet d'\u00e9liminer les impuret\u00e9s telles que les s\u00e9diments, les solides en suspension, la rouille, le chlore r\u00e9siduel et une multitude d'agents pathog\u00e8nes. En outre, il \u00e9limine la mauvaise couleur de l'eau, tout en absorbant les go\u00fbts et les odeurs d\u00e9sagr\u00e9ables de l'eau.  Filtres disponibles : CF | PAC  Durabilit\u00e9 : 6-12 mois (selon l'utilisation et la duret\u00e9 de l'eau)","og_url":"https:\/\/lghealthisystems.eu\/?post_type=product&p=12221","og_site_name":"LG Health iSystems","article_modified_time":"2023-10-13T08:19:03+00:00","og_image":[{"width":1000,"height":1000,"url":"https:\/\/lghealthisystems.eu\/wp-content\/uploads\/2023\/09\/pack-2-filtros-12-meses-osmosis-agua-pura-lghealthisystems-2.jpg","type":"image\/jpeg"}],"twitter_card":"summary_large_image","schema":{"@context":"https:\/\/schema.org","@graph":[{"@type":"WebPage","@id":"https:\/\/lghealthisystems.eu\/?post_type=product&p=12221","url":"https:\/\/lghealthisystems.eu\/?post_type=product&p=12221","name":"Pack de 2 filtres (PAC | CF) pour l'osmose inverse domestique. D\u00e9min\u00e9ralisation accrue. \u00c9limine les substances toxiques pr\u00e9sentes dans l'eau telles que le fluorure, les m\u00e9taux lourds, le glyphosate et les m\u00e9dicaments. - LG Health iSystems","isPartOf":{"@id":"https:\/\/lghealthisystems.eu\/#website"},"primaryImageOfPage":{"@id":"https:\/\/lghealthisystems.eu\/?post_type=product&p=12221#primaryimage"},"image":{"@id":"https:\/\/lghealthisystems.eu\/?post_type=product&p=12221#primaryimage"},"thumbnailUrl":"https:\/\/lghealthisystems.eu\/wp-content\/uploads\/2023\/09\/pack-2-filtros-12-meses-osmosis-agua-pura-lghealthisystems-2.jpg","datePublished":"2023-09-27T05:43:39+00:00","dateModified":"2023-10-13T08:19:03+00:00","breadcrumb":{"@id":"https:\/\/lghealthisystems.eu\/?post_type=product&p=12221#breadcrumb"},"inLanguage":"fr-FR","potentialAction":[{"@type":"ReadAction","target":["https:\/\/lghealthisystems.eu\/?post_type=product&p=12221"]}]},{"@type":"ImageObject","inLanguage":"fr-FR","@id":"https:\/\/lghealthisystems.eu\/?post_type=product&p=12221#primaryimage","url":"https:\/\/lghealthisystems.eu\/wp-content\/uploads\/2023\/09\/pack-2-filtros-12-meses-osmosis-agua-pura-lghealthisystems-2.jpg","contentUrl":"https:\/\/lghealthisystems.eu\/wp-content\/uploads\/2023\/09\/pack-2-filtros-12-meses-osmosis-agua-pura-lghealthisystems-2.jpg","width":1000,"height":1000},{"@type":"BreadcrumbList","@id":"https:\/\/lghealthisystems.eu\/?post_type=product&p=12221#breadcrumb","itemListElement":[{"@type":"ListItem","position":1,"name":"Portada","item":"https:\/\/lghealthisystems.eu\/"},{"@type":"ListItem","position":2,"name":"Boutique en ligne","item":"https:\/\/lghealthisystems.eu\/fr\/boutique-en-ligne\/"},{"@type":"ListItem","position":3,"name":"Pack de 2 filtres (PAC | CF) pour l&#8217;osmose inverse domestique. D\u00e9min\u00e9ralisation accrue. \u00c9limine les substances toxiques pr\u00e9sentes dans l&#8217;eau telles que le fluorure, les m\u00e9taux lourds, le glyphosate et les m\u00e9dicaments."}]},{"@type":"WebSite","@id":"https:\/\/lghealthisystems.eu\/#website","url":"https:\/\/lghealthisystems.eu\/","name":"LG Health iSystems","description":"Purifica tu agua de grifo en 3 segundos con nuestra m\u00e1quina de \u00f3smosis inversa dom\u00e9stica. \u00a1Capaz de eliminar todos los elementos t\u00f3xicos presentes en el agua!","publisher":{"@id":"https:\/\/lghealthisystems.eu\/#organization"},"potentialAction":[{"@type":"SearchAction","target":{"@type":"EntryPoint","urlTemplate":"https:\/\/lghealthisystems.eu\/?s={search_term_string}"},"query-input":{"@type":"PropertyValueSpecification","valueRequired":true,"valueName":"search_term_string"}}],"inLanguage":"fr-FR"},{"@type":"Organization","@id":"https:\/\/lghealthisystems.eu\/#organization","name":"Lg Health iSystems","url":"https:\/\/lghealthisystems.eu\/","logo":{"@type":"ImageObject","inLanguage":"fr-FR","@id":"https:\/\/lghealthisystems.eu\/#\/schema\/logo\/image\/","url":"https:\/\/lghealthisystems.eu\/wp-content\/uploads\/2022\/05\/Logo-Health-i_systems-dorado.png","contentUrl":"https:\/\/lghealthisystems.eu\/wp-content\/uploads\/2022\/05\/Logo-Health-i_systems-dorado.png","width":1123,"height":339,"caption":"Lg Health iSystems"},"image":{"@id":"https:\/\/lghealthisystems.eu\/#\/schema\/logo\/image\/"}}]}},"_links":{"self":[{"href":"https:\/\/lghealthisystems.eu\/fr\/wp-json\/wp\/v2\/product\/12223","targetHints":{"allow":["GET"]}}],"collection":[{"href":"https:\/\/lghealthisystems.eu\/fr\/wp-json\/wp\/v2\/product"}],"about":[{"href":"https:\/\/lghealthisystems.eu\/fr\/wp-json\/wp\/v2\/types\/product"}],"replies":[{"embeddable":true,"href":"https:\/\/lghealthisystems.eu\/fr\/wp-json\/wp\/v2\/comments?post=12223"}],"version-history":[{"count":2,"href":"https:\/\/lghealthisystems.eu\/fr\/wp-json\/wp\/v2\/product\/12223\/revisions"}],"predecessor-version":[{"id":12489,"href":"https:\/\/lghealthisystems.eu\/fr\/wp-json\/wp\/v2\/product\/12223\/revisions\/12489"}],"wp:featuredmedia":[{"embeddable":true,"href":"https:\/\/lghealthisystems.eu\/fr\/wp-json\/wp\/v2\/media\/12320"}],"wp:attachment":[{"href":"https:\/\/lghealthisystems.eu\/fr\/wp-json\/wp\/v2\/media?parent=12223"}],"wp:term":[{"taxonomy":"product_brand","embeddable":true,"href":"https:\/\/lghealthisystems.eu\/fr\/wp-json\/wp\/v2\/product_brand?post=12223"},{"taxonomy":"product_cat","embeddable":true,"href":"https:\/\/lghealthisystems.eu\/fr\/wp-json\/wp\/v2\/product_cat?post=12223"},{"taxonomy":"product_tag","embeddable":true,"href":"https:\/\/lghealthisystems.eu\/fr\/wp-json\/wp\/v2\/product_tag?post=12223"}],"curies":[{"name":"wp","href":"https:\/\/api.w.org\/{rel}","templated":true}]}}