{"id":14663,"date":"2026-03-19T13:44:50","date_gmt":"2026-03-19T12:44:50","guid":{"rendered":"https:\/\/lghealthisystems.eu\/?post_type=product&#038;p=14663"},"modified":"2026-03-25T16:50:51","modified_gmt":"2026-03-25T15:50:51","slug":"filtro-ro-larga-duracion-elimina-metales-pesados-agua-osmosis-inversa-2","status":"publish","type":"product","link":"https:\/\/lghealthisystems.eu\/fr\/producto\/filtro-ro-larga-duracion-elimina-metales-pesados-agua-osmosis-inversa-2\/","title":{"rendered":"Filtro PAC de Larga Duraci\u00f3n para \u00d3smosis Inversa Dom\u00e9stica. Mayor Remineralizaci\u00f3n. Elimina T\u00f3xicos Presentes en el Agua como Fl\u00faor, Metales Pesados, Glifosato y Medicamentos."},"content":{"rendered":"<p>&nbsp;<\/p>\n","protected":false},"excerpt":{"rendered":"<p>Filtro PAC de larga duraci\u00f3n para nuestra m\u00e1quina de \u00f3smosis inversa dom\u00e9stica ayuda es capaz de eliminar impurezas como sedimentos, s\u00f3lidos en suspensi\u00f3n, \u00f3xido, cloro residual y multitud de agentes pat\u00f3genos. Adem\u00e1s, elimina el mal color del agua, a la vez que absorbe los sabores y olores desagradables de este.<\/p>\n<p><strong>Filtros disponibles<\/strong>: PAC<\/p>\n<p><strong>Durabilidad:<\/strong>\u00a0 De 12 a 24 meses (dependiendo del uso y dureza del agua)<\/p>\n","protected":false},"featured_media":14664,"comment_status":"open","ping_status":"closed","template":"","meta":[],"product_brand":[],"product_cat":[22],"product_tag":[],"class_list":{"0":"post-14663","1":"product","2":"type-product","3":"status-publish","4":"has-post-thumbnail","6":"product_cat-accesorios","8":"first","9":"outofstock","10":"sale","11":"taxable","12":"shipping-taxable","13":"purchasable","14":"product-type-simple"},"yoast_head":"<!-- This site is optimized with the Yoast SEO plugin v27.3 - https:\/\/yoast.com\/product\/yoast-seo-wordpress\/ -->\n<title>Filtro PAC de Larga Duraci\u00f3n para \u00d3smosis Inversa Dom\u00e9stica. Mayor Remineralizaci\u00f3n. Elimina T\u00f3xicos Presentes en el Agua como Fl\u00faor, Metales Pesados, Glifosato y Medicamentos. - LG Health iSystems<\/title>\n<meta name=\"description\" content=\"Comprar filtro PAC de \u00f3smosis inversa dom\u00e9stica cuya funci\u00f3n es proporcionar agua pura libre de t\u00f3xicos y metales pesados.\" \/>\n<meta name=\"robots\" content=\"index, follow, max-snippet:-1, max-image-preview:large, max-video-preview:-1\" \/>\n<link rel=\"canonical\" href=\"https:\/\/lghealthisystems.eu\/producto\/filtro-ro-larga-duracion-elimina-metales-pesados-agua-osmosis-inversa-2\/\" \/>\n<meta property=\"og:locale\" content=\"fr_FR\" \/>\n<meta property=\"og:type\" content=\"article\" \/>\n<meta property=\"og:title\" content=\"Filtro PAC de Larga Duraci\u00f3n para \u00d3smosis Inversa Dom\u00e9stica. Mayor Remineralizaci\u00f3n. Elimina T\u00f3xicos Presentes en el Agua como Fl\u00faor, Metales Pesados, Glifosato y Medicamentos. - LG Health iSystems\" \/>\n<meta property=\"og:description\" content=\"Comprar filtro PAC de \u00f3smosis inversa dom\u00e9stica cuya funci\u00f3n es proporcionar agua pura libre de t\u00f3xicos y metales pesados.\" \/>\n<meta property=\"og:url\" content=\"https:\/\/lghealthisystems.eu\/producto\/filtro-ro-larga-duracion-elimina-metales-pesados-agua-osmosis-inversa-2\/\" \/>\n<meta property=\"og:site_name\" content=\"LG Health iSystems\" \/>\n<meta property=\"article:modified_time\" content=\"2026-03-25T15:50:51+00:00\" \/>\n<meta property=\"og:image\" content=\"https:\/\/lghealthisystems.eu\/wp-content\/uploads\/2026\/03\/filtro-pac.jpg\" \/>\n\t<meta property=\"og:image:width\" content=\"819\" \/>\n\t<meta property=\"og:image:height\" content=\"903\" \/>\n\t<meta property=\"og:image:type\" content=\"image\/jpeg\" \/>\n<meta name=\"twitter:card\" content=\"summary_large_image\" \/>\n<meta name=\"twitter:label1\" content=\"Dur\u00e9e de lecture estim\u00e9e\" \/>\n\t<meta name=\"twitter:data1\" content=\"1 minute\" \/>\n<script type=\"application\/ld+json\" class=\"yoast-schema-graph\">{\"@context\":\"https:\\\/\\\/schema.org\",\"@graph\":[{\"@type\":\"WebPage\",\"@id\":\"https:\\\/\\\/lghealthisystems.eu\\\/producto\\\/filtro-ro-larga-duracion-elimina-metales-pesados-agua-osmosis-inversa-2\\\/\",\"url\":\"https:\\\/\\\/lghealthisystems.eu\\\/producto\\\/filtro-ro-larga-duracion-elimina-metales-pesados-agua-osmosis-inversa-2\\\/\",\"name\":\"Filtro PAC de Larga Duraci\u00f3n para \u00d3smosis Inversa Dom\u00e9stica. Mayor Remineralizaci\u00f3n. Elimina T\u00f3xicos Presentes en el Agua como Fl\u00faor, Metales Pesados, Glifosato y Medicamentos. - LG Health iSystems\",\"isPartOf\":{\"@id\":\"https:\\\/\\\/lghealthisystems.eu\\\/#website\"},\"primaryImageOfPage\":{\"@id\":\"https:\\\/\\\/lghealthisystems.eu\\\/producto\\\/filtro-ro-larga-duracion-elimina-metales-pesados-agua-osmosis-inversa-2\\\/#primaryimage\"},\"image\":{\"@id\":\"https:\\\/\\\/lghealthisystems.eu\\\/producto\\\/filtro-ro-larga-duracion-elimina-metales-pesados-agua-osmosis-inversa-2\\\/#primaryimage\"},\"thumbnailUrl\":\"https:\\\/\\\/lghealthisystems.eu\\\/wp-content\\\/uploads\\\/2026\\\/03\\\/filtro-pac.jpg\",\"datePublished\":\"2026-03-19T12:44:50+00:00\",\"dateModified\":\"2026-03-25T15:50:51+00:00\",\"description\":\"Comprar filtro PAC de \u00f3smosis inversa dom\u00e9stica cuya funci\u00f3n es proporcionar agua pura libre de t\u00f3xicos y metales pesados.\",\"breadcrumb\":{\"@id\":\"https:\\\/\\\/lghealthisystems.eu\\\/producto\\\/filtro-ro-larga-duracion-elimina-metales-pesados-agua-osmosis-inversa-2\\\/#breadcrumb\"},\"inLanguage\":\"fr-FR\",\"potentialAction\":[{\"@type\":\"ReadAction\",\"target\":[\"https:\\\/\\\/lghealthisystems.eu\\\/producto\\\/filtro-ro-larga-duracion-elimina-metales-pesados-agua-osmosis-inversa-2\\\/\"]}]},{\"@type\":\"ImageObject\",\"inLanguage\":\"fr-FR\",\"@id\":\"https:\\\/\\\/lghealthisystems.eu\\\/producto\\\/filtro-ro-larga-duracion-elimina-metales-pesados-agua-osmosis-inversa-2\\\/#primaryimage\",\"url\":\"https:\\\/\\\/lghealthisystems.eu\\\/wp-content\\\/uploads\\\/2026\\\/03\\\/filtro-pac.jpg\",\"contentUrl\":\"https:\\\/\\\/lghealthisystems.eu\\\/wp-content\\\/uploads\\\/2026\\\/03\\\/filtro-pac.jpg\",\"width\":819,\"height\":903,\"caption\":\"filtro para m\u00e1quina de osmosis\"},{\"@type\":\"BreadcrumbList\",\"@id\":\"https:\\\/\\\/lghealthisystems.eu\\\/producto\\\/filtro-ro-larga-duracion-elimina-metales-pesados-agua-osmosis-inversa-2\\\/#breadcrumb\",\"itemListElement\":[{\"@type\":\"ListItem\",\"position\":1,\"name\":\"Portada\",\"item\":\"https:\\\/\\\/lghealthisystems.eu\\\/\"},{\"@type\":\"ListItem\",\"position\":2,\"name\":\"Boutique en ligne\",\"item\":\"https:\\\/\\\/lghealthisystems.eu\\\/fr\\\/boutique-en-ligne\\\/\"},{\"@type\":\"ListItem\",\"position\":3,\"name\":\"Filtro PAC de Larga Duraci\u00f3n para \u00d3smosis Inversa Dom\u00e9stica. Mayor Remineralizaci\u00f3n. Elimina T\u00f3xicos Presentes en el Agua como Fl\u00faor, Metales Pesados, Glifosato y Medicamentos.\"}]},{\"@type\":\"WebSite\",\"@id\":\"https:\\\/\\\/lghealthisystems.eu\\\/#website\",\"url\":\"https:\\\/\\\/lghealthisystems.eu\\\/\",\"name\":\"LG Health iSystems\",\"description\":\"Purifica tu agua de grifo en 3 segundos con nuestra m\u00e1quina de \u00f3smosis inversa dom\u00e9stica. \u00a1Capaz de eliminar todos los elementos t\u00f3xicos presentes en el agua!\",\"publisher\":{\"@id\":\"https:\\\/\\\/lghealthisystems.eu\\\/#organization\"},\"potentialAction\":[{\"@type\":\"SearchAction\",\"target\":{\"@type\":\"EntryPoint\",\"urlTemplate\":\"https:\\\/\\\/lghealthisystems.eu\\\/?s={search_term_string}\"},\"query-input\":{\"@type\":\"PropertyValueSpecification\",\"valueRequired\":true,\"valueName\":\"search_term_string\"}}],\"inLanguage\":\"fr-FR\"},{\"@type\":\"Organization\",\"@id\":\"https:\\\/\\\/lghealthisystems.eu\\\/#organization\",\"name\":\"Lg Health iSystems\",\"url\":\"https:\\\/\\\/lghealthisystems.eu\\\/\",\"logo\":{\"@type\":\"ImageObject\",\"inLanguage\":\"fr-FR\",\"@id\":\"https:\\\/\\\/lghealthisystems.eu\\\/#\\\/schema\\\/logo\\\/image\\\/\",\"url\":\"https:\\\/\\\/lghealthisystems.eu\\\/wp-content\\\/uploads\\\/2022\\\/05\\\/Logo-Health-i_systems-dorado.png\",\"contentUrl\":\"https:\\\/\\\/lghealthisystems.eu\\\/wp-content\\\/uploads\\\/2022\\\/05\\\/Logo-Health-i_systems-dorado.png\",\"width\":1123,\"height\":339,\"caption\":\"Lg Health iSystems\"},\"image\":{\"@id\":\"https:\\\/\\\/lghealthisystems.eu\\\/#\\\/schema\\\/logo\\\/image\\\/\"}}]}<\/script>\n<!-- \/ Yoast SEO plugin. -->","yoast_head_json":{"title":"Filtro PAC de Larga Duraci\u00f3n para \u00d3smosis Inversa Dom\u00e9stica. Mayor Remineralizaci\u00f3n. Elimina T\u00f3xicos Presentes en el Agua como Fl\u00faor, Metales Pesados, Glifosato y Medicamentos. - LG Health iSystems","description":"Comprar filtro PAC de \u00f3smosis inversa dom\u00e9stica cuya funci\u00f3n es proporcionar agua pura libre de t\u00f3xicos y metales pesados.","robots":{"index":"index","follow":"follow","max-snippet":"max-snippet:-1","max-image-preview":"max-image-preview:large","max-video-preview":"max-video-preview:-1"},"canonical":"https:\/\/lghealthisystems.eu\/producto\/filtro-ro-larga-duracion-elimina-metales-pesados-agua-osmosis-inversa-2\/","og_locale":"fr_FR","og_type":"article","og_title":"Filtro PAC de Larga Duraci\u00f3n para \u00d3smosis Inversa Dom\u00e9stica. Mayor Remineralizaci\u00f3n. Elimina T\u00f3xicos Presentes en el Agua como Fl\u00faor, Metales Pesados, Glifosato y Medicamentos. - LG Health iSystems","og_description":"Comprar filtro PAC de \u00f3smosis inversa dom\u00e9stica cuya funci\u00f3n es proporcionar agua pura libre de t\u00f3xicos y metales pesados.","og_url":"https:\/\/lghealthisystems.eu\/producto\/filtro-ro-larga-duracion-elimina-metales-pesados-agua-osmosis-inversa-2\/","og_site_name":"LG Health iSystems","article_modified_time":"2026-03-25T15:50:51+00:00","og_image":[{"width":819,"height":903,"url":"https:\/\/lghealthisystems.eu\/wp-content\/uploads\/2026\/03\/filtro-pac.jpg","type":"image\/jpeg"}],"twitter_card":"summary_large_image","twitter_misc":{"Dur\u00e9e de lecture estim\u00e9e":"1 minute"},"schema":{"@context":"https:\/\/schema.org","@graph":[{"@type":"WebPage","@id":"https:\/\/lghealthisystems.eu\/producto\/filtro-ro-larga-duracion-elimina-metales-pesados-agua-osmosis-inversa-2\/","url":"https:\/\/lghealthisystems.eu\/producto\/filtro-ro-larga-duracion-elimina-metales-pesados-agua-osmosis-inversa-2\/","name":"Filtro PAC de Larga Duraci\u00f3n para \u00d3smosis Inversa Dom\u00e9stica. Mayor Remineralizaci\u00f3n. Elimina T\u00f3xicos Presentes en el Agua como Fl\u00faor, Metales Pesados, Glifosato y Medicamentos. - LG Health iSystems","isPartOf":{"@id":"https:\/\/lghealthisystems.eu\/#website"},"primaryImageOfPage":{"@id":"https:\/\/lghealthisystems.eu\/producto\/filtro-ro-larga-duracion-elimina-metales-pesados-agua-osmosis-inversa-2\/#primaryimage"},"image":{"@id":"https:\/\/lghealthisystems.eu\/producto\/filtro-ro-larga-duracion-elimina-metales-pesados-agua-osmosis-inversa-2\/#primaryimage"},"thumbnailUrl":"https:\/\/lghealthisystems.eu\/wp-content\/uploads\/2026\/03\/filtro-pac.jpg","datePublished":"2026-03-19T12:44:50+00:00","dateModified":"2026-03-25T15:50:51+00:00","description":"Comprar filtro PAC de \u00f3smosis inversa dom\u00e9stica cuya funci\u00f3n es proporcionar agua pura libre de t\u00f3xicos y metales pesados.","breadcrumb":{"@id":"https:\/\/lghealthisystems.eu\/producto\/filtro-ro-larga-duracion-elimina-metales-pesados-agua-osmosis-inversa-2\/#breadcrumb"},"inLanguage":"fr-FR","potentialAction":[{"@type":"ReadAction","target":["https:\/\/lghealthisystems.eu\/producto\/filtro-ro-larga-duracion-elimina-metales-pesados-agua-osmosis-inversa-2\/"]}]},{"@type":"ImageObject","inLanguage":"fr-FR","@id":"https:\/\/lghealthisystems.eu\/producto\/filtro-ro-larga-duracion-elimina-metales-pesados-agua-osmosis-inversa-2\/#primaryimage","url":"https:\/\/lghealthisystems.eu\/wp-content\/uploads\/2026\/03\/filtro-pac.jpg","contentUrl":"https:\/\/lghealthisystems.eu\/wp-content\/uploads\/2026\/03\/filtro-pac.jpg","width":819,"height":903,"caption":"filtro para m\u00e1quina de osmosis"},{"@type":"BreadcrumbList","@id":"https:\/\/lghealthisystems.eu\/producto\/filtro-ro-larga-duracion-elimina-metales-pesados-agua-osmosis-inversa-2\/#breadcrumb","itemListElement":[{"@type":"ListItem","position":1,"name":"Portada","item":"https:\/\/lghealthisystems.eu\/"},{"@type":"ListItem","position":2,"name":"Boutique en ligne","item":"https:\/\/lghealthisystems.eu\/fr\/boutique-en-ligne\/"},{"@type":"ListItem","position":3,"name":"Filtro PAC de Larga Duraci\u00f3n para \u00d3smosis Inversa Dom\u00e9stica. Mayor Remineralizaci\u00f3n. Elimina T\u00f3xicos Presentes en el Agua como Fl\u00faor, Metales Pesados, Glifosato y Medicamentos."}]},{"@type":"WebSite","@id":"https:\/\/lghealthisystems.eu\/#website","url":"https:\/\/lghealthisystems.eu\/","name":"LG Health iSystems","description":"Purifica tu agua de grifo en 3 segundos con nuestra m\u00e1quina de \u00f3smosis inversa dom\u00e9stica. \u00a1Capaz de eliminar todos los elementos t\u00f3xicos presentes en el agua!","publisher":{"@id":"https:\/\/lghealthisystems.eu\/#organization"},"potentialAction":[{"@type":"SearchAction","target":{"@type":"EntryPoint","urlTemplate":"https:\/\/lghealthisystems.eu\/?s={search_term_string}"},"query-input":{"@type":"PropertyValueSpecification","valueRequired":true,"valueName":"search_term_string"}}],"inLanguage":"fr-FR"},{"@type":"Organization","@id":"https:\/\/lghealthisystems.eu\/#organization","name":"Lg Health iSystems","url":"https:\/\/lghealthisystems.eu\/","logo":{"@type":"ImageObject","inLanguage":"fr-FR","@id":"https:\/\/lghealthisystems.eu\/#\/schema\/logo\/image\/","url":"https:\/\/lghealthisystems.eu\/wp-content\/uploads\/2022\/05\/Logo-Health-i_systems-dorado.png","contentUrl":"https:\/\/lghealthisystems.eu\/wp-content\/uploads\/2022\/05\/Logo-Health-i_systems-dorado.png","width":1123,"height":339,"caption":"Lg Health iSystems"},"image":{"@id":"https:\/\/lghealthisystems.eu\/#\/schema\/logo\/image\/"}}]}},"_links":{"self":[{"href":"https:\/\/lghealthisystems.eu\/fr\/wp-json\/wp\/v2\/product\/14663","targetHints":{"allow":["GET"]}}],"collection":[{"href":"https:\/\/lghealthisystems.eu\/fr\/wp-json\/wp\/v2\/product"}],"about":[{"href":"https:\/\/lghealthisystems.eu\/fr\/wp-json\/wp\/v2\/types\/product"}],"replies":[{"embeddable":true,"href":"https:\/\/lghealthisystems.eu\/fr\/wp-json\/wp\/v2\/comments?post=14663"}],"version-history":[{"count":2,"href":"https:\/\/lghealthisystems.eu\/fr\/wp-json\/wp\/v2\/product\/14663\/revisions"}],"predecessor-version":[{"id":14670,"href":"https:\/\/lghealthisystems.eu\/fr\/wp-json\/wp\/v2\/product\/14663\/revisions\/14670"}],"wp:featuredmedia":[{"embeddable":true,"href":"https:\/\/lghealthisystems.eu\/fr\/wp-json\/wp\/v2\/media\/14664"}],"wp:attachment":[{"href":"https:\/\/lghealthisystems.eu\/fr\/wp-json\/wp\/v2\/media?parent=14663"}],"wp:term":[{"taxonomy":"product_brand","embeddable":true,"href":"https:\/\/lghealthisystems.eu\/fr\/wp-json\/wp\/v2\/product_brand?post=14663"},{"taxonomy":"product_cat","embeddable":true,"href":"https:\/\/lghealthisystems.eu\/fr\/wp-json\/wp\/v2\/product_cat?post=14663"},{"taxonomy":"product_tag","embeddable":true,"href":"https:\/\/lghealthisystems.eu\/fr\/wp-json\/wp\/v2\/product_tag?post=14663"}],"curies":[{"name":"wp","href":"https:\/\/api.w.org\/{rel}","templated":true}]}}