{"id":10783,"date":"2022-05-16T09:55:24","date_gmt":"2022-05-16T08:55:24","guid":{"rendered":"https:\/\/lghealthisystems.eu\/cosa-filtra-losmosi-inversa-domestica\/"},"modified":"2024-04-11T11:01:12","modified_gmt":"2024-04-11T10:01:12","slug":"cosa-filtra-losmosi-inversa-domestica","status":"publish","type":"page","link":"https:\/\/lghealthisystems.eu\/it\/cosa-filtra-losmosi-inversa-domestica\/","title":{"rendered":"Cosa filtra l&#8217;osmosi inversa domestica?"},"content":{"rendered":"<h1>Quali elementi rimuove la nostra macchina per l&#8217;osmosi inversa domestica? <\/p>\n<h2 style=\"font-size:1.2rem;\">(e non filtrati da altre macchine)<\/h2>\n<\/h1>\n<p>\t\t<strong>Tutti questi elementi tossici sono presenti nell&#8217;acqua<\/strong> che beviamo ogni giorno, in misura maggiore o minore, ma sono presenti.<br \/>\nSia nell&#8217;acqua in bottiglia che in quella del rubinetto. <strong>Solo la nostra osmosi inversa domestica \u00e8 in grado di eliminare completamente la presenza di questi elementi<\/strong> nell&#8217;acqua.\t\t<\/p>\n<figure><img loading=\"lazy\" decoding=\"async\" width=\"64\" height=\"64\" src=\"https:\/\/lghealthisystems.eu\/wp-content\/uploads\/2022\/05\/osmosis-inversa-domestica-bacterias-y-virus.png\" alt=\"\" loading=\"lazy\" \/><\/figure>\n<h2>Batteri e virus<\/h2>\n<p>Batteri come l&#8217;Escherichia coli e i coliformi sono tra i batteri pi\u00f9 comuni nei sistemi idrici. Possono causare problemi all&#8217;apparato digerente come diarrea, forti dolori addominali o infezioni gastrointestinali.<\/p>\n<figure><img loading=\"lazy\" decoding=\"async\" width=\"64\" height=\"64\" src=\"https:\/\/lghealthisystems.eu\/wp-content\/uploads\/2022\/05\/osmosis-inversa-domestica-pesticida.png\" alt=\"\" loading=\"lazy\" \/><\/figure>\n<h2>Pesticidi nell&#8217;acqua<\/h2>\n<p>I pesticidi vengono utilizzati per uccidere, respingere o regolare la crescita dei parassiti, ma il problema \u00e8 che, a causa di un uso improprio, finiscono nei nostri sistemi idrici.<\/p>\n<figure><img loading=\"lazy\" decoding=\"async\" width=\"64\" height=\"64\" src=\"https:\/\/lghealthisystems.eu\/wp-content\/uploads\/2022\/05\/osmosis-inversa-domestica-arsenico.png\" alt=\"\" loading=\"lazy\" \/><\/figure>\n<h2>Arsenico nell&#8217;acqua<\/h2>\n<p>Uno studio della Society for Risk Analysis (SRA) sostiene che il consumo di arsenico inorganico ha un effetto cumulativo sul nostro organismo e potrebbe portare a malattie a lungo termine.<\/p>\n<figure><img loading=\"lazy\" decoding=\"async\" width=\"64\" height=\"64\" src=\"https:\/\/lghealthisystems.eu\/wp-content\/uploads\/2022\/05\/osmosis-inversa-domestica-nuez.png\" alt=\"\" loading=\"lazy\" \/><\/figure>\n<h2>Metalli pesanti nell&#8217;acqua<\/h2>\n<p>Rame, piombo, zinco e cadmio, tra gli altri, sono metalli pesanti presenti nell&#8217;acqua potabile. Il consumo prolungato di acqua contaminata da questi metalli pu\u00f2 causare problemi gastrointestinali, renali, ossei e al sistema cardiovascolare.<\/p>\n<figure><img loading=\"lazy\" decoding=\"async\" width=\"64\" height=\"64\" src=\"https:\/\/lghealthisystems.eu\/wp-content\/uploads\/2022\/05\/osmosis-inversa-domestica-cianuro.png\" alt=\"\" loading=\"lazy\" \/><\/figure>\n<h2>Cianuro in acqua<\/h2>\n<p>Secondo i Centri statunitensi per il controllo e la prevenzione delle malattie, il cianuro impedisce all&#8217;ossigeno di raggiungere le altre cellule del corpo, ostacolando cos\u00ec il processo di respirazione cellulare.<\/p>\n<figure><img loading=\"lazy\" decoding=\"async\" width=\"64\" height=\"64\" src=\"https:\/\/lghealthisystems.eu\/wp-content\/uploads\/2022\/05\/osmosis-inversa-domestica-fluor.png\" alt=\"\" loading=\"lazy\" \/><\/figure>\n<h2>Fluoruro nell&#8217;acqua<\/h2>\n<p>Secondo le raccomandazioni dell&#8217;Associazione Americana per il Diabete (ADA), attraverso uno studio condotto dal governo spagnolo, l&#8217;acqua contenente alti livelli di fluoro non dovrebbe essere utilizzata per il consumo quotidiano da parte di neonati e bambini di et\u00e0 inferiore agli 8 anni.<\/p>\n<figure><img loading=\"lazy\" decoding=\"async\" width=\"64\" height=\"64\" src=\"https:\/\/lghealthisystems.eu\/wp-content\/uploads\/2022\/05\/osmosis-inversa-domestica-nitrato.png\" alt=\"\" loading=\"lazy\" \/><\/figure>\n<h2>Nitrati nell&#8217;acqua<\/h2>\n<p>Secondo Greenpeace, il Ministero della Transizione Ecologica e della Sfida Demografica afferma che il 30% delle stazioni di monitoraggio delle acque sotterranee e il 50% delle acque superficiali sono di qualit\u00e0 non ottimale a causa della contaminazione da nitrati che provoca metaemoglobinemia nei neonati e, in concentrazioni pi\u00f9 elevate, asfissia e problemi gastrici.<\/p>\n<figure><img loading=\"lazy\" decoding=\"async\" width=\"64\" height=\"64\" src=\"https:\/\/lghealthisystems.eu\/wp-content\/uploads\/2022\/05\/osmosis-inversa-domestica-cloro.png\" alt=\"\" loading=\"lazy\" \/><\/figure>\n<h2>Cloro nell&#8217;acqua<\/h2>\n<p>Il cloro, presente nell&#8217;acqua, pu\u00f2 formare sottoprodotti di clorazione che sono stati associati a un aumento di varie malattie. Ci\u00f2 dipende principalmente dalla quantit\u00e0 di cloro utilizzata. Inoltre, \u00e8 stato dimostrato che alti livelli di cloro nell&#8217;acqua possono alterarne l&#8217;odore e il sapore.<\/p>\n<figure><img loading=\"lazy\" decoding=\"async\" width=\"64\" height=\"64\" src=\"https:\/\/lghealthisystems.eu\/wp-content\/uploads\/2022\/05\/osmosis-inversa-domestica-cloroformo-2.png\" alt=\"\" loading=\"lazy\" \/><\/figure>\n<h2>Cloroformio in acqua<\/h2>\n<p>Il Registro Estatal de Emisiones y Fuentes Contaminantes del governo spagnolo e l&#8217;Agency for Toxic Substances and Disease Registry del CDC affermano che l&#8217;esposizione a grandi quantit\u00e0 di questa sostanza pu\u00f2 avere effetti sul sistema nervoso centrale, sul fegato e sui reni.<\/p>\n<figure><img loading=\"lazy\" decoding=\"async\" width=\"64\" height=\"64\" src=\"https:\/\/lghealthisystems.eu\/wp-content\/uploads\/2022\/05\/osmosis-inversa-domestica-aluminio.png\" alt=\"\" loading=\"lazy\" \/><\/figure>\n<h2>Alluminio in acqua<\/h2>\n<p>El aluminio est\u00e1 considerado como elemento no t\u00f3xico. Tuttavia, \u00e8 un rischio per la salute quando l&#8217;esposizione \u00e8 elevata. Allo stesso modo, pi\u00f9 riduciamo i livelli di alluminio nell&#8217;acqua, meglio \u00e8.<\/p>\n<figure><img loading=\"lazy\" decoding=\"async\" width=\"64\" height=\"64\" src=\"https:\/\/lghealthisystems.eu\/wp-content\/uploads\/2022\/05\/osmosis-inversa-domestica-hierro.png\" alt=\"\" loading=\"lazy\" \/><\/figure>\n<h2>Ferro e manganese nell&#8217;acqua<\/h2>\n<p>Il ferro e il manganese sono due dei contaminanti chimici pi\u00f9 comuni nelle fonti di acqua potabile. L&#8217;acqua contaminata da ferro e manganese contiene quasi sempre batteri, che si nutrono dei minerali presenti nell&#8217;acqua che beviamo.<\/p>\n<figure><img loading=\"lazy\" decoding=\"async\" width=\"64\" height=\"64\" src=\"https:\/\/lghealthisystems.eu\/wp-content\/uploads\/2022\/05\/osmosis-inversa-domestica-sulfato.png\" alt=\"\" loading=\"lazy\" \/><\/figure>\n<h2>Solfato in acqua<\/h2>\n<p>Secondo uno studio condotto dalla Direzione Generale della Salute Pubblica e della Partecipazione del Dipartimento di Salute e Consumo del Governo delle Isole Baleari, l&#8217;acqua potabile ad alto contenuto di solfati pu\u00f2 avere un effetto lassativo sull&#8217;uomo.<\/p>\n<figure><img loading=\"lazy\" decoding=\"async\" width=\"64\" height=\"64\" src=\"https:\/\/lghealthisystems.eu\/wp-content\/uploads\/2022\/05\/osmosis-inversa-domestica-calcio.png\" alt=\"\" loading=\"lazy\" \/><\/figure>\n<h2>Calcio e magnesio nell&#8217;acqua<\/h2>\n<p>L&#8217;elevata presenza di calcare e magnesio predomina nelle acque con una durezza elevata. Sebbene l&#8217;acqua dura ci fornisca pi\u00f9 minerali di quella dolce, bere acqua con un alto contenuto di sali di magnesio e calcio pu\u00f2 portare alla formazione di calcoli renali, secondo uno studio condotto dall&#8217;Istituto di Salute Pubblica e del Lavoro di Navarra.<\/p>\n<figure><img loading=\"lazy\" decoding=\"async\" width=\"64\" height=\"64\" src=\"https:\/\/lghealthisystems.eu\/wp-content\/uploads\/2022\/05\/osmosis-inversa-domestica-estroncio.png\" alt=\"\" loading=\"lazy\" \/><\/figure>\n<h2>Stronzio in acqua<\/h2>\n<p>Lo stronzio entra in contatto con noi attraverso gli alimenti e l&#8217;acqua potabile. Secondo l&#8217;Agency for Toxic Substances and Disease Registry (ATSDR), la respirazione o l&#8217;ingestione di alti livelli di stronzio pu\u00f2 disturbare la crescita delle ossa nei bambini e portare all&#8217;anemia.<\/p>\n<figure><img loading=\"lazy\" decoding=\"async\" width=\"64\" height=\"64\" src=\"https:\/\/lghealthisystems.eu\/wp-content\/uploads\/2022\/05\/osmosis-inversa-domestica-glifosato-1.png\" alt=\"\" loading=\"lazy\" \/><\/figure>\n<h2>Glifosato in acqua<\/h2>\n<p>L&#8217;esposizione a quantit\u00e0 elevate o continue di glifosato pu\u00f2 causare sintomi gravi come crampi addominali, respiro corto, sonnolenza, pressione bassa e persino insufficienza renale.<\/p>\n<p>\t\t\t<a href=\"https:\/\/lghealthisystems.eu\/wp-content\/uploads\/2022\/07\/informe_IT_osmosis.pdf\" target=\"_blank\" role=\"button\" rel=\"noopener\"><br \/>\n\t\t\t\t\t\tVedere il rapporto microbiologico<br \/>\n\t\t\t\t\t<\/a><\/p>\n<h3>Riferimenti bibliografici<\/h3>\n<ul>\n<li><a href=\"https:\/\/www.atsdr.cdc.gov\/es\/phs\/es_phs8.html\">Agencia para Sustancias T\u00f3xicas y el Registro de Enfermedades. (2016).\u00a0<em>Res\u00famenes de Salud P\u00fablica \u2013 Cianuro (Cyanide)<\/em>.<\/a><\/li>\n<\/ul>\n<ul>\n<li><a href=\"https:\/\/www.atsdr.cdc.gov\/es\/phs\/es_phs6.html#\">Agencia para Sustancias T\u00f3xicas y el Registro de Enfermedades. (2016). Cloroformo (Chloroform)<\/a><\/li>\n<\/ul>\n<ul>\n<li><a href=\"https:\/\/www.caib.es\/sites\/salutambiental\/es\/sulfats-26202\/\">Direcci\u00f3n General de Salud P\u00fablica y Participaci\u00f3n. (s\/f).\u00a0<em>Preguntas y respuestas sobre los sulfatos en el agua de consumo humano.\u00a0<\/em>Gobierno de las Islas Baleares.<\/a><\/li>\n<\/ul>\n<ul>\n<li><a href=\"https:\/\/texaswater.tamu.edu\/resources\/factsheets\/l5451sironandman.pdf\">Dozier, Monty &amp; McFarland, Mark. (2004).\u00a0<em>Drinking Water Problems: Iron and Manganese.<\/em><\/a><\/li>\n<\/ul>\n<ul>\n<li><a href=\"https:\/\/www.sanidad.gob.es\/biblioPublic\/publicaciones\/recursos_propios\/resp\/revista_cdrom\/VOL93\/ORIGINALES\/RS93C_201912110.pdf\">Gallego, S. M., Mart\u00ednez, Y., Serna-Mu\u00f1oz, C., P\u00e9rez-Silva, A., Cury, J., &amp; Ortiz, A.J. (2019). Concentraci\u00f3n de fl\u00faor y metales pesados en aguas embotelladas: medidas barrera frente a caries dental y fluorosis.\u00a0<i>Revista Espa\u00f1ola de Salud P\u00fablica<\/i>,\u00a0<i>93<\/i>.<\/a><\/li>\n<\/ul>\n<ul>\n<li><a href=\"https:\/\/es.greenpeace.org\/es\/sala-de-prensa\/comunicados\/greenpeace-mide-los-nitratos-en-el-agua-en-casi-250-puntos-de-espana-y-los-de-zamora-son-de-los-mas-contaminados\/\">Greenpeace. (2021).\u00a0<em>Greenpeace mide los nitratos en el agua en casi 250 puntos de Espa\u00f1a y los de Zamora son de los m\u00e1s contaminados.<\/em><\/a><\/li>\n<\/ul>\n<ul>\n<li><a href=\"https:\/\/doi.org\/10.18684\/BSAA(14)145-153\">Londo\u00f1o, L. F., Londo\u00f1o, P. T., &amp; Mu\u00f1oz, F.G. (2016).\u00a0<em>Los riesgos de los metales pesados en la salud humana y animal<\/em>. Biotecnolog\u00eda en el Sector Agropecuario y Agroindustrial, 14(2), 145-153.<\/a><\/li>\n<\/ul>\n<ul>\n<li><a href=\"https:\/\/www.sanidad.gob.es\/profesionales\/saludPublica\/docs\/INFORME_AC_2020.pdf\">Ministerio de Sanidad. (2021).\u00a0<em>Calidad del agua de consumo en Espa\u00f1a 2020<\/em>. Gobierno de Espa\u00f1a.<\/a><\/li>\n<\/ul>\n<ul>\n<li><a href=\"https:\/\/www.miteco.gob.es\/es\/agua\/temas\/estado-y-calidad-de-las-aguas\/proteccion-nitratos-pesticidas\/impacto-calidad-agua\/\">Ministerio para la Transici\u00f3n Ecol\u00f3gica y el Reto Demogr\u00e1fico (2020).\u00a0<em>Impacto de los nitratos y pesticidas en el uso y calidad de las aguas<\/em>. Gobierno de Espa\u00f1a.<\/a><\/li>\n<\/ul>\n<ul>\n<li><a href=\"https:\/\/www.pseau.org\/outils\/ouvrages\/oms_guias_para_la_calidad_del_agua_de_consumo_humano_2018.pdf\">Organizaci\u00f3n Mundial de la Salud (2018).\u00a0<em>Gu\u00edas para la calidad del agua de consumo humano.<\/em>\u00a0[Guidelines for drinking-water quality]. Ginebra. Licencia: CC BY-NC-SA 3.0 IGO.<\/a><\/li>\n<\/ul>\n<ul>\n<li><a href=\"https:\/\/prtr-es.es\/Triclorometano,15645,11,2007.html\">Registro Estatal de Emisiones y Fuentes Contaminantes. (2007).\u00a0<em>Definici\u00f3n de TRICLOROMETANO<\/em>. PRTR-Espa\u00f1a.<\/a><\/li>\n<\/ul>\n<ul>\n<li><a href=\"https:\/\/www.scielo.cl\/scielo.php?script=sci_arttext&amp;pid=S0034-98872017000200012\">Romero, V., Norris, F., R\u00edos, J., Cort\u00e9s, I., Gonz\u00e1lez, A., Gaete, L., &amp; Tchernitchin, A. (2017). Consecuencias de la fluoraci\u00f3n del agua potable en la salud humana.\u00a0<em>Revista m\u00e9dica de Chile<\/em>, 145(2), 240-249.<\/a><\/li>\n<\/ul>\n<ul>\n<li><a href=\"https:\/\/onlinelibrary.wiley.com\/doi\/10.1111\/j.1539-6924.2005.00698.x\">Shaw, W.D., Walker, M. and Benson, M. (2005), Treating and Drinking Well Water in the Presence of Health Risks from Arsenic Contamination: Results from a U.S. Hot Spot. Risk Analysis, 25: 1531-1543.<\/a><\/li>\n<\/ul>\n<ul>\n<li><a href=\"https:\/\/es.statista.com\/temas\/6553\/la-industria-de-los-pesticidas-en-espana\/#dossierKeyfigures\" target=\"_blank\" rel=\"noopener\">Statista Research Department (2021).\u00a0<em>La industria fitosanitaria en Espa\u00f1a \u2013 Datos estad\u00edsticos.<\/em><\/a><\/li>\n<\/ul>\n","protected":false},"excerpt":{"rendered":"<p>Quali elementi rimuove la nostra macchina per l&#8217;osmosi inversa domestica? (e non filtrati da altre macchine) Tutti questi elementi tossici<\/p>\n","protected":false},"author":1,"featured_media":0,"parent":0,"menu_order":0,"comment_status":"closed","ping_status":"closed","template":"","meta":{"footnotes":""},"class_list":["post-10783","page","type-page","status-publish","hentry"],"yoast_head":"<!-- This site is optimized with the Yoast SEO plugin v27.3 - https:\/\/yoast.com\/product\/yoast-seo-wordpress\/ -->\n<title>Cosa filtra l&#039;osmosi inversa domestica? - LG Health iSystems<\/title>\n<meta name=\"description\" content=\"Scoprite quali elementi tossici presenti nell&#039;acqua possono essere completamente rimossi dalla nostra macchina per l&#039;osmosi inversa domestica.\" \/>\n<meta name=\"robots\" content=\"index, follow, max-snippet:-1, max-image-preview:large, max-video-preview:-1\" \/>\n<link rel=\"canonical\" href=\"https:\/\/lghealthisystems.eu\/it\/cosa-filtra-losmosi-inversa-domestica\/\" \/>\n<meta property=\"og:locale\" content=\"it_IT\" \/>\n<meta property=\"og:type\" content=\"article\" \/>\n<meta property=\"og:title\" content=\"Cosa filtra l&#039;osmosi inversa domestica? - LG Health iSystems\" \/>\n<meta property=\"og:description\" content=\"Scoprite quali elementi tossici presenti nell&#039;acqua possono essere completamente rimossi dalla nostra macchina per l&#039;osmosi inversa domestica.\" \/>\n<meta property=\"og:url\" content=\"https:\/\/lghealthisystems.eu\/it\/cosa-filtra-losmosi-inversa-domestica\/\" \/>\n<meta property=\"og:site_name\" content=\"LG Health iSystems\" \/>\n<meta property=\"article:modified_time\" content=\"2024-04-11T10:01:12+00:00\" \/>\n<meta property=\"og:image\" content=\"https:\/\/lghealthisystems.eu\/wp-content\/uploads\/2022\/05\/osmosis-inversa-domestica-bacterias-y-virus.png\" \/>\n<meta name=\"twitter:card\" content=\"summary_large_image\" \/>\n<meta name=\"twitter:label1\" content=\"Tempo di lettura stimato\" \/>\n\t<meta name=\"twitter:data1\" content=\"8 minuti\" \/>\n<script type=\"application\/ld+json\" class=\"yoast-schema-graph\">{\"@context\":\"https:\\\/\\\/schema.org\",\"@graph\":[{\"@type\":\"WebPage\",\"@id\":\"https:\\\/\\\/lghealthisystems.eu\\\/it\\\/cosa-filtra-losmosi-inversa-domestica\\\/\",\"url\":\"https:\\\/\\\/lghealthisystems.eu\\\/it\\\/cosa-filtra-losmosi-inversa-domestica\\\/\",\"name\":\"Cosa filtra l'osmosi inversa domestica? - LG Health iSystems\",\"isPartOf\":{\"@id\":\"https:\\\/\\\/lghealthisystems.eu\\\/#website\"},\"primaryImageOfPage\":{\"@id\":\"https:\\\/\\\/lghealthisystems.eu\\\/it\\\/cosa-filtra-losmosi-inversa-domestica\\\/#primaryimage\"},\"image\":{\"@id\":\"https:\\\/\\\/lghealthisystems.eu\\\/it\\\/cosa-filtra-losmosi-inversa-domestica\\\/#primaryimage\"},\"thumbnailUrl\":\"https:\\\/\\\/lghealthisystems.eu\\\/wp-content\\\/uploads\\\/2022\\\/05\\\/osmosis-inversa-domestica-bacterias-y-virus.png\",\"datePublished\":\"2022-05-16T08:55:24+00:00\",\"dateModified\":\"2024-04-11T10:01:12+00:00\",\"description\":\"Scoprite quali elementi tossici presenti nell'acqua possono essere completamente rimossi dalla nostra macchina per l'osmosi inversa domestica.\",\"breadcrumb\":{\"@id\":\"https:\\\/\\\/lghealthisystems.eu\\\/it\\\/cosa-filtra-losmosi-inversa-domestica\\\/#breadcrumb\"},\"inLanguage\":\"it-IT\",\"potentialAction\":[{\"@type\":\"ReadAction\",\"target\":[\"https:\\\/\\\/lghealthisystems.eu\\\/it\\\/cosa-filtra-losmosi-inversa-domestica\\\/\"]}]},{\"@type\":\"ImageObject\",\"inLanguage\":\"it-IT\",\"@id\":\"https:\\\/\\\/lghealthisystems.eu\\\/it\\\/cosa-filtra-losmosi-inversa-domestica\\\/#primaryimage\",\"url\":\"https:\\\/\\\/lghealthisystems.eu\\\/wp-content\\\/uploads\\\/2022\\\/05\\\/osmosis-inversa-domestica-bacterias-y-virus.png\",\"contentUrl\":\"https:\\\/\\\/lghealthisystems.eu\\\/wp-content\\\/uploads\\\/2022\\\/05\\\/osmosis-inversa-domestica-bacterias-y-virus.png\"},{\"@type\":\"BreadcrumbList\",\"@id\":\"https:\\\/\\\/lghealthisystems.eu\\\/it\\\/cosa-filtra-losmosi-inversa-domestica\\\/#breadcrumb\",\"itemListElement\":[{\"@type\":\"ListItem\",\"position\":1,\"name\":\"Portada\",\"item\":\"https:\\\/\\\/lghealthisystems.eu\\\/\"},{\"@type\":\"ListItem\",\"position\":2,\"name\":\"Cosa filtra l&#8217;osmosi inversa domestica?\"}]},{\"@type\":\"WebSite\",\"@id\":\"https:\\\/\\\/lghealthisystems.eu\\\/#website\",\"url\":\"https:\\\/\\\/lghealthisystems.eu\\\/\",\"name\":\"LG Health iSystems\",\"description\":\"Purifica tu agua de grifo en 3 segundos con nuestra m\u00e1quina de \u00f3smosis inversa dom\u00e9stica. \u00a1Capaz de eliminar todos los elementos t\u00f3xicos presentes en el agua!\",\"publisher\":{\"@id\":\"https:\\\/\\\/lghealthisystems.eu\\\/#organization\"},\"potentialAction\":[{\"@type\":\"SearchAction\",\"target\":{\"@type\":\"EntryPoint\",\"urlTemplate\":\"https:\\\/\\\/lghealthisystems.eu\\\/?s={search_term_string}\"},\"query-input\":{\"@type\":\"PropertyValueSpecification\",\"valueRequired\":true,\"valueName\":\"search_term_string\"}}],\"inLanguage\":\"it-IT\"},{\"@type\":\"Organization\",\"@id\":\"https:\\\/\\\/lghealthisystems.eu\\\/#organization\",\"name\":\"Lg Health iSystems\",\"url\":\"https:\\\/\\\/lghealthisystems.eu\\\/\",\"logo\":{\"@type\":\"ImageObject\",\"inLanguage\":\"it-IT\",\"@id\":\"https:\\\/\\\/lghealthisystems.eu\\\/#\\\/schema\\\/logo\\\/image\\\/\",\"url\":\"https:\\\/\\\/lghealthisystems.eu\\\/wp-content\\\/uploads\\\/2022\\\/05\\\/Logo-Health-i_systems-dorado.png\",\"contentUrl\":\"https:\\\/\\\/lghealthisystems.eu\\\/wp-content\\\/uploads\\\/2022\\\/05\\\/Logo-Health-i_systems-dorado.png\",\"width\":1123,\"height\":339,\"caption\":\"Lg Health iSystems\"},\"image\":{\"@id\":\"https:\\\/\\\/lghealthisystems.eu\\\/#\\\/schema\\\/logo\\\/image\\\/\"}}]}<\/script>\n<!-- \/ Yoast SEO plugin. -->","yoast_head_json":{"title":"Cosa filtra l'osmosi inversa domestica? - LG Health iSystems","description":"Scoprite quali elementi tossici presenti nell'acqua possono essere completamente rimossi dalla nostra macchina per l'osmosi inversa domestica.","robots":{"index":"index","follow":"follow","max-snippet":"max-snippet:-1","max-image-preview":"max-image-preview:large","max-video-preview":"max-video-preview:-1"},"canonical":"https:\/\/lghealthisystems.eu\/it\/cosa-filtra-losmosi-inversa-domestica\/","og_locale":"it_IT","og_type":"article","og_title":"Cosa filtra l'osmosi inversa domestica? - LG Health iSystems","og_description":"Scoprite quali elementi tossici presenti nell'acqua possono essere completamente rimossi dalla nostra macchina per l'osmosi inversa domestica.","og_url":"https:\/\/lghealthisystems.eu\/it\/cosa-filtra-losmosi-inversa-domestica\/","og_site_name":"LG Health iSystems","article_modified_time":"2024-04-11T10:01:12+00:00","og_image":[{"url":"https:\/\/lghealthisystems.eu\/wp-content\/uploads\/2022\/05\/osmosis-inversa-domestica-bacterias-y-virus.png","type":"","width":"","height":""}],"twitter_card":"summary_large_image","twitter_misc":{"Tempo di lettura stimato":"8 minuti"},"schema":{"@context":"https:\/\/schema.org","@graph":[{"@type":"WebPage","@id":"https:\/\/lghealthisystems.eu\/it\/cosa-filtra-losmosi-inversa-domestica\/","url":"https:\/\/lghealthisystems.eu\/it\/cosa-filtra-losmosi-inversa-domestica\/","name":"Cosa filtra l'osmosi inversa domestica? - LG Health iSystems","isPartOf":{"@id":"https:\/\/lghealthisystems.eu\/#website"},"primaryImageOfPage":{"@id":"https:\/\/lghealthisystems.eu\/it\/cosa-filtra-losmosi-inversa-domestica\/#primaryimage"},"image":{"@id":"https:\/\/lghealthisystems.eu\/it\/cosa-filtra-losmosi-inversa-domestica\/#primaryimage"},"thumbnailUrl":"https:\/\/lghealthisystems.eu\/wp-content\/uploads\/2022\/05\/osmosis-inversa-domestica-bacterias-y-virus.png","datePublished":"2022-05-16T08:55:24+00:00","dateModified":"2024-04-11T10:01:12+00:00","description":"Scoprite quali elementi tossici presenti nell'acqua possono essere completamente rimossi dalla nostra macchina per l'osmosi inversa domestica.","breadcrumb":{"@id":"https:\/\/lghealthisystems.eu\/it\/cosa-filtra-losmosi-inversa-domestica\/#breadcrumb"},"inLanguage":"it-IT","potentialAction":[{"@type":"ReadAction","target":["https:\/\/lghealthisystems.eu\/it\/cosa-filtra-losmosi-inversa-domestica\/"]}]},{"@type":"ImageObject","inLanguage":"it-IT","@id":"https:\/\/lghealthisystems.eu\/it\/cosa-filtra-losmosi-inversa-domestica\/#primaryimage","url":"https:\/\/lghealthisystems.eu\/wp-content\/uploads\/2022\/05\/osmosis-inversa-domestica-bacterias-y-virus.png","contentUrl":"https:\/\/lghealthisystems.eu\/wp-content\/uploads\/2022\/05\/osmosis-inversa-domestica-bacterias-y-virus.png"},{"@type":"BreadcrumbList","@id":"https:\/\/lghealthisystems.eu\/it\/cosa-filtra-losmosi-inversa-domestica\/#breadcrumb","itemListElement":[{"@type":"ListItem","position":1,"name":"Portada","item":"https:\/\/lghealthisystems.eu\/"},{"@type":"ListItem","position":2,"name":"Cosa filtra l&#8217;osmosi inversa domestica?"}]},{"@type":"WebSite","@id":"https:\/\/lghealthisystems.eu\/#website","url":"https:\/\/lghealthisystems.eu\/","name":"LG Health iSystems","description":"Purifica tu agua de grifo en 3 segundos con nuestra m\u00e1quina de \u00f3smosis inversa dom\u00e9stica. \u00a1Capaz de eliminar todos los elementos t\u00f3xicos presentes en el agua!","publisher":{"@id":"https:\/\/lghealthisystems.eu\/#organization"},"potentialAction":[{"@type":"SearchAction","target":{"@type":"EntryPoint","urlTemplate":"https:\/\/lghealthisystems.eu\/?s={search_term_string}"},"query-input":{"@type":"PropertyValueSpecification","valueRequired":true,"valueName":"search_term_string"}}],"inLanguage":"it-IT"},{"@type":"Organization","@id":"https:\/\/lghealthisystems.eu\/#organization","name":"Lg Health iSystems","url":"https:\/\/lghealthisystems.eu\/","logo":{"@type":"ImageObject","inLanguage":"it-IT","@id":"https:\/\/lghealthisystems.eu\/#\/schema\/logo\/image\/","url":"https:\/\/lghealthisystems.eu\/wp-content\/uploads\/2022\/05\/Logo-Health-i_systems-dorado.png","contentUrl":"https:\/\/lghealthisystems.eu\/wp-content\/uploads\/2022\/05\/Logo-Health-i_systems-dorado.png","width":1123,"height":339,"caption":"Lg Health iSystems"},"image":{"@id":"https:\/\/lghealthisystems.eu\/#\/schema\/logo\/image\/"}}]}},"_links":{"self":[{"href":"https:\/\/lghealthisystems.eu\/it\/wp-json\/wp\/v2\/pages\/10783","targetHints":{"allow":["GET"]}}],"collection":[{"href":"https:\/\/lghealthisystems.eu\/it\/wp-json\/wp\/v2\/pages"}],"about":[{"href":"https:\/\/lghealthisystems.eu\/it\/wp-json\/wp\/v2\/types\/page"}],"author":[{"embeddable":true,"href":"https:\/\/lghealthisystems.eu\/it\/wp-json\/wp\/v2\/users\/1"}],"replies":[{"embeddable":true,"href":"https:\/\/lghealthisystems.eu\/it\/wp-json\/wp\/v2\/comments?post=10783"}],"version-history":[{"count":1,"href":"https:\/\/lghealthisystems.eu\/it\/wp-json\/wp\/v2\/pages\/10783\/revisions"}],"predecessor-version":[{"id":12821,"href":"https:\/\/lghealthisystems.eu\/it\/wp-json\/wp\/v2\/pages\/10783\/revisions\/12821"}],"wp:attachment":[{"href":"https:\/\/lghealthisystems.eu\/it\/wp-json\/wp\/v2\/media?parent=10783"}],"curies":[{"name":"wp","href":"https:\/\/api.w.org\/{rel}","templated":true}]}}