{"id":10794,"date":"2021-11-04T13:31:38","date_gmt":"2021-11-04T11:31:38","guid":{"rendered":"https:\/\/lghealthisystems.eu\/chi-siamo\/"},"modified":"2022-07-15T10:55:58","modified_gmt":"2022-07-15T08:55:58","slug":"chi-siamo","status":"publish","type":"page","link":"https:\/\/lghealthisystems.eu\/it\/chi-siamo\/","title":{"rendered":"Chi siamo"},"content":{"rendered":"\t\t<div data-elementor-type=\"wp-page\" data-elementor-id=\"10794\" class=\"elementor elementor-10794 elementor-8862\" data-elementor-post-type=\"page\">\n\t\t\t\t\t\t<section class=\"wd-negative-gap elementor-section elementor-top-section elementor-element elementor-element-bac94a8 wd-section-stretch-content elementor-section-boxed elementor-section-height-default elementor-section-height-default\" data-id=\"bac94a8\" data-element_type=\"section\" data-e-type=\"section\">\n\t\t\t\t\t\t<div class=\"elementor-container elementor-column-gap-no\">\n\t\t\t\t\t<div class=\"elementor-column elementor-col-50 elementor-top-column elementor-element elementor-element-e625d73\" data-id=\"e625d73\" data-element_type=\"column\" data-e-type=\"column\">\n\t\t\t<div class=\"elementor-widget-wrap elementor-element-populated\">\n\t\t\t\t\t\t<div class=\"elementor-element elementor-element-0175dab wd-width-100 elementor-widget elementor-widget-wd_images_gallery\" data-id=\"0175dab\" data-element_type=\"widget\" data-e-type=\"widget\" data-widget_type=\"wd_images_gallery.default\">\n\t\t\t\t<div class=\"elementor-widget-container\">\n\t\t\t\t\t\t\t<div class=\"wd-images-gallery photoswipe-images\" style=\"--wd-align-items:center; --wd-justify-content:center;\">\n\t\t\t\t\t\t<div class=\"wd-grid-g\" style=\"--wd-col-lg:1;--wd-col-md:1;--wd-col-sm:1;--wd-gap-lg:2px;\" >\n\t\t\t\t\t\t\t\t\t\t\t\t\t\t\t\t\t\t<div class=\"wd-gallery-item wd-col\">\n\t\t\t\t\t\t\t\t\t\t\t\t\t<a  href=\"https:\/\/lghealthisystems.eu\/wp-content\/uploads\/2022\/05\/osmosis-inversa-domestica-sobre-nosotros-1.jpg\"data-width=\"1000\" data-height=\"667\" data-index=\"1\" data-elementor-open-lightbox=\"no\">\n\t\t\t\t\t\t\n\t\t\t\t\t\t<img decoding=\"async\" src=\"https:\/\/lghealthisystems.eu\/wp-content\/uploads\/2022\/05\/osmosis-inversa-domestica-sobre-nosotros-1.jpg\"alt=\"osmosis-inversa-domestica-sobre-nosotros-1\">\n\t\t\t\t\t\t\t\t\t\t\t\t\t<\/a>\n\t\t\t\t\t\t\t\t\t\t\t<\/div>\n\t\t\t\t\t\t\t\t\t\t\t\t\t\t\t<div class=\"wd-gallery-item wd-col\">\n\t\t\t\t\t\t\t\t\t\t\t\t\t<a  href=\"https:\/\/lghealthisystems.eu\/wp-content\/uploads\/2022\/05\/osmosis-inversa-domestica-sobre-nosotros-2.jpg\"data-width=\"1200\" data-height=\"1108\" data-index=\"2\" data-elementor-open-lightbox=\"no\">\n\t\t\t\t\t\t\n\t\t\t\t\t\t<img decoding=\"async\" src=\"https:\/\/lghealthisystems.eu\/wp-content\/uploads\/2022\/05\/osmosis-inversa-domestica-sobre-nosotros-2.jpg\"alt=\"osmosis-inversa-domestica-sobre-nosotros-2\">\n\t\t\t\t\t\t\t\t\t\t\t\t\t<\/a>\n\t\t\t\t\t\t\t\t\t\t\t<\/div>\n\t\t\t\t\t\t\t\t\t\t\t\t\t\t\t<div class=\"wd-gallery-item wd-col\">\n\t\t\t\t\t\t\t\t\t\t\t\t\t<a  href=\"https:\/\/lghealthisystems.eu\/wp-content\/uploads\/2022\/05\/osmosis-inversa-domestica-sobre-nosotros-4.jpg\"data-width=\"1200\" data-height=\"1108\" data-index=\"3\" data-elementor-open-lightbox=\"no\">\n\t\t\t\t\t\t\n\t\t\t\t\t\t<img decoding=\"async\" src=\"https:\/\/lghealthisystems.eu\/wp-content\/uploads\/2022\/05\/osmosis-inversa-domestica-sobre-nosotros-4.jpg\"alt=\"osmosis-inversa-domestica-sobre-nosotros-4\">\n\t\t\t\t\t\t\t\t\t\t\t\t\t<\/a>\n\t\t\t\t\t\t\t\t\t\t\t<\/div>\n\t\t\t\t\t\t\t\t\t\t\t\t\t<\/div>\n\t\t\t\t\t<\/div>\n\t\t\t\t\t\t<\/div>\n\t\t\t\t<\/div>\n\t\t\t\t\t<\/div>\n\t\t<\/div>\n\t\t\t\t<div class=\"elementor-column elementor-col-50 elementor-top-column elementor-element elementor-element-b2420ea wd-elementor-sticky-column wd_sticky_offset_150\" data-id=\"b2420ea\" data-element_type=\"column\" data-e-type=\"column\">\n\t\t\t<div class=\"elementor-widget-wrap elementor-element-populated\">\n\t\t\t\t\t\t<section class=\"wd-negative-gap elementor-section elementor-inner-section elementor-element elementor-element-a635743 elementor-section-boxed elementor-section-height-default elementor-section-height-default\" data-id=\"a635743\" data-element_type=\"section\" data-e-type=\"section\">\n\t\t\t\t\t\t<div class=\"elementor-container elementor-column-gap-default\">\n\t\t\t\t\t<div class=\"elementor-column elementor-col-100 elementor-inner-column elementor-element elementor-element-5de1281\" data-id=\"5de1281\" data-element_type=\"column\" data-e-type=\"column\">\n\t\t\t<div class=\"elementor-widget-wrap elementor-element-populated\">\n\t\t\t\t\t\t<div class=\"elementor-element elementor-element-2d66ada wd-width-100 elementor-widget elementor-widget-wd_title\" data-id=\"2d66ada\" data-element_type=\"widget\" data-e-type=\"widget\" data-widget_type=\"wd_title.default\">\n\t\t\t\t<div class=\"elementor-widget-container\">\n\t\t\t\t\t\t\t<div class=\"title-wrapper set-mb-s reset-last-child wd-title-color-default wd-title-style-default wd-title-size-extra-large text-left\">\n\n\t\t\t\n\t\t\t<div class=\"liner-continer\">\n\t\t\t\t<h2 class=\"woodmart-title-container title wd-fontsize-xxxl\">S\u00cc al PIANETA! NO alla MICROPLASTICA!<\/h2> \n\t\t\t\t\t\t\t<\/div>\n\n\t\t\t\t\t<\/div>\n\t\t\t\t\t\t<\/div>\n\t\t\t\t<\/div>\n\t\t\t\t<div class=\"elementor-element elementor-element-fcf22df elementor-widget elementor-widget-wd_text_block\" data-id=\"fcf22df\" data-element_type=\"widget\" data-e-type=\"widget\" data-widget_type=\"wd_text_block.default\">\n\t\t\t\t<div class=\"elementor-widget-container\">\n\t\t\t\t\t\t\t<div class=\"wd-text-block reset-last-child text-left color-primary\">\n\t\t\t\n\t\t\t<p>Conoscere la nostra missione<\/p>\n\t\t\t\t\t<\/div>\n\t\t\t\t\t\t<\/div>\n\t\t\t\t<\/div>\n\t\t\t\t<div class=\"elementor-element elementor-element-ebfdd67 elementor-widget elementor-widget-wd_text_block\" data-id=\"ebfdd67\" data-element_type=\"widget\" data-e-type=\"widget\" data-widget_type=\"wd_text_block.default\">\n\t\t\t\t<div class=\"elementor-widget-container\">\n\t\t\t\t\t\t\t<div class=\"wd-text-block reset-last-child text-left color-primary\">\n\t\t\t\n\t\t\t<p>Siamo un'azienda dedicata alla ricerca e allo sviluppo di prodotti volti a migliorare la salute, il benessere e la qualit\u00e0 della vita dei nostri clienti e del pianeta.<\/p>\n\t\t\t\t\t<\/div>\n\t\t\t\t\t\t<\/div>\n\t\t\t\t<\/div>\n\t\t\t\t<div class=\"elementor-element elementor-element-ae14497 elementor-widget-divider--separator-type-pattern elementor-widget-divider--view-line elementor-widget elementor-widget-divider\" data-id=\"ae14497\" data-element_type=\"widget\" data-e-type=\"widget\" data-widget_type=\"divider.default\">\n\t\t\t\t<div class=\"elementor-widget-container\">\n\t\t\t\t\t\t\t<div class=\"elementor-divider\" style=\"--divider-pattern-url: url(&quot;data:image\/svg+xml,%3Csvg xmlns=&#039;http:\/\/www.w3.org\/2000\/svg&#039; preserveAspectRatio=&#039;none&#039; overflow=&#039;visible&#039; height=&#039;100%&#039; viewBox=&#039;0 0 24 24&#039; fill=&#039;none&#039; stroke=&#039;black&#039; stroke-width=&#039;4&#039; stroke-linecap=&#039;square&#039; stroke-miterlimit=&#039;10&#039;%3E%3Cpolyline points=&#039;0,18 12,6 24,18 &#039;\/%3E%3C\/svg%3E&quot;);\">\n\t\t\t<span class=\"elementor-divider-separator\">\n\t\t\t\t\t\t<\/span>\n\t\t<\/div>\n\t\t\t\t\t\t<\/div>\n\t\t\t\t<\/div>\n\t\t\t\t<div class=\"elementor-element elementor-element-e123ddf wd-width-100 elementor-widget elementor-widget-wd_title\" data-id=\"e123ddf\" data-element_type=\"widget\" data-e-type=\"widget\" data-widget_type=\"wd_title.default\">\n\t\t\t\t<div class=\"elementor-widget-container\">\n\t\t\t\t\t\t\t<div class=\"title-wrapper set-mb-s reset-last-child wd-title-color-default wd-title-style-default wd-title-size-extra-large text-left\">\n\n\t\t\t\n\t\t\t<div class=\"liner-continer\">\n\t\t\t\t<h2 class=\"woodmart-title-container title wd-fontsize-xxxl\">Innovazione per semplificare la vita quotidiana<\/h2> \n\t\t\t\t\t\t\t<\/div>\n\n\t\t\t\t\t<\/div>\n\t\t\t\t\t\t<\/div>\n\t\t\t\t<\/div>\n\t\t\t\t<div class=\"elementor-element elementor-element-413bb36 elementor-widget elementor-widget-wd_text_block\" data-id=\"413bb36\" data-element_type=\"widget\" data-e-type=\"widget\" data-widget_type=\"wd_text_block.default\">\n\t\t\t\t<div class=\"elementor-widget-container\">\n\t\t\t\t\t\t\t<div class=\"wd-text-block reset-last-child text-left color-primary\">\n\t\t\t\n\t\t\t<p>Lavoriamo instancabilmente per migliorare la vita dei nostri consumatori attraverso prodotti innovativi e salutari. Per questo motivo realizziamo prodotti eccezionali di altissima qualit\u00e0 e con misure di controllo rigorose.<\/p>\n\t\t\t\t\t<\/div>\n\t\t\t\t\t\t<\/div>\n\t\t\t\t<\/div>\n\t\t\t\t<div class=\"elementor-element elementor-element-c7824d1 elementor-widget-divider--separator-type-pattern elementor-widget-divider--view-line elementor-widget elementor-widget-divider\" data-id=\"c7824d1\" data-element_type=\"widget\" data-e-type=\"widget\" data-widget_type=\"divider.default\">\n\t\t\t\t<div class=\"elementor-widget-container\">\n\t\t\t\t\t\t\t<div class=\"elementor-divider\" style=\"--divider-pattern-url: url(&quot;data:image\/svg+xml,%3Csvg xmlns=&#039;http:\/\/www.w3.org\/2000\/svg&#039; preserveAspectRatio=&#039;none&#039; overflow=&#039;visible&#039; height=&#039;100%&#039; viewBox=&#039;0 0 24 24&#039; fill=&#039;none&#039; stroke=&#039;black&#039; stroke-width=&#039;4&#039; stroke-linecap=&#039;square&#039; stroke-miterlimit=&#039;10&#039;%3E%3Cpolyline points=&#039;0,18 12,6 24,18 &#039;\/%3E%3C\/svg%3E&quot;);\">\n\t\t\t<span class=\"elementor-divider-separator\">\n\t\t\t\t\t\t<\/span>\n\t\t<\/div>\n\t\t\t\t\t\t<\/div>\n\t\t\t\t<\/div>\n\t\t\t\t<div class=\"elementor-element elementor-element-9ce3046 wd-width-100 elementor-widget elementor-widget-wd_title\" data-id=\"9ce3046\" data-element_type=\"widget\" data-e-type=\"widget\" data-widget_type=\"wd_title.default\">\n\t\t\t\t<div class=\"elementor-widget-container\">\n\t\t\t\t\t\t\t<div class=\"title-wrapper set-mb-s reset-last-child wd-title-color-default wd-title-style-default wd-title-size-extra-large text-left\">\n\n\t\t\t\n\t\t\t<div class=\"liner-continer\">\n\t\t\t\t<h2 class=\"woodmart-title-container title wd-fontsize-xxxl\">La salute prima di tutto<\/h2> \n\t\t\t\t\t\t\t<\/div>\n\n\t\t\t\t\t<\/div>\n\t\t\t\t\t\t<\/div>\n\t\t\t\t<\/div>\n\t\t\t\t<div class=\"elementor-element elementor-element-1181756 elementor-widget elementor-widget-wd_text_block\" data-id=\"1181756\" data-element_type=\"widget\" data-e-type=\"widget\" data-widget_type=\"wd_text_block.default\">\n\t\t\t\t<div class=\"elementor-widget-container\">\n\t\t\t\t\t\t\t<div class=\"wd-text-block reset-last-child text-left color-primary\">\n\t\t\t\n\t\t\t<p>Grazie a processi di sviluppo innovativi, forniamo ai nostri consumatori prodotti clinicamente efficaci con grandi benefici per la salute. Ci teniamo a voi.<\/p>\n\t\t\t\t\t<\/div>\n\t\t\t\t\t\t<\/div>\n\t\t\t\t<\/div>\n\t\t\t\t<div class=\"elementor-element elementor-element-0fbc4f6 elementor-widget-divider--separator-type-pattern elementor-widget-divider--view-line elementor-widget elementor-widget-divider\" data-id=\"0fbc4f6\" data-element_type=\"widget\" data-e-type=\"widget\" data-widget_type=\"divider.default\">\n\t\t\t\t<div class=\"elementor-widget-container\">\n\t\t\t\t\t\t\t<div class=\"elementor-divider\" style=\"--divider-pattern-url: url(&quot;data:image\/svg+xml,%3Csvg xmlns=&#039;http:\/\/www.w3.org\/2000\/svg&#039; preserveAspectRatio=&#039;none&#039; overflow=&#039;visible&#039; height=&#039;100%&#039; viewBox=&#039;0 0 24 24&#039; fill=&#039;none&#039; stroke=&#039;black&#039; stroke-width=&#039;4&#039; stroke-linecap=&#039;square&#039; stroke-miterlimit=&#039;10&#039;%3E%3Cpolyline points=&#039;0,18 12,6 24,18 &#039;\/%3E%3C\/svg%3E&quot;);\">\n\t\t\t<span class=\"elementor-divider-separator\">\n\t\t\t\t\t\t<\/span>\n\t\t<\/div>\n\t\t\t\t\t\t<\/div>\n\t\t\t\t<\/div>\n\t\t\t\t<div class=\"elementor-element elementor-element-3374b2a wd-width-100 elementor-widget elementor-widget-wd_title\" data-id=\"3374b2a\" data-element_type=\"widget\" data-e-type=\"widget\" data-widget_type=\"wd_title.default\">\n\t\t\t\t<div class=\"elementor-widget-container\">\n\t\t\t\t\t\t\t<div class=\"title-wrapper set-mb-s reset-last-child wd-title-color-default wd-title-style-default wd-title-size-extra-large text-left\">\n\n\t\t\t\n\t\t\t<div class=\"liner-continer\">\n\t\t\t\t<h2 class=\"woodmart-title-container title wd-fontsize-xxxl\">Sensibile all'ambiente<\/h2> \n\t\t\t\t\t\t\t<\/div>\n\n\t\t\t\t\t<\/div>\n\t\t\t\t\t\t<\/div>\n\t\t\t\t<\/div>\n\t\t\t\t<div class=\"elementor-element elementor-element-34f130f elementor-widget elementor-widget-wd_text_block\" data-id=\"34f130f\" data-element_type=\"widget\" data-e-type=\"widget\" data-widget_type=\"wd_text_block.default\">\n\t\t\t\t<div class=\"elementor-widget-container\">\n\t\t\t\t\t\t\t<div class=\"wd-text-block reset-last-child text-left color-primary\">\n\t\t\t\n\t\t\t<p>Grazie a processi di sviluppo innovativi, forniamo ai nostri consumatori prodotti clinicamente efficaci con grandi benefici per la salute. Ci teniamo a voi.<\/p>\n\t\t\t\t\t<\/div>\n\t\t\t\t\t\t<\/div>\n\t\t\t\t<\/div>\n\t\t\t\t<div class=\"elementor-element elementor-element-cec5bec elementor-widget-divider--separator-type-pattern elementor-widget-divider--view-line elementor-widget elementor-widget-divider\" data-id=\"cec5bec\" data-element_type=\"widget\" data-e-type=\"widget\" data-widget_type=\"divider.default\">\n\t\t\t\t<div class=\"elementor-widget-container\">\n\t\t\t\t\t\t\t<div class=\"elementor-divider\" style=\"--divider-pattern-url: url(&quot;data:image\/svg+xml,%3Csvg xmlns=&#039;http:\/\/www.w3.org\/2000\/svg&#039; preserveAspectRatio=&#039;none&#039; overflow=&#039;visible&#039; height=&#039;100%&#039; viewBox=&#039;0 0 24 24&#039; fill=&#039;none&#039; stroke=&#039;black&#039; stroke-width=&#039;4&#039; stroke-linecap=&#039;square&#039; stroke-miterlimit=&#039;10&#039;%3E%3Cpolyline points=&#039;0,18 12,6 24,18 &#039;\/%3E%3C\/svg%3E&quot;);\">\n\t\t\t<span class=\"elementor-divider-separator\">\n\t\t\t\t\t\t<\/span>\n\t\t<\/div>\n\t\t\t\t\t\t<\/div>\n\t\t\t\t<\/div>\n\t\t\t\t<div class=\"elementor-element elementor-element-965c9e2 wd-width-100 elementor-widget elementor-widget-wd_title\" data-id=\"965c9e2\" data-element_type=\"widget\" data-e-type=\"widget\" data-widget_type=\"wd_title.default\">\n\t\t\t\t<div class=\"elementor-widget-container\">\n\t\t\t\t\t\t\t<div class=\"title-wrapper set-mb-s reset-last-child wd-title-color-default wd-title-style-default wd-title-size-extra-large text-left\">\n\n\t\t\t\n\t\t\t<div class=\"liner-continer\">\n\t\t\t\t<h3 class=\"woodmart-title-container title wd-fontsize-xxxl\">Passare all'osmosi<\/h3> \n\t\t\t\t\t\t\t<\/div>\n\n\t\t\t\t\t<\/div>\n\t\t\t\t\t\t<\/div>\n\t\t\t\t<\/div>\n\t\t\t\t<div class=\"elementor-element elementor-element-e4f9bd1 elementor-widget elementor-widget-wd_text_block\" data-id=\"e4f9bd1\" data-element_type=\"widget\" data-e-type=\"widget\" data-widget_type=\"wd_text_block.default\">\n\t\t\t\t<div class=\"elementor-widget-container\">\n\t\t\t\t\t\t\t<div class=\"wd-text-block reset-last-child text-left color-primary\">\n\t\t\t\n\t\t\t<p>L'acqua che consumiamo \u00e8 piena di batteri e microplastiche dannose per il nostro corpo, ma la soluzione sostenibile e salutare \u00e8 qui!<\/p>\n\t\t\t\t\t<\/div>\n\t\t\t\t\t\t<\/div>\n\t\t\t\t<\/div>\n\t\t\t\t<div class=\"elementor-element elementor-element-d7b0e6b elementor-widget elementor-widget-button\" data-id=\"d7b0e6b\" data-element_type=\"widget\" data-e-type=\"widget\" data-widget_type=\"button.default\">\n\t\t\t\t<div class=\"elementor-widget-container\">\n\t\t\t\t\t\t\t\t\t<div class=\"elementor-button-wrapper\">\n\t\t\t\t\t<a class=\"elementor-button elementor-button-link elementor-size-lg\" href=\"https:\/\/lghealthisystems.eu\/producto\/osmosis-inversa-domestica\/\">\n\t\t\t\t\t\t<span class=\"elementor-button-content-wrapper\">\n\t\t\t\t\t\t<span class=\"elementor-button-icon\">\n\t\t\t\t<i aria-hidden=\"true\" class=\"fas fa-angle-right\"><\/i>\t\t\t<\/span>\n\t\t\t\t\t\t\t\t\t<span class=\"elementor-button-text\">Scoprite la nostra osmosi inversa domestica<\/span>\n\t\t\t\t\t<\/span>\n\t\t\t\t\t<\/a>\n\t\t\t\t<\/div>\n\t\t\t\t\t\t\t\t<\/div>\n\t\t\t\t<\/div>\n\t\t\t\t\t<\/div>\n\t\t<\/div>\n\t\t\t\t\t<\/div>\n\t\t<\/section>\n\t\t\t\t\t<\/div>\n\t\t<\/div>\n\t\t\t\t\t<\/div>\n\t\t<\/section>\n\t\t\t\t<\/div>\n\t\t","protected":false},"excerpt":{"rendered":"<p>S\u00cc al PIANETA! NO alla MICROPLASTICA! Conoscere la nostra missione Siamo un&#8217;azienda dedicata alla ricerca e allo sviluppo di prodotti<\/p>\n","protected":false},"author":1,"featured_media":0,"parent":0,"menu_order":0,"comment_status":"closed","ping_status":"closed","template":"","meta":{"footnotes":""},"class_list":["post-10794","page","type-page","status-publish","hentry"],"yoast_head":"<!-- This site is optimized with the Yoast SEO plugin v27.3 - https:\/\/yoast.com\/product\/yoast-seo-wordpress\/ -->\n<title>Chi siamo - LG Health iSystems<\/title>\n<meta name=\"robots\" content=\"index, follow, max-snippet:-1, max-image-preview:large, max-video-preview:-1\" \/>\n<link rel=\"canonical\" href=\"https:\/\/lghealthisystems.eu\/it\/chi-siamo\/\" \/>\n<meta property=\"og:locale\" content=\"it_IT\" \/>\n<meta property=\"og:type\" content=\"article\" \/>\n<meta property=\"og:title\" content=\"Chi siamo - LG Health iSystems\" \/>\n<meta property=\"og:description\" content=\"S\u00cc al PIANETA! NO alla MICROPLASTICA! Conoscere la nostra missione Siamo un&#8217;azienda dedicata alla ricerca e allo sviluppo di prodotti\" \/>\n<meta property=\"og:url\" content=\"https:\/\/lghealthisystems.eu\/it\/chi-siamo\/\" \/>\n<meta property=\"og:site_name\" content=\"LG Health iSystems\" \/>\n<meta property=\"article:modified_time\" content=\"2022-07-15T08:55:58+00:00\" \/>\n<meta property=\"og:image\" content=\"https:\/\/lghealthisystems.eu\/wp-content\/uploads\/2022\/05\/osmosis-inversa-domestica-sobre-nosotros-1.jpg\" \/>\n<meta name=\"twitter:card\" content=\"summary_large_image\" \/>\n<meta name=\"twitter:label1\" content=\"Tempo di lettura stimato\" \/>\n\t<meta name=\"twitter:data1\" content=\"1 minuto\" \/>\n<script type=\"application\/ld+json\" class=\"yoast-schema-graph\">{\"@context\":\"https:\\\/\\\/schema.org\",\"@graph\":[{\"@type\":\"WebPage\",\"@id\":\"https:\\\/\\\/lghealthisystems.eu\\\/it\\\/chi-siamo\\\/\",\"url\":\"https:\\\/\\\/lghealthisystems.eu\\\/it\\\/chi-siamo\\\/\",\"name\":\"Chi siamo - LG Health iSystems\",\"isPartOf\":{\"@id\":\"https:\\\/\\\/lghealthisystems.eu\\\/#website\"},\"primaryImageOfPage\":{\"@id\":\"https:\\\/\\\/lghealthisystems.eu\\\/it\\\/chi-siamo\\\/#primaryimage\"},\"image\":{\"@id\":\"https:\\\/\\\/lghealthisystems.eu\\\/it\\\/chi-siamo\\\/#primaryimage\"},\"thumbnailUrl\":\"https:\\\/\\\/lghealthisystems.eu\\\/wp-content\\\/uploads\\\/2022\\\/05\\\/osmosis-inversa-domestica-sobre-nosotros-1.jpg\",\"datePublished\":\"2021-11-04T11:31:38+00:00\",\"dateModified\":\"2022-07-15T08:55:58+00:00\",\"breadcrumb\":{\"@id\":\"https:\\\/\\\/lghealthisystems.eu\\\/it\\\/chi-siamo\\\/#breadcrumb\"},\"inLanguage\":\"it-IT\",\"potentialAction\":[{\"@type\":\"ReadAction\",\"target\":[\"https:\\\/\\\/lghealthisystems.eu\\\/it\\\/chi-siamo\\\/\"]}]},{\"@type\":\"ImageObject\",\"inLanguage\":\"it-IT\",\"@id\":\"https:\\\/\\\/lghealthisystems.eu\\\/it\\\/chi-siamo\\\/#primaryimage\",\"url\":\"https:\\\/\\\/lghealthisystems.eu\\\/wp-content\\\/uploads\\\/2022\\\/05\\\/osmosis-inversa-domestica-sobre-nosotros-1.jpg\",\"contentUrl\":\"https:\\\/\\\/lghealthisystems.eu\\\/wp-content\\\/uploads\\\/2022\\\/05\\\/osmosis-inversa-domestica-sobre-nosotros-1.jpg\"},{\"@type\":\"BreadcrumbList\",\"@id\":\"https:\\\/\\\/lghealthisystems.eu\\\/it\\\/chi-siamo\\\/#breadcrumb\",\"itemListElement\":[{\"@type\":\"ListItem\",\"position\":1,\"name\":\"Portada\",\"item\":\"https:\\\/\\\/lghealthisystems.eu\\\/\"},{\"@type\":\"ListItem\",\"position\":2,\"name\":\"Chi siamo\"}]},{\"@type\":\"WebSite\",\"@id\":\"https:\\\/\\\/lghealthisystems.eu\\\/#website\",\"url\":\"https:\\\/\\\/lghealthisystems.eu\\\/\",\"name\":\"LG Health iSystems\",\"description\":\"Purifica tu agua de grifo en 3 segundos con nuestra m\u00e1quina de \u00f3smosis inversa dom\u00e9stica. \u00a1Capaz de eliminar todos los elementos t\u00f3xicos presentes en el agua!\",\"publisher\":{\"@id\":\"https:\\\/\\\/lghealthisystems.eu\\\/#organization\"},\"potentialAction\":[{\"@type\":\"SearchAction\",\"target\":{\"@type\":\"EntryPoint\",\"urlTemplate\":\"https:\\\/\\\/lghealthisystems.eu\\\/?s={search_term_string}\"},\"query-input\":{\"@type\":\"PropertyValueSpecification\",\"valueRequired\":true,\"valueName\":\"search_term_string\"}}],\"inLanguage\":\"it-IT\"},{\"@type\":\"Organization\",\"@id\":\"https:\\\/\\\/lghealthisystems.eu\\\/#organization\",\"name\":\"Lg Health iSystems\",\"url\":\"https:\\\/\\\/lghealthisystems.eu\\\/\",\"logo\":{\"@type\":\"ImageObject\",\"inLanguage\":\"it-IT\",\"@id\":\"https:\\\/\\\/lghealthisystems.eu\\\/#\\\/schema\\\/logo\\\/image\\\/\",\"url\":\"https:\\\/\\\/lghealthisystems.eu\\\/wp-content\\\/uploads\\\/2022\\\/05\\\/Logo-Health-i_systems-dorado.png\",\"contentUrl\":\"https:\\\/\\\/lghealthisystems.eu\\\/wp-content\\\/uploads\\\/2022\\\/05\\\/Logo-Health-i_systems-dorado.png\",\"width\":1123,\"height\":339,\"caption\":\"Lg Health iSystems\"},\"image\":{\"@id\":\"https:\\\/\\\/lghealthisystems.eu\\\/#\\\/schema\\\/logo\\\/image\\\/\"}}]}<\/script>\n<!-- \/ Yoast SEO plugin. -->","yoast_head_json":{"title":"Chi siamo - LG Health iSystems","robots":{"index":"index","follow":"follow","max-snippet":"max-snippet:-1","max-image-preview":"max-image-preview:large","max-video-preview":"max-video-preview:-1"},"canonical":"https:\/\/lghealthisystems.eu\/it\/chi-siamo\/","og_locale":"it_IT","og_type":"article","og_title":"Chi siamo - LG Health iSystems","og_description":"S\u00cc al PIANETA! NO alla MICROPLASTICA! Conoscere la nostra missione Siamo un&#8217;azienda dedicata alla ricerca e allo sviluppo di prodotti","og_url":"https:\/\/lghealthisystems.eu\/it\/chi-siamo\/","og_site_name":"LG Health iSystems","article_modified_time":"2022-07-15T08:55:58+00:00","og_image":[{"url":"https:\/\/lghealthisystems.eu\/wp-content\/uploads\/2022\/05\/osmosis-inversa-domestica-sobre-nosotros-1.jpg","type":"","width":"","height":""}],"twitter_card":"summary_large_image","twitter_misc":{"Tempo di lettura stimato":"1 minuto"},"schema":{"@context":"https:\/\/schema.org","@graph":[{"@type":"WebPage","@id":"https:\/\/lghealthisystems.eu\/it\/chi-siamo\/","url":"https:\/\/lghealthisystems.eu\/it\/chi-siamo\/","name":"Chi siamo - LG Health iSystems","isPartOf":{"@id":"https:\/\/lghealthisystems.eu\/#website"},"primaryImageOfPage":{"@id":"https:\/\/lghealthisystems.eu\/it\/chi-siamo\/#primaryimage"},"image":{"@id":"https:\/\/lghealthisystems.eu\/it\/chi-siamo\/#primaryimage"},"thumbnailUrl":"https:\/\/lghealthisystems.eu\/wp-content\/uploads\/2022\/05\/osmosis-inversa-domestica-sobre-nosotros-1.jpg","datePublished":"2021-11-04T11:31:38+00:00","dateModified":"2022-07-15T08:55:58+00:00","breadcrumb":{"@id":"https:\/\/lghealthisystems.eu\/it\/chi-siamo\/#breadcrumb"},"inLanguage":"it-IT","potentialAction":[{"@type":"ReadAction","target":["https:\/\/lghealthisystems.eu\/it\/chi-siamo\/"]}]},{"@type":"ImageObject","inLanguage":"it-IT","@id":"https:\/\/lghealthisystems.eu\/it\/chi-siamo\/#primaryimage","url":"https:\/\/lghealthisystems.eu\/wp-content\/uploads\/2022\/05\/osmosis-inversa-domestica-sobre-nosotros-1.jpg","contentUrl":"https:\/\/lghealthisystems.eu\/wp-content\/uploads\/2022\/05\/osmosis-inversa-domestica-sobre-nosotros-1.jpg"},{"@type":"BreadcrumbList","@id":"https:\/\/lghealthisystems.eu\/it\/chi-siamo\/#breadcrumb","itemListElement":[{"@type":"ListItem","position":1,"name":"Portada","item":"https:\/\/lghealthisystems.eu\/"},{"@type":"ListItem","position":2,"name":"Chi siamo"}]},{"@type":"WebSite","@id":"https:\/\/lghealthisystems.eu\/#website","url":"https:\/\/lghealthisystems.eu\/","name":"LG Health iSystems","description":"Purifica tu agua de grifo en 3 segundos con nuestra m\u00e1quina de \u00f3smosis inversa dom\u00e9stica. \u00a1Capaz de eliminar todos los elementos t\u00f3xicos presentes en el agua!","publisher":{"@id":"https:\/\/lghealthisystems.eu\/#organization"},"potentialAction":[{"@type":"SearchAction","target":{"@type":"EntryPoint","urlTemplate":"https:\/\/lghealthisystems.eu\/?s={search_term_string}"},"query-input":{"@type":"PropertyValueSpecification","valueRequired":true,"valueName":"search_term_string"}}],"inLanguage":"it-IT"},{"@type":"Organization","@id":"https:\/\/lghealthisystems.eu\/#organization","name":"Lg Health iSystems","url":"https:\/\/lghealthisystems.eu\/","logo":{"@type":"ImageObject","inLanguage":"it-IT","@id":"https:\/\/lghealthisystems.eu\/#\/schema\/logo\/image\/","url":"https:\/\/lghealthisystems.eu\/wp-content\/uploads\/2022\/05\/Logo-Health-i_systems-dorado.png","contentUrl":"https:\/\/lghealthisystems.eu\/wp-content\/uploads\/2022\/05\/Logo-Health-i_systems-dorado.png","width":1123,"height":339,"caption":"Lg Health iSystems"},"image":{"@id":"https:\/\/lghealthisystems.eu\/#\/schema\/logo\/image\/"}}]}},"_links":{"self":[{"href":"https:\/\/lghealthisystems.eu\/it\/wp-json\/wp\/v2\/pages\/10794","targetHints":{"allow":["GET"]}}],"collection":[{"href":"https:\/\/lghealthisystems.eu\/it\/wp-json\/wp\/v2\/pages"}],"about":[{"href":"https:\/\/lghealthisystems.eu\/it\/wp-json\/wp\/v2\/types\/page"}],"author":[{"embeddable":true,"href":"https:\/\/lghealthisystems.eu\/it\/wp-json\/wp\/v2\/users\/1"}],"replies":[{"embeddable":true,"href":"https:\/\/lghealthisystems.eu\/it\/wp-json\/wp\/v2\/comments?post=10794"}],"version-history":[{"count":0,"href":"https:\/\/lghealthisystems.eu\/it\/wp-json\/wp\/v2\/pages\/10794\/revisions"}],"wp:attachment":[{"href":"https:\/\/lghealthisystems.eu\/it\/wp-json\/wp\/v2\/media?parent=10794"}],"curies":[{"name":"wp","href":"https:\/\/api.w.org\/{rel}","templated":true}]}}