{"id":11045,"date":"2022-05-16T13:36:06","date_gmt":"2022-05-16T12:36:06","guid":{"rendered":"https:\/\/lghealthisystems.eu\/producto\/confezioni-da-3-filtri-pac-cf-ro-per-osmosi-inversa-domestica\/"},"modified":"2026-02-27T22:05:15","modified_gmt":"2026-02-27T21:05:15","slug":"confezioni-da-3-filtri-pac-cf-ro-per-osmosi-inversa-domestica","status":"publish","type":"product","link":"https:\/\/lghealthisystems.eu\/it\/producto\/confezioni-da-3-filtri-pac-cf-ro-per-osmosi-inversa-domestica\/","title":{"rendered":"Confezioni da 3 filtri (PAC | CF | RO) per osmosi inversa domestica"},"content":{"rendered":"","protected":false},"excerpt":{"rendered":"<p>Il nostro pacchetto di 3 filtri (PAC, CF e RO) per la nostra macchina ad osmosi inversa domestica \u00e8 in grado di rimuovere impurit\u00e0 come sedimenti, solidi sospesi, ruggine, cloro residuo e una moltitudine di agenti patogeni. Inoltre, rimuove i colori sgradevoli dall&#8217;acqua e assorbe i sapori e gli odori sgradevoli dall&#8217;acqua.<\/p>\n<p><strong>Filtri disponibili<\/strong>: CF | PAC | RO<\/p>\n<p><strong>Durata<\/strong>: 24 mesi (a seconda dell&#8217;uso e della durezza dell&#8217;acqua)<\/p>\n","protected":false},"featured_media":12047,"comment_status":"open","ping_status":"closed","template":"","meta":[],"product_brand":[],"product_cat":[140],"product_tag":[],"class_list":{"0":"post-11045","1":"product","2":"type-product","3":"status-publish","4":"has-post-thumbnail","6":"product_cat-accessori","8":"first","9":"outofstock","10":"sale","11":"taxable","12":"shipping-taxable","13":"purchasable","14":"product-type-simple"},"yoast_head":"<!-- This site is optimized with the Yoast SEO plugin v27.3 - https:\/\/yoast.com\/product\/yoast-seo-wordpress\/ -->\n<title>Confezioni da 3 filtri (PAC | CF | RO) per osmosi inversa domestica - LG Health iSystems<\/title>\n<meta name=\"robots\" content=\"index, follow, max-snippet:-1, max-image-preview:large, max-video-preview:-1\" \/>\n<link rel=\"canonical\" href=\"https:\/\/lghealthisystems.eu\/?post_type=product&p=8941\" \/>\n<meta property=\"og:locale\" content=\"it_IT\" \/>\n<meta property=\"og:type\" content=\"article\" \/>\n<meta property=\"og:title\" content=\"Confezioni da 3 filtri (PAC | CF | RO) per osmosi inversa domestica - LG Health iSystems\" \/>\n<meta property=\"og:description\" content=\"Il nostro pacchetto di 3 filtri (PAC, CF e RO) per la nostra macchina ad osmosi inversa domestica \u00e8 in grado di rimuovere impurit\u00e0 come sedimenti, solidi sospesi, ruggine, cloro residuo e una moltitudine di agenti patogeni. Inoltre, rimuove i colori sgradevoli dall&#039;acqua e assorbe i sapori e gli odori sgradevoli dall&#039;acqua.  Filtri disponibili: CF | PAC | RO  Durata: 24 mesi (a seconda dell&#039;uso e della durezza dell&#039;acqua)\" \/>\n<meta property=\"og:url\" content=\"https:\/\/lghealthisystems.eu\/?post_type=product&amp;p=8941\" \/>\n<meta property=\"og:site_name\" content=\"LG Health iSystems\" \/>\n<meta property=\"article:modified_time\" content=\"2026-02-27T21:05:15+00:00\" \/>\n<meta property=\"og:image\" content=\"https:\/\/lghealthisystems.eu\/wp-content\/uploads\/2022\/05\/pack-3-fitros-remineralizacion-agua-osmosis-pac-cf-ro-1.webp\" \/>\n\t<meta property=\"og:image:width\" content=\"1000\" \/>\n\t<meta property=\"og:image:height\" content=\"1000\" \/>\n\t<meta property=\"og:image:type\" content=\"image\/webp\" \/>\n<meta name=\"twitter:card\" content=\"summary_large_image\" \/>\n<script type=\"application\/ld+json\" class=\"yoast-schema-graph\">{\"@context\":\"https:\\\/\\\/schema.org\",\"@graph\":[{\"@type\":\"WebPage\",\"@id\":\"https:\\\/\\\/lghealthisystems.eu\\\/?post_type=product&p=8941\",\"url\":\"https:\\\/\\\/lghealthisystems.eu\\\/?post_type=product&p=8941\",\"name\":\"Confezioni da 3 filtri (PAC | CF | RO) per osmosi inversa domestica - LG Health iSystems\",\"isPartOf\":{\"@id\":\"https:\\\/\\\/lghealthisystems.eu\\\/#website\"},\"primaryImageOfPage\":{\"@id\":\"https:\\\/\\\/lghealthisystems.eu\\\/?post_type=product&p=8941#primaryimage\"},\"image\":{\"@id\":\"https:\\\/\\\/lghealthisystems.eu\\\/?post_type=product&p=8941#primaryimage\"},\"thumbnailUrl\":\"https:\\\/\\\/lghealthisystems.eu\\\/wp-content\\\/uploads\\\/2022\\\/05\\\/pack-3-fitros-remineralizacion-agua-osmosis-pac-cf-ro-1.webp\",\"datePublished\":\"2022-05-16T12:36:06+00:00\",\"dateModified\":\"2026-02-27T21:05:15+00:00\",\"breadcrumb\":{\"@id\":\"https:\\\/\\\/lghealthisystems.eu\\\/?post_type=product&p=8941#breadcrumb\"},\"inLanguage\":\"it-IT\",\"potentialAction\":[{\"@type\":\"ReadAction\",\"target\":[\"https:\\\/\\\/lghealthisystems.eu\\\/?post_type=product&p=8941\"]}]},{\"@type\":\"ImageObject\",\"inLanguage\":\"it-IT\",\"@id\":\"https:\\\/\\\/lghealthisystems.eu\\\/?post_type=product&p=8941#primaryimage\",\"url\":\"https:\\\/\\\/lghealthisystems.eu\\\/wp-content\\\/uploads\\\/2022\\\/05\\\/pack-3-fitros-remineralizacion-agua-osmosis-pac-cf-ro-1.webp\",\"contentUrl\":\"https:\\\/\\\/lghealthisystems.eu\\\/wp-content\\\/uploads\\\/2022\\\/05\\\/pack-3-fitros-remineralizacion-agua-osmosis-pac-cf-ro-1.webp\",\"width\":1000,\"height\":1000,\"caption\":\"Pack de 3 filtros para \u00d3smosis Inversa Dom\u00e9stica. Mayor Remineralizaci\u00f3n del Agua. Elimina T\u00f3xicos como el Fl\u00faor, Metales Pesados y Glifosato.\"},{\"@type\":\"BreadcrumbList\",\"@id\":\"https:\\\/\\\/lghealthisystems.eu\\\/?post_type=product&p=8941#breadcrumb\",\"itemListElement\":[{\"@type\":\"ListItem\",\"position\":1,\"name\":\"Portada\",\"item\":\"https:\\\/\\\/lghealthisystems.eu\\\/\"},{\"@type\":\"ListItem\",\"position\":2,\"name\":\"Negozio online\",\"item\":\"https:\\\/\\\/lghealthisystems.eu\\\/it\\\/negozio-online\\\/\"},{\"@type\":\"ListItem\",\"position\":3,\"name\":\"Confezioni da 3 filtri (PAC | CF | RO) per osmosi inversa domestica\"}]},{\"@type\":\"WebSite\",\"@id\":\"https:\\\/\\\/lghealthisystems.eu\\\/#website\",\"url\":\"https:\\\/\\\/lghealthisystems.eu\\\/\",\"name\":\"LG Health iSystems\",\"description\":\"Purifica tu agua de grifo en 3 segundos con nuestra m\u00e1quina de \u00f3smosis inversa dom\u00e9stica. \u00a1Capaz de eliminar todos los elementos t\u00f3xicos presentes en el agua!\",\"publisher\":{\"@id\":\"https:\\\/\\\/lghealthisystems.eu\\\/#organization\"},\"potentialAction\":[{\"@type\":\"SearchAction\",\"target\":{\"@type\":\"EntryPoint\",\"urlTemplate\":\"https:\\\/\\\/lghealthisystems.eu\\\/?s={search_term_string}\"},\"query-input\":{\"@type\":\"PropertyValueSpecification\",\"valueRequired\":true,\"valueName\":\"search_term_string\"}}],\"inLanguage\":\"it-IT\"},{\"@type\":\"Organization\",\"@id\":\"https:\\\/\\\/lghealthisystems.eu\\\/#organization\",\"name\":\"Lg Health iSystems\",\"url\":\"https:\\\/\\\/lghealthisystems.eu\\\/\",\"logo\":{\"@type\":\"ImageObject\",\"inLanguage\":\"it-IT\",\"@id\":\"https:\\\/\\\/lghealthisystems.eu\\\/#\\\/schema\\\/logo\\\/image\\\/\",\"url\":\"https:\\\/\\\/lghealthisystems.eu\\\/wp-content\\\/uploads\\\/2022\\\/05\\\/Logo-Health-i_systems-dorado.png\",\"contentUrl\":\"https:\\\/\\\/lghealthisystems.eu\\\/wp-content\\\/uploads\\\/2022\\\/05\\\/Logo-Health-i_systems-dorado.png\",\"width\":1123,\"height\":339,\"caption\":\"Lg Health iSystems\"},\"image\":{\"@id\":\"https:\\\/\\\/lghealthisystems.eu\\\/#\\\/schema\\\/logo\\\/image\\\/\"}}]}<\/script>\n<!-- \/ Yoast SEO plugin. -->","yoast_head_json":{"title":"Confezioni da 3 filtri (PAC | CF | RO) per osmosi inversa domestica - LG Health iSystems","robots":{"index":"index","follow":"follow","max-snippet":"max-snippet:-1","max-image-preview":"max-image-preview:large","max-video-preview":"max-video-preview:-1"},"canonical":"https:\/\/lghealthisystems.eu\/?post_type=product&p=8941","og_locale":"it_IT","og_type":"article","og_title":"Confezioni da 3 filtri (PAC | CF | RO) per osmosi inversa domestica - LG Health iSystems","og_description":"Il nostro pacchetto di 3 filtri (PAC, CF e RO) per la nostra macchina ad osmosi inversa domestica \u00e8 in grado di rimuovere impurit\u00e0 come sedimenti, solidi sospesi, ruggine, cloro residuo e una moltitudine di agenti patogeni. Inoltre, rimuove i colori sgradevoli dall'acqua e assorbe i sapori e gli odori sgradevoli dall'acqua.  Filtri disponibili: CF | PAC | RO  Durata: 24 mesi (a seconda dell'uso e della durezza dell'acqua)","og_url":"https:\/\/lghealthisystems.eu\/?post_type=product&p=8941","og_site_name":"LG Health iSystems","article_modified_time":"2026-02-27T21:05:15+00:00","og_image":[{"width":1000,"height":1000,"url":"https:\/\/lghealthisystems.eu\/wp-content\/uploads\/2022\/05\/pack-3-fitros-remineralizacion-agua-osmosis-pac-cf-ro-1.webp","type":"image\/webp"}],"twitter_card":"summary_large_image","schema":{"@context":"https:\/\/schema.org","@graph":[{"@type":"WebPage","@id":"https:\/\/lghealthisystems.eu\/?post_type=product&p=8941","url":"https:\/\/lghealthisystems.eu\/?post_type=product&p=8941","name":"Confezioni da 3 filtri (PAC | CF | RO) per osmosi inversa domestica - LG Health iSystems","isPartOf":{"@id":"https:\/\/lghealthisystems.eu\/#website"},"primaryImageOfPage":{"@id":"https:\/\/lghealthisystems.eu\/?post_type=product&p=8941#primaryimage"},"image":{"@id":"https:\/\/lghealthisystems.eu\/?post_type=product&p=8941#primaryimage"},"thumbnailUrl":"https:\/\/lghealthisystems.eu\/wp-content\/uploads\/2022\/05\/pack-3-fitros-remineralizacion-agua-osmosis-pac-cf-ro-1.webp","datePublished":"2022-05-16T12:36:06+00:00","dateModified":"2026-02-27T21:05:15+00:00","breadcrumb":{"@id":"https:\/\/lghealthisystems.eu\/?post_type=product&p=8941#breadcrumb"},"inLanguage":"it-IT","potentialAction":[{"@type":"ReadAction","target":["https:\/\/lghealthisystems.eu\/?post_type=product&p=8941"]}]},{"@type":"ImageObject","inLanguage":"it-IT","@id":"https:\/\/lghealthisystems.eu\/?post_type=product&p=8941#primaryimage","url":"https:\/\/lghealthisystems.eu\/wp-content\/uploads\/2022\/05\/pack-3-fitros-remineralizacion-agua-osmosis-pac-cf-ro-1.webp","contentUrl":"https:\/\/lghealthisystems.eu\/wp-content\/uploads\/2022\/05\/pack-3-fitros-remineralizacion-agua-osmosis-pac-cf-ro-1.webp","width":1000,"height":1000,"caption":"Pack de 3 filtros para \u00d3smosis Inversa Dom\u00e9stica. Mayor Remineralizaci\u00f3n del Agua. Elimina T\u00f3xicos como el Fl\u00faor, Metales Pesados y Glifosato."},{"@type":"BreadcrumbList","@id":"https:\/\/lghealthisystems.eu\/?post_type=product&p=8941#breadcrumb","itemListElement":[{"@type":"ListItem","position":1,"name":"Portada","item":"https:\/\/lghealthisystems.eu\/"},{"@type":"ListItem","position":2,"name":"Negozio online","item":"https:\/\/lghealthisystems.eu\/it\/negozio-online\/"},{"@type":"ListItem","position":3,"name":"Confezioni da 3 filtri (PAC | CF | RO) per osmosi inversa domestica"}]},{"@type":"WebSite","@id":"https:\/\/lghealthisystems.eu\/#website","url":"https:\/\/lghealthisystems.eu\/","name":"LG Health iSystems","description":"Purifica tu agua de grifo en 3 segundos con nuestra m\u00e1quina de \u00f3smosis inversa dom\u00e9stica. \u00a1Capaz de eliminar todos los elementos t\u00f3xicos presentes en el agua!","publisher":{"@id":"https:\/\/lghealthisystems.eu\/#organization"},"potentialAction":[{"@type":"SearchAction","target":{"@type":"EntryPoint","urlTemplate":"https:\/\/lghealthisystems.eu\/?s={search_term_string}"},"query-input":{"@type":"PropertyValueSpecification","valueRequired":true,"valueName":"search_term_string"}}],"inLanguage":"it-IT"},{"@type":"Organization","@id":"https:\/\/lghealthisystems.eu\/#organization","name":"Lg Health iSystems","url":"https:\/\/lghealthisystems.eu\/","logo":{"@type":"ImageObject","inLanguage":"it-IT","@id":"https:\/\/lghealthisystems.eu\/#\/schema\/logo\/image\/","url":"https:\/\/lghealthisystems.eu\/wp-content\/uploads\/2022\/05\/Logo-Health-i_systems-dorado.png","contentUrl":"https:\/\/lghealthisystems.eu\/wp-content\/uploads\/2022\/05\/Logo-Health-i_systems-dorado.png","width":1123,"height":339,"caption":"Lg Health iSystems"},"image":{"@id":"https:\/\/lghealthisystems.eu\/#\/schema\/logo\/image\/"}}]}},"_links":{"self":[{"href":"https:\/\/lghealthisystems.eu\/it\/wp-json\/wp\/v2\/product\/11045","targetHints":{"allow":["GET"]}}],"collection":[{"href":"https:\/\/lghealthisystems.eu\/it\/wp-json\/wp\/v2\/product"}],"about":[{"href":"https:\/\/lghealthisystems.eu\/it\/wp-json\/wp\/v2\/types\/product"}],"replies":[{"embeddable":true,"href":"https:\/\/lghealthisystems.eu\/it\/wp-json\/wp\/v2\/comments?post=11045"}],"version-history":[{"count":1,"href":"https:\/\/lghealthisystems.eu\/it\/wp-json\/wp\/v2\/product\/11045\/revisions"}],"predecessor-version":[{"id":12481,"href":"https:\/\/lghealthisystems.eu\/it\/wp-json\/wp\/v2\/product\/11045\/revisions\/12481"}],"wp:featuredmedia":[{"embeddable":true,"href":"https:\/\/lghealthisystems.eu\/it\/wp-json\/wp\/v2\/media\/12047"}],"wp:attachment":[{"href":"https:\/\/lghealthisystems.eu\/it\/wp-json\/wp\/v2\/media?parent=11045"}],"wp:term":[{"taxonomy":"product_brand","embeddable":true,"href":"https:\/\/lghealthisystems.eu\/it\/wp-json\/wp\/v2\/product_brand?post=11045"},{"taxonomy":"product_cat","embeddable":true,"href":"https:\/\/lghealthisystems.eu\/it\/wp-json\/wp\/v2\/product_cat?post=11045"},{"taxonomy":"product_tag","embeddable":true,"href":"https:\/\/lghealthisystems.eu\/it\/wp-json\/wp\/v2\/product_tag?post=11045"}],"curies":[{"name":"wp","href":"https:\/\/api.w.org\/{rel}","templated":true}]}}