{"id":11649,"date":"2022-11-21T14:19:07","date_gmt":"2022-11-21T13:19:07","guid":{"rendered":"https:\/\/lghealthisystems.eu\/producto\/detoxsil-diossido-di-silicio-30-ml\/"},"modified":"2024-11-11T12:50:24","modified_gmt":"2024-11-11T11:50:24","slug":"detoxsil-diossido-di-silicio-30-ml","status":"publish","type":"product","link":"https:\/\/lghealthisystems.eu\/it\/producto\/detoxsil-diossido-di-silicio-30-ml\/","title":{"rendered":"DetoxSil &#8211; Diossido di silicio &#8211; 30 ml"},"content":{"rendered":"","protected":false},"excerpt":{"rendered":"<p>DetoxSil di NaturalPharma Labs \u00e8 un prodotto realizzato secondo i pi\u00f9 alti standard di qualit\u00e0, la cui funzione \u00e8 quella di prevenire l&#8217;accumulo di diverse tossine nel nostro organismo, come alluminio, mercurio e altri metalli pesanti. In questo modo, DetoxSil, o biossido di silicio, aiuta il nostro organismo a svolgere una funzione detox.<\/p>\n<p><strong>I benefici di DetoxSil:<\/strong><\/p>\n<ul>\n<li>Aiuta il nostro organismo a <strong>eliminare i metalli pesanti<\/strong>.<\/li>\n<li>Favorisce la <strong>formazione di collagene<\/strong>, migliorando la salute di pelle, capelli e unghie.<\/li>\n<li>Contribuisce al corretto funzionamento e alla <strong>rigenerazione del sistema osseo<\/strong>.<\/li>\n<li>Migliora la <strong>densit\u00e0 minerale ossea<\/strong>.<\/li>\n<\/ul>\n<p><strong>Come gestirlo?<\/strong><\/p>\n<p>Aggiungere a \u00bd bicchiere d&#8217;acqua o di succo d&#8217;arancia. Assumere preferibilmente mezz&#8217;ora prima o 2 ore dopo aver mangiato.<\/p>\n<p><strong>Dose giornaliera raccomandata<\/strong>: 5 gocce al giorno.<\/p>\n<p><strong>Integratore alimentare composto da biossido di silicio per garantire la corretta salute dell&#8217;organismo e la disintossicazione dai metalli pesanti. 100% vegano, senza glutine, senza zucchero, senza conservanti, senza additivi n\u00e9 aromi artificiali. Non OGM. Confezione senza BPA e riciclabile.<\/strong><\/p>\n","protected":false},"featured_media":11592,"comment_status":"open","ping_status":"closed","template":"","meta":[],"product_brand":[],"product_cat":[140],"product_tag":[],"class_list":{"0":"post-11649","1":"product","2":"type-product","3":"status-publish","4":"has-post-thumbnail","6":"product_cat-accessori","8":"first","9":"outofstock","10":"taxable","11":"shipping-taxable","12":"purchasable","13":"product-type-simple"},"yoast_head":"<!-- This site is optimized with the Yoast SEO plugin v27.3 - https:\/\/yoast.com\/product\/yoast-seo-wordpress\/ -->\n<title>DetoxSil - Diossido di silicio - 30 ml - NaturalPharma<\/title>\n<meta name=\"description\" content=\"DetoxSil \u00e8 un integratore alimentare la cui funzione \u00e8 quella di prevenire l&#039;accumulo di tossine nell&#039;organismo, come l&#039;alluminio e altri metalli pesanti.\" \/>\n<meta name=\"robots\" content=\"index, follow, max-snippet:-1, max-image-preview:large, max-video-preview:-1\" \/>\n<link rel=\"canonical\" href=\"https:\/\/lghealthisystems.eu\/?post_type=product&p=11565\" \/>\n<meta property=\"og:locale\" content=\"it_IT\" \/>\n<meta property=\"og:type\" content=\"article\" \/>\n<meta property=\"og:title\" content=\"DetoxSil - Diossido di silicio - 30 ml - NaturalPharma\" \/>\n<meta property=\"og:description\" content=\"DetoxSil \u00e8 un integratore alimentare la cui funzione \u00e8 quella di prevenire l&#039;accumulo di tossine nell&#039;organismo, come l&#039;alluminio e altri metalli pesanti.\" \/>\n<meta property=\"og:url\" content=\"https:\/\/lghealthisystems.eu\/?post_type=product&amp;p=11565\" \/>\n<meta property=\"og:site_name\" content=\"LG Health iSystems\" \/>\n<meta property=\"article:modified_time\" content=\"2024-11-11T11:50:24+00:00\" \/>\n<meta property=\"og:image\" content=\"https:\/\/lghealthisystems.eu\/wp-content\/uploads\/2022\/11\/Detoxil-dioxido-silicio-elimina-metales-pesados.jpg\" \/>\n\t<meta property=\"og:image:width\" content=\"2000\" \/>\n\t<meta property=\"og:image:height\" content=\"2000\" \/>\n\t<meta property=\"og:image:type\" content=\"image\/jpeg\" \/>\n<meta name=\"twitter:card\" content=\"summary_large_image\" \/>\n<script type=\"application\/ld+json\" class=\"yoast-schema-graph\">{\"@context\":\"https:\\\/\\\/schema.org\",\"@graph\":[{\"@type\":\"WebPage\",\"@id\":\"https:\\\/\\\/lghealthisystems.eu\\\/?post_type=product&p=11565\",\"url\":\"https:\\\/\\\/lghealthisystems.eu\\\/?post_type=product&p=11565\",\"name\":\"DetoxSil - Diossido di silicio - 30 ml - NaturalPharma\",\"isPartOf\":{\"@id\":\"https:\\\/\\\/lghealthisystems.eu\\\/#website\"},\"primaryImageOfPage\":{\"@id\":\"https:\\\/\\\/lghealthisystems.eu\\\/?post_type=product&p=11565#primaryimage\"},\"image\":{\"@id\":\"https:\\\/\\\/lghealthisystems.eu\\\/?post_type=product&p=11565#primaryimage\"},\"thumbnailUrl\":\"https:\\\/\\\/lghealthisystems.eu\\\/wp-content\\\/uploads\\\/2022\\\/11\\\/Detoxil-dioxido-silicio-elimina-metales-pesados.jpg\",\"datePublished\":\"2022-11-21T13:19:07+00:00\",\"dateModified\":\"2024-11-11T11:50:24+00:00\",\"description\":\"DetoxSil \u00e8 un integratore alimentare la cui funzione \u00e8 quella di prevenire l'accumulo di tossine nell'organismo, come l'alluminio e altri metalli pesanti.\",\"breadcrumb\":{\"@id\":\"https:\\\/\\\/lghealthisystems.eu\\\/?post_type=product&p=11565#breadcrumb\"},\"inLanguage\":\"it-IT\",\"potentialAction\":[{\"@type\":\"ReadAction\",\"target\":[\"https:\\\/\\\/lghealthisystems.eu\\\/?post_type=product&p=11565\"]}]},{\"@type\":\"ImageObject\",\"inLanguage\":\"it-IT\",\"@id\":\"https:\\\/\\\/lghealthisystems.eu\\\/?post_type=product&p=11565#primaryimage\",\"url\":\"https:\\\/\\\/lghealthisystems.eu\\\/wp-content\\\/uploads\\\/2022\\\/11\\\/Detoxil-dioxido-silicio-elimina-metales-pesados.jpg\",\"contentUrl\":\"https:\\\/\\\/lghealthisystems.eu\\\/wp-content\\\/uploads\\\/2022\\\/11\\\/Detoxil-dioxido-silicio-elimina-metales-pesados.jpg\",\"width\":2000,\"height\":2000,\"caption\":\"DetoxSil, elimina metalli pesanti\"},{\"@type\":\"BreadcrumbList\",\"@id\":\"https:\\\/\\\/lghealthisystems.eu\\\/?post_type=product&p=11565#breadcrumb\",\"itemListElement\":[{\"@type\":\"ListItem\",\"position\":1,\"name\":\"Portada\",\"item\":\"https:\\\/\\\/lghealthisystems.eu\\\/\"},{\"@type\":\"ListItem\",\"position\":2,\"name\":\"Negozio online\",\"item\":\"https:\\\/\\\/lghealthisystems.eu\\\/it\\\/negozio-online\\\/\"},{\"@type\":\"ListItem\",\"position\":3,\"name\":\"DetoxSil &#8211; Diossido di silicio &#8211; 30 ml\"}]},{\"@type\":\"WebSite\",\"@id\":\"https:\\\/\\\/lghealthisystems.eu\\\/#website\",\"url\":\"https:\\\/\\\/lghealthisystems.eu\\\/\",\"name\":\"LG Health iSystems\",\"description\":\"Purifica tu agua de grifo en 3 segundos con nuestra m\u00e1quina de \u00f3smosis inversa dom\u00e9stica. \u00a1Capaz de eliminar todos los elementos t\u00f3xicos presentes en el agua!\",\"publisher\":{\"@id\":\"https:\\\/\\\/lghealthisystems.eu\\\/#organization\"},\"potentialAction\":[{\"@type\":\"SearchAction\",\"target\":{\"@type\":\"EntryPoint\",\"urlTemplate\":\"https:\\\/\\\/lghealthisystems.eu\\\/?s={search_term_string}\"},\"query-input\":{\"@type\":\"PropertyValueSpecification\",\"valueRequired\":true,\"valueName\":\"search_term_string\"}}],\"inLanguage\":\"it-IT\"},{\"@type\":\"Organization\",\"@id\":\"https:\\\/\\\/lghealthisystems.eu\\\/#organization\",\"name\":\"Lg Health iSystems\",\"url\":\"https:\\\/\\\/lghealthisystems.eu\\\/\",\"logo\":{\"@type\":\"ImageObject\",\"inLanguage\":\"it-IT\",\"@id\":\"https:\\\/\\\/lghealthisystems.eu\\\/#\\\/schema\\\/logo\\\/image\\\/\",\"url\":\"https:\\\/\\\/lghealthisystems.eu\\\/wp-content\\\/uploads\\\/2022\\\/05\\\/Logo-Health-i_systems-dorado.png\",\"contentUrl\":\"https:\\\/\\\/lghealthisystems.eu\\\/wp-content\\\/uploads\\\/2022\\\/05\\\/Logo-Health-i_systems-dorado.png\",\"width\":1123,\"height\":339,\"caption\":\"Lg Health iSystems\"},\"image\":{\"@id\":\"https:\\\/\\\/lghealthisystems.eu\\\/#\\\/schema\\\/logo\\\/image\\\/\"}}]}<\/script>\n<!-- \/ Yoast SEO plugin. -->","yoast_head_json":{"title":"DetoxSil - Diossido di silicio - 30 ml - NaturalPharma","description":"DetoxSil \u00e8 un integratore alimentare la cui funzione \u00e8 quella di prevenire l'accumulo di tossine nell'organismo, come l'alluminio e altri metalli pesanti.","robots":{"index":"index","follow":"follow","max-snippet":"max-snippet:-1","max-image-preview":"max-image-preview:large","max-video-preview":"max-video-preview:-1"},"canonical":"https:\/\/lghealthisystems.eu\/?post_type=product&p=11565","og_locale":"it_IT","og_type":"article","og_title":"DetoxSil - Diossido di silicio - 30 ml - NaturalPharma","og_description":"DetoxSil \u00e8 un integratore alimentare la cui funzione \u00e8 quella di prevenire l'accumulo di tossine nell'organismo, come l'alluminio e altri metalli pesanti.","og_url":"https:\/\/lghealthisystems.eu\/?post_type=product&p=11565","og_site_name":"LG Health iSystems","article_modified_time":"2024-11-11T11:50:24+00:00","og_image":[{"width":2000,"height":2000,"url":"https:\/\/lghealthisystems.eu\/wp-content\/uploads\/2022\/11\/Detoxil-dioxido-silicio-elimina-metales-pesados.jpg","type":"image\/jpeg"}],"twitter_card":"summary_large_image","schema":{"@context":"https:\/\/schema.org","@graph":[{"@type":"WebPage","@id":"https:\/\/lghealthisystems.eu\/?post_type=product&p=11565","url":"https:\/\/lghealthisystems.eu\/?post_type=product&p=11565","name":"DetoxSil - Diossido di silicio - 30 ml - NaturalPharma","isPartOf":{"@id":"https:\/\/lghealthisystems.eu\/#website"},"primaryImageOfPage":{"@id":"https:\/\/lghealthisystems.eu\/?post_type=product&p=11565#primaryimage"},"image":{"@id":"https:\/\/lghealthisystems.eu\/?post_type=product&p=11565#primaryimage"},"thumbnailUrl":"https:\/\/lghealthisystems.eu\/wp-content\/uploads\/2022\/11\/Detoxil-dioxido-silicio-elimina-metales-pesados.jpg","datePublished":"2022-11-21T13:19:07+00:00","dateModified":"2024-11-11T11:50:24+00:00","description":"DetoxSil \u00e8 un integratore alimentare la cui funzione \u00e8 quella di prevenire l'accumulo di tossine nell'organismo, come l'alluminio e altri metalli pesanti.","breadcrumb":{"@id":"https:\/\/lghealthisystems.eu\/?post_type=product&p=11565#breadcrumb"},"inLanguage":"it-IT","potentialAction":[{"@type":"ReadAction","target":["https:\/\/lghealthisystems.eu\/?post_type=product&p=11565"]}]},{"@type":"ImageObject","inLanguage":"it-IT","@id":"https:\/\/lghealthisystems.eu\/?post_type=product&p=11565#primaryimage","url":"https:\/\/lghealthisystems.eu\/wp-content\/uploads\/2022\/11\/Detoxil-dioxido-silicio-elimina-metales-pesados.jpg","contentUrl":"https:\/\/lghealthisystems.eu\/wp-content\/uploads\/2022\/11\/Detoxil-dioxido-silicio-elimina-metales-pesados.jpg","width":2000,"height":2000,"caption":"DetoxSil, elimina metalli pesanti"},{"@type":"BreadcrumbList","@id":"https:\/\/lghealthisystems.eu\/?post_type=product&p=11565#breadcrumb","itemListElement":[{"@type":"ListItem","position":1,"name":"Portada","item":"https:\/\/lghealthisystems.eu\/"},{"@type":"ListItem","position":2,"name":"Negozio online","item":"https:\/\/lghealthisystems.eu\/it\/negozio-online\/"},{"@type":"ListItem","position":3,"name":"DetoxSil &#8211; Diossido di silicio &#8211; 30 ml"}]},{"@type":"WebSite","@id":"https:\/\/lghealthisystems.eu\/#website","url":"https:\/\/lghealthisystems.eu\/","name":"LG Health iSystems","description":"Purifica tu agua de grifo en 3 segundos con nuestra m\u00e1quina de \u00f3smosis inversa dom\u00e9stica. \u00a1Capaz de eliminar todos los elementos t\u00f3xicos presentes en el agua!","publisher":{"@id":"https:\/\/lghealthisystems.eu\/#organization"},"potentialAction":[{"@type":"SearchAction","target":{"@type":"EntryPoint","urlTemplate":"https:\/\/lghealthisystems.eu\/?s={search_term_string}"},"query-input":{"@type":"PropertyValueSpecification","valueRequired":true,"valueName":"search_term_string"}}],"inLanguage":"it-IT"},{"@type":"Organization","@id":"https:\/\/lghealthisystems.eu\/#organization","name":"Lg Health iSystems","url":"https:\/\/lghealthisystems.eu\/","logo":{"@type":"ImageObject","inLanguage":"it-IT","@id":"https:\/\/lghealthisystems.eu\/#\/schema\/logo\/image\/","url":"https:\/\/lghealthisystems.eu\/wp-content\/uploads\/2022\/05\/Logo-Health-i_systems-dorado.png","contentUrl":"https:\/\/lghealthisystems.eu\/wp-content\/uploads\/2022\/05\/Logo-Health-i_systems-dorado.png","width":1123,"height":339,"caption":"Lg Health iSystems"},"image":{"@id":"https:\/\/lghealthisystems.eu\/#\/schema\/logo\/image\/"}}]}},"_links":{"self":[{"href":"https:\/\/lghealthisystems.eu\/it\/wp-json\/wp\/v2\/product\/11649","targetHints":{"allow":["GET"]}}],"collection":[{"href":"https:\/\/lghealthisystems.eu\/it\/wp-json\/wp\/v2\/product"}],"about":[{"href":"https:\/\/lghealthisystems.eu\/it\/wp-json\/wp\/v2\/types\/product"}],"replies":[{"embeddable":true,"href":"https:\/\/lghealthisystems.eu\/it\/wp-json\/wp\/v2\/comments?post=11649"}],"version-history":[{"count":0,"href":"https:\/\/lghealthisystems.eu\/it\/wp-json\/wp\/v2\/product\/11649\/revisions"}],"wp:featuredmedia":[{"embeddable":true,"href":"https:\/\/lghealthisystems.eu\/it\/wp-json\/wp\/v2\/media\/11592"}],"wp:attachment":[{"href":"https:\/\/lghealthisystems.eu\/it\/wp-json\/wp\/v2\/media?parent=11649"}],"wp:term":[{"taxonomy":"product_brand","embeddable":true,"href":"https:\/\/lghealthisystems.eu\/it\/wp-json\/wp\/v2\/product_brand?post=11649"},{"taxonomy":"product_cat","embeddable":true,"href":"https:\/\/lghealthisystems.eu\/it\/wp-json\/wp\/v2\/product_cat?post=11649"},{"taxonomy":"product_tag","embeddable":true,"href":"https:\/\/lghealthisystems.eu\/it\/wp-json\/wp\/v2\/product_tag?post=11649"}],"curies":[{"name":"wp","href":"https:\/\/api.w.org\/{rel}","templated":true}]}}