{"id":12225,"date":"2023-09-27T06:43:39","date_gmt":"2023-09-27T05:43:39","guid":{"rendered":"https:\/\/lghealthisystems.eu\/?post_type=product&#038;p=12225"},"modified":"2025-07-04T15:40:16","modified_gmt":"2025-07-04T14:40:16","slug":"confezioni-da-2-filtri-pac-cf-per-osmosi-inversa-domestica","status":"publish","type":"product","link":"https:\/\/lghealthisystems.eu\/it\/producto\/confezioni-da-2-filtri-pac-cf-per-osmosi-inversa-domestica\/","title":{"rendered":"Confezione da 2 filtri (PAC | CF) per osmosi inversa domestica. Maggiore remineralizzazione. Rimuove le sostanze tossiche presenti nell&#8217;acqua, come fluoruro, metalli pesanti, glifosato e farmaci."},"content":{"rendered":"","protected":false},"excerpt":{"rendered":"<p>La nostra confezione di 2 filtri (PAC, CF) per la nostra macchina ad osmosi inversa domestica aiuta a rimuovere impurit\u00e0 come sedimenti, solidi sospesi, ruggine, cloro residuo e una moltitudine di agenti patogeni. Inoltre, rimuove i colori sgradevoli dall&#8217;acqua e assorbe i sapori e gli odori sgradevoli dall&#8217;acqua.<\/p>\n<p><strong>Filtri disponibili<\/strong>: CF | PAC<\/p>\n<p><strong>Durata<\/strong>: 6-12 mesi (a seconda dell&#8217;uso e della durezza dell&#8217;acqua)<\/p>\n","protected":false},"featured_media":12322,"comment_status":"open","ping_status":"closed","template":"","meta":[],"product_brand":[],"product_cat":[140],"product_tag":[],"class_list":{"0":"post-12225","1":"product","2":"type-product","3":"status-publish","4":"has-post-thumbnail","6":"product_cat-accessori","8":"first","9":"outofstock","10":"taxable","11":"shipping-taxable","12":"purchasable","13":"product-type-simple"},"yoast_head":"<!-- This site is optimized with the Yoast SEO plugin v27.3 - https:\/\/yoast.com\/product\/yoast-seo-wordpress\/ -->\n<title>Confezione da 2 filtri (PAC | CF) per osmosi inversa domestica. Maggiore remineralizzazione. Rimuove le sostanze tossiche presenti nell&#039;acqua, come fluoruro, metalli pesanti, glifosato e farmaci. - LG Health iSystems<\/title>\n<meta name=\"robots\" content=\"index, follow, max-snippet:-1, max-image-preview:large, max-video-preview:-1\" \/>\n<link rel=\"canonical\" href=\"https:\/\/lghealthisystems.eu\/?post_type=product&p=12221\" \/>\n<meta property=\"og:locale\" content=\"it_IT\" \/>\n<meta property=\"og:type\" content=\"article\" \/>\n<meta property=\"og:title\" content=\"Confezione da 2 filtri (PAC | CF) per osmosi inversa domestica. Maggiore remineralizzazione. Rimuove le sostanze tossiche presenti nell&#039;acqua, come fluoruro, metalli pesanti, glifosato e farmaci. - LG Health iSystems\" \/>\n<meta property=\"og:description\" content=\"La nostra confezione di 2 filtri (PAC, CF) per la nostra macchina ad osmosi inversa domestica aiuta a rimuovere impurit\u00e0 come sedimenti, solidi sospesi, ruggine, cloro residuo e una moltitudine di agenti patogeni. Inoltre, rimuove i colori sgradevoli dall&#039;acqua e assorbe i sapori e gli odori sgradevoli dall&#039;acqua.  Filtri disponibili: CF | PAC  Durata: 6-12 mesi (a seconda dell&#039;uso e della durezza dell&#039;acqua)\" \/>\n<meta property=\"og:url\" content=\"https:\/\/lghealthisystems.eu\/?post_type=product&amp;p=12221\" \/>\n<meta property=\"og:site_name\" content=\"LG Health iSystems\" \/>\n<meta property=\"article:modified_time\" content=\"2025-07-04T14:40:16+00:00\" \/>\n<meta property=\"og:image\" content=\"https:\/\/lghealthisystems.eu\/wp-content\/uploads\/2023\/09\/pack-2-filtros-12-meses-osmosis-agua-pura-lghealthisystems-2.jpg\" \/>\n\t<meta property=\"og:image:width\" content=\"1000\" \/>\n\t<meta property=\"og:image:height\" content=\"1000\" \/>\n\t<meta property=\"og:image:type\" content=\"image\/jpeg\" \/>\n<meta name=\"twitter:card\" content=\"summary_large_image\" \/>\n<script type=\"application\/ld+json\" class=\"yoast-schema-graph\">{\"@context\":\"https:\\\/\\\/schema.org\",\"@graph\":[{\"@type\":\"WebPage\",\"@id\":\"https:\\\/\\\/lghealthisystems.eu\\\/?post_type=product&p=12221\",\"url\":\"https:\\\/\\\/lghealthisystems.eu\\\/?post_type=product&p=12221\",\"name\":\"Confezione da 2 filtri (PAC | CF) per osmosi inversa domestica. Maggiore remineralizzazione. Rimuove le sostanze tossiche presenti nell'acqua, come fluoruro, metalli pesanti, glifosato e farmaci. - LG Health iSystems\",\"isPartOf\":{\"@id\":\"https:\\\/\\\/lghealthisystems.eu\\\/#website\"},\"primaryImageOfPage\":{\"@id\":\"https:\\\/\\\/lghealthisystems.eu\\\/?post_type=product&p=12221#primaryimage\"},\"image\":{\"@id\":\"https:\\\/\\\/lghealthisystems.eu\\\/?post_type=product&p=12221#primaryimage\"},\"thumbnailUrl\":\"https:\\\/\\\/lghealthisystems.eu\\\/wp-content\\\/uploads\\\/2023\\\/09\\\/pack-2-filtros-12-meses-osmosis-agua-pura-lghealthisystems-2.jpg\",\"datePublished\":\"2023-09-27T05:43:39+00:00\",\"dateModified\":\"2025-07-04T14:40:16+00:00\",\"breadcrumb\":{\"@id\":\"https:\\\/\\\/lghealthisystems.eu\\\/?post_type=product&p=12221#breadcrumb\"},\"inLanguage\":\"it-IT\",\"potentialAction\":[{\"@type\":\"ReadAction\",\"target\":[\"https:\\\/\\\/lghealthisystems.eu\\\/?post_type=product&p=12221\"]}]},{\"@type\":\"ImageObject\",\"inLanguage\":\"it-IT\",\"@id\":\"https:\\\/\\\/lghealthisystems.eu\\\/?post_type=product&p=12221#primaryimage\",\"url\":\"https:\\\/\\\/lghealthisystems.eu\\\/wp-content\\\/uploads\\\/2023\\\/09\\\/pack-2-filtros-12-meses-osmosis-agua-pura-lghealthisystems-2.jpg\",\"contentUrl\":\"https:\\\/\\\/lghealthisystems.eu\\\/wp-content\\\/uploads\\\/2023\\\/09\\\/pack-2-filtros-12-meses-osmosis-agua-pura-lghealthisystems-2.jpg\",\"width\":1000,\"height\":1000},{\"@type\":\"BreadcrumbList\",\"@id\":\"https:\\\/\\\/lghealthisystems.eu\\\/?post_type=product&p=12221#breadcrumb\",\"itemListElement\":[{\"@type\":\"ListItem\",\"position\":1,\"name\":\"Portada\",\"item\":\"https:\\\/\\\/lghealthisystems.eu\\\/\"},{\"@type\":\"ListItem\",\"position\":2,\"name\":\"Negozio online\",\"item\":\"https:\\\/\\\/lghealthisystems.eu\\\/it\\\/negozio-online\\\/\"},{\"@type\":\"ListItem\",\"position\":3,\"name\":\"Confezione da 2 filtri (PAC | CF) per osmosi inversa domestica. Maggiore remineralizzazione. Rimuove le sostanze tossiche presenti nell&#8217;acqua, come fluoruro, metalli pesanti, glifosato e farmaci.\"}]},{\"@type\":\"WebSite\",\"@id\":\"https:\\\/\\\/lghealthisystems.eu\\\/#website\",\"url\":\"https:\\\/\\\/lghealthisystems.eu\\\/\",\"name\":\"LG Health iSystems\",\"description\":\"Purifica tu agua de grifo en 3 segundos con nuestra m\u00e1quina de \u00f3smosis inversa dom\u00e9stica. \u00a1Capaz de eliminar todos los elementos t\u00f3xicos presentes en el agua!\",\"publisher\":{\"@id\":\"https:\\\/\\\/lghealthisystems.eu\\\/#organization\"},\"potentialAction\":[{\"@type\":\"SearchAction\",\"target\":{\"@type\":\"EntryPoint\",\"urlTemplate\":\"https:\\\/\\\/lghealthisystems.eu\\\/?s={search_term_string}\"},\"query-input\":{\"@type\":\"PropertyValueSpecification\",\"valueRequired\":true,\"valueName\":\"search_term_string\"}}],\"inLanguage\":\"it-IT\"},{\"@type\":\"Organization\",\"@id\":\"https:\\\/\\\/lghealthisystems.eu\\\/#organization\",\"name\":\"Lg Health iSystems\",\"url\":\"https:\\\/\\\/lghealthisystems.eu\\\/\",\"logo\":{\"@type\":\"ImageObject\",\"inLanguage\":\"it-IT\",\"@id\":\"https:\\\/\\\/lghealthisystems.eu\\\/#\\\/schema\\\/logo\\\/image\\\/\",\"url\":\"https:\\\/\\\/lghealthisystems.eu\\\/wp-content\\\/uploads\\\/2022\\\/05\\\/Logo-Health-i_systems-dorado.png\",\"contentUrl\":\"https:\\\/\\\/lghealthisystems.eu\\\/wp-content\\\/uploads\\\/2022\\\/05\\\/Logo-Health-i_systems-dorado.png\",\"width\":1123,\"height\":339,\"caption\":\"Lg Health iSystems\"},\"image\":{\"@id\":\"https:\\\/\\\/lghealthisystems.eu\\\/#\\\/schema\\\/logo\\\/image\\\/\"}}]}<\/script>\n<!-- \/ Yoast SEO plugin. -->","yoast_head_json":{"title":"Confezione da 2 filtri (PAC | CF) per osmosi inversa domestica. Maggiore remineralizzazione. Rimuove le sostanze tossiche presenti nell'acqua, come fluoruro, metalli pesanti, glifosato e farmaci. - LG Health iSystems","robots":{"index":"index","follow":"follow","max-snippet":"max-snippet:-1","max-image-preview":"max-image-preview:large","max-video-preview":"max-video-preview:-1"},"canonical":"https:\/\/lghealthisystems.eu\/?post_type=product&p=12221","og_locale":"it_IT","og_type":"article","og_title":"Confezione da 2 filtri (PAC | CF) per osmosi inversa domestica. Maggiore remineralizzazione. Rimuove le sostanze tossiche presenti nell'acqua, come fluoruro, metalli pesanti, glifosato e farmaci. - LG Health iSystems","og_description":"La nostra confezione di 2 filtri (PAC, CF) per la nostra macchina ad osmosi inversa domestica aiuta a rimuovere impurit\u00e0 come sedimenti, solidi sospesi, ruggine, cloro residuo e una moltitudine di agenti patogeni. Inoltre, rimuove i colori sgradevoli dall'acqua e assorbe i sapori e gli odori sgradevoli dall'acqua.  Filtri disponibili: CF | PAC  Durata: 6-12 mesi (a seconda dell'uso e della durezza dell'acqua)","og_url":"https:\/\/lghealthisystems.eu\/?post_type=product&p=12221","og_site_name":"LG Health iSystems","article_modified_time":"2025-07-04T14:40:16+00:00","og_image":[{"width":1000,"height":1000,"url":"https:\/\/lghealthisystems.eu\/wp-content\/uploads\/2023\/09\/pack-2-filtros-12-meses-osmosis-agua-pura-lghealthisystems-2.jpg","type":"image\/jpeg"}],"twitter_card":"summary_large_image","schema":{"@context":"https:\/\/schema.org","@graph":[{"@type":"WebPage","@id":"https:\/\/lghealthisystems.eu\/?post_type=product&p=12221","url":"https:\/\/lghealthisystems.eu\/?post_type=product&p=12221","name":"Confezione da 2 filtri (PAC | CF) per osmosi inversa domestica. Maggiore remineralizzazione. Rimuove le sostanze tossiche presenti nell'acqua, come fluoruro, metalli pesanti, glifosato e farmaci. - LG Health iSystems","isPartOf":{"@id":"https:\/\/lghealthisystems.eu\/#website"},"primaryImageOfPage":{"@id":"https:\/\/lghealthisystems.eu\/?post_type=product&p=12221#primaryimage"},"image":{"@id":"https:\/\/lghealthisystems.eu\/?post_type=product&p=12221#primaryimage"},"thumbnailUrl":"https:\/\/lghealthisystems.eu\/wp-content\/uploads\/2023\/09\/pack-2-filtros-12-meses-osmosis-agua-pura-lghealthisystems-2.jpg","datePublished":"2023-09-27T05:43:39+00:00","dateModified":"2025-07-04T14:40:16+00:00","breadcrumb":{"@id":"https:\/\/lghealthisystems.eu\/?post_type=product&p=12221#breadcrumb"},"inLanguage":"it-IT","potentialAction":[{"@type":"ReadAction","target":["https:\/\/lghealthisystems.eu\/?post_type=product&p=12221"]}]},{"@type":"ImageObject","inLanguage":"it-IT","@id":"https:\/\/lghealthisystems.eu\/?post_type=product&p=12221#primaryimage","url":"https:\/\/lghealthisystems.eu\/wp-content\/uploads\/2023\/09\/pack-2-filtros-12-meses-osmosis-agua-pura-lghealthisystems-2.jpg","contentUrl":"https:\/\/lghealthisystems.eu\/wp-content\/uploads\/2023\/09\/pack-2-filtros-12-meses-osmosis-agua-pura-lghealthisystems-2.jpg","width":1000,"height":1000},{"@type":"BreadcrumbList","@id":"https:\/\/lghealthisystems.eu\/?post_type=product&p=12221#breadcrumb","itemListElement":[{"@type":"ListItem","position":1,"name":"Portada","item":"https:\/\/lghealthisystems.eu\/"},{"@type":"ListItem","position":2,"name":"Negozio online","item":"https:\/\/lghealthisystems.eu\/it\/negozio-online\/"},{"@type":"ListItem","position":3,"name":"Confezione da 2 filtri (PAC | CF) per osmosi inversa domestica. Maggiore remineralizzazione. Rimuove le sostanze tossiche presenti nell&#8217;acqua, come fluoruro, metalli pesanti, glifosato e farmaci."}]},{"@type":"WebSite","@id":"https:\/\/lghealthisystems.eu\/#website","url":"https:\/\/lghealthisystems.eu\/","name":"LG Health iSystems","description":"Purifica tu agua de grifo en 3 segundos con nuestra m\u00e1quina de \u00f3smosis inversa dom\u00e9stica. \u00a1Capaz de eliminar todos los elementos t\u00f3xicos presentes en el agua!","publisher":{"@id":"https:\/\/lghealthisystems.eu\/#organization"},"potentialAction":[{"@type":"SearchAction","target":{"@type":"EntryPoint","urlTemplate":"https:\/\/lghealthisystems.eu\/?s={search_term_string}"},"query-input":{"@type":"PropertyValueSpecification","valueRequired":true,"valueName":"search_term_string"}}],"inLanguage":"it-IT"},{"@type":"Organization","@id":"https:\/\/lghealthisystems.eu\/#organization","name":"Lg Health iSystems","url":"https:\/\/lghealthisystems.eu\/","logo":{"@type":"ImageObject","inLanguage":"it-IT","@id":"https:\/\/lghealthisystems.eu\/#\/schema\/logo\/image\/","url":"https:\/\/lghealthisystems.eu\/wp-content\/uploads\/2022\/05\/Logo-Health-i_systems-dorado.png","contentUrl":"https:\/\/lghealthisystems.eu\/wp-content\/uploads\/2022\/05\/Logo-Health-i_systems-dorado.png","width":1123,"height":339,"caption":"Lg Health iSystems"},"image":{"@id":"https:\/\/lghealthisystems.eu\/#\/schema\/logo\/image\/"}}]}},"_links":{"self":[{"href":"https:\/\/lghealthisystems.eu\/it\/wp-json\/wp\/v2\/product\/12225","targetHints":{"allow":["GET"]}}],"collection":[{"href":"https:\/\/lghealthisystems.eu\/it\/wp-json\/wp\/v2\/product"}],"about":[{"href":"https:\/\/lghealthisystems.eu\/it\/wp-json\/wp\/v2\/types\/product"}],"replies":[{"embeddable":true,"href":"https:\/\/lghealthisystems.eu\/it\/wp-json\/wp\/v2\/comments?post=12225"}],"version-history":[{"count":1,"href":"https:\/\/lghealthisystems.eu\/it\/wp-json\/wp\/v2\/product\/12225\/revisions"}],"predecessor-version":[{"id":12484,"href":"https:\/\/lghealthisystems.eu\/it\/wp-json\/wp\/v2\/product\/12225\/revisions\/12484"}],"wp:featuredmedia":[{"embeddable":true,"href":"https:\/\/lghealthisystems.eu\/it\/wp-json\/wp\/v2\/media\/12322"}],"wp:attachment":[{"href":"https:\/\/lghealthisystems.eu\/it\/wp-json\/wp\/v2\/media?parent=12225"}],"wp:term":[{"taxonomy":"product_brand","embeddable":true,"href":"https:\/\/lghealthisystems.eu\/it\/wp-json\/wp\/v2\/product_brand?post=12225"},{"taxonomy":"product_cat","embeddable":true,"href":"https:\/\/lghealthisystems.eu\/it\/wp-json\/wp\/v2\/product_cat?post=12225"},{"taxonomy":"product_tag","embeddable":true,"href":"https:\/\/lghealthisystems.eu\/it\/wp-json\/wp\/v2\/product_tag?post=12225"}],"curies":[{"name":"wp","href":"https:\/\/api.w.org\/{rel}","templated":true}]}}